{"id":3521,"date":"2018-03-17T21:08:49","date_gmt":"2018-03-17T21:08:49","guid":{"rendered":"https:\/\/dev.amyshouston.com\/?page_id=3521"},"modified":"2025-05-17T19:09:28","modified_gmt":"2025-05-18T00:09:28","slug":"legado-de-venus","status":"publish","type":"page","link":"https:\/\/www.amyshouston.com\/es\/tratamientos-corporales-houston\/legado-de-venus\/","title":{"rendered":"Venus Legacy Contorno Corporal"},"content":{"rendered":"<div class=\"wpb-content-wrapper\"><div class=\"vc_row wpb_row vc_row-fluid dt-default\" style=\"margin-top: 0px;margin-bottom: 0px\"><div class=\"wpb_column vc_column_container vc_col-sm-12\"><div class=\"vc_column-inner vc_custom_1522270081828\"><div class=\"wpb_wrapper\">\n\t<div class=\"wpb_video_widget wpb_content_element vc_clearfix   vc_video-aspect-ratio-169 vc_video-el-width-100 vc_video-align-center\" >\n\t\t<div class=\"wpb_wrapper\">\n\t\t\t\n\t\t\t<div class=\"wpb_video_wrapper\"><iframe loading=\"lazy\" title=\"Venus Legacy\u2122 Tratamientos de est\u00e9tica corporal\" width=\"500\" height=\"281\" src=\"https:\/\/www.youtube.com\/embed\/-i_f_l6dd6E?feature=oembed\" frameborder=\"0\" allow=\"accelerometer; autoplay; clipboard-write; encrypted-media; gyroscope; picture-in-picture; web-share\" referrerpolicy=\"strict-origin-when-cross-origin\" allowfullscreen><\/iframe><\/div>\n\t\t<\/div>\n\t<\/div>\n<\/div><\/div><\/div><\/div><!-- Row Backgrounds --><div class=\"upb_color\" data-bg-override=\"0\" data-bg-color=\"#2a2d2c\" data-fadeout=\"\" data-fadeout-percentage=\"30\" data-parallax-content=\"\" data-parallax-content-sense=\"30\" data-row-effect-mobile-disable=\"true\" data-img-parallax-mobile-disable=\"true\" data-rtl=\"false\"  data-custom-vc-row=\"\"  data-vc=\"8.2\"  data-is_old_vc=\"\"  data-theme-support=\"\"   data-overlay=\"false\" data-overlay-color=\"\" data-overlay-pattern=\"\" data-overlay-pattern-opacity=\"\" data-overlay-pattern-size=\"\"    ><\/div><div class=\"vc_row wpb_row vc_row-fluid col-8 dt-default\" style=\"margin-top: 0px;margin-bottom: 0px\"><div class=\"wpb_column vc_column_container vc_col-sm-3\"><div class=\"vc_column-inner vc_custom_1521240167726\"><div class=\"wpb_wrapper\">\n\t<div  class=\"wpb_single_image wpb_content_element vc_align_left\">\n\t\t\n\t\t<figure class=\"wpb_wrapper vc_figure\">\n\t\t\t<div class=\"vc_single_image-wrapper   vc_box_border_grey\"><img loading=\"lazy\" decoding=\"async\" width=\"450\" height=\"1024\" src=\"https:\/\/www.amyshouston.com\/wp-content\/uploads\/2015\/10\/Venus-Legacy-amys-houston-banner3-1.png\" class=\"vc_single_image-img attachment-full\" alt=\"Reducci\u00f3n de la celulitis en Houston Im\u00e1genes relacionadas\" title=\"Infograf\u00eda sobre el legado de Venus\" srcset=\"https:\/\/www.amyshouston.com\/wp-content\/uploads\/2015\/10\/Venus-Legacy-amys-houston-banner3-1.png.webp 450w, https:\/\/www.amyshouston.com\/wp-content\/uploads\/2015\/10\/Venus-Legacy-amys-houston-banner3-1-132x300.png.webp 132w, https:\/\/www.amyshouston.com\/wp-content\/uploads\/2015\/10\/Venus-Legacy-amys-houston-banner3-1-132x300@2x.png 264w\" sizes=\"auto, (max-width: 450px) 100vw, 450px\"  data-dt-location=\"https:\/\/www.amyshouston.com\/es\/venus-legacy-amys-houston-banner3-2\/\" \/><\/div>\n\t\t<\/figure>\n\t<\/div>\n<\/div><\/div><\/div><div class=\"wpb_column vc_column_container vc_col-sm-5\"><div class=\"vc_column-inner vc_custom_1521243760360\"><div class=\"wpb_wrapper\"><div id=\"ultimate-heading-706169e369d329170\" class=\"uvc-heading ult-adjust-bottom-margin ultimate-heading-706169e369d329170 uvc-207\" data-hspacer=\"no_spacer\"  data-halign=\"left\" style=\"text-align:left\"><div class=\"uvc-heading-spacer no_spacer\" style=\"top\"><\/div><div class=\"uvc-main-heading ult-responsive\"  data-ultimate-target='.uvc-heading.ultimate-heading-706169e369d329170 h2'  data-responsive-json-new='{\"font-size\":\"desktop:26px;\",\"line-height\":\"desktop:36px;\"}' ><h2 style=\"--font-weight:theme;margin-bottom:30px;\">\u00bfQu\u00e9 es Venus Legacy(tm)?<\/h2><\/div><\/div>\n\t<div class=\"wpb_text_column wpb_content_element\" >\n\t\t<div class=\"wpb_wrapper\">\n\t\t\t<p>El Venus Legacy\u2122 es su mejor opci\u00f3n para la reducci\u00f3n de la celulitis Houston. Combate las zonas de grasa rebelde y la celulitis. Combina la tecnolog\u00eda VariPulse\u2122 con nuestra probada 3D\u2122 MP<sup>2\u00a0\u00a0<\/sup>que penetra m\u00e1s profundamente en la piel y produce un aumento de la circulaci\u00f3n sangu\u00ednea, un efecto tensor inmediato y una piel resplandeciente. Los resultados pueden apreciarse en tan solo un tratamiento, sin dolor, molestias ni tiempo de inactividad.<\/p>\n\n\t\t<\/div>\n\t<\/div>\n<div id=\"ultimate-heading-988769e369d329247\" class=\"uvc-heading ult-adjust-bottom-margin ultimate-heading-988769e369d329247 uvc-5858\" data-hspacer=\"no_spacer\"  data-halign=\"left\" style=\"text-align:left\"><div class=\"uvc-heading-spacer no_spacer\" style=\"top\"><\/div><div class=\"uvc-main-heading ult-responsive\"  data-ultimate-target='.uvc-heading.ultimate-heading-988769e369d329247 h2'  data-responsive-json-new='{\"font-size\":\"desktop:26px;\",\"line-height\":\"desktop:36px;\"}' ><h2 style=\"--font-weight:theme;margin-bottom:30px;\">C\u00f3mo funciona<\/h2><\/div><\/div>\n\t<div class=\"wpb_text_column wpb_content_element\" >\n\t\t<div class=\"wpb_wrapper\">\n\t\t\t<div class=\"wpb_text_column wpb_content_element\">\n<div class=\"wpb_wrapper\">\n<p>Utilizando tecnolog\u00eda patentada (MP)\u00b2, Venus Legacy utiliza radiofrecuencia multipolar y campos magn\u00e9ticos pulsados que producen una matriz de calor calmante y terap\u00e9utico sobre la piel. El estiramiento de la piel, la reducci\u00f3n de las arrugas y la reducci\u00f3n de la celulitis de Houston se producen porque la radiofrecuencia multipolar provoca una reacci\u00f3n t\u00e9rmica en el tejido que estimula la respuesta curativa natural del cuerpo. Esta respuesta restauradora hace que la piel se contraiga, consiguiendo una piel m\u00e1s tensa, suavizando las arrugas y reduciendo la celulitis.\n<\/p><\/div>\n<\/div>\n\n\t\t<\/div>\n\t<\/div>\n<\/div><\/div><\/div><div class=\"wpb_column vc_column_container vc_col-sm-4\"><div class=\"vc_column-inner\"><div class=\"wpb_wrapper\"><div id=\"ultimate-heading-538769e369d329382\" class=\"uvc-heading ult-adjust-bottom-margin ultimate-heading-538769e369d329382 uvc-3585\" data-hspacer=\"no_spacer\"  data-halign=\"left\" style=\"text-align:left\"><div class=\"uvc-heading-spacer no_spacer\" style=\"top\"><\/div><div class=\"uvc-main-heading ult-responsive\"  data-ultimate-target='.uvc-heading.ultimate-heading-538769e369d329382 h2'  data-responsive-json-new='{\"font-size\":\"desktop:26px;\",\"line-height\":\"desktop:36px;\"}' ><h2 style=\"--font-weight:theme;margin-bottom:30px;\">\u00bfQu\u00e9 esperar?<\/h2><\/div><\/div>\n\t<div class=\"wpb_text_column wpb_content_element\" >\n\t\t<div class=\"wpb_wrapper\">\n\t\t\t<div class=\"wpb_text_column wpb_content_element\">\n<div class=\"wpb_wrapper\">\n<p>Los tratamientos Venus Legacy\u2122 no son invasivos ni dolorosos, y muchos pacientes comparan el tratamiento con un masaje con piedras calientes. Los tratamientos duran aproximadamente 30-40 minutos dependiendo de la zona, puede esperar ver los resultados a medida que avanzan los tratamientos, un m\u00ednimo de 6 tratamientos para la cara, 8 en el cuello y 10 en el cuerpo.\n<\/p><\/div>\n<\/div>\n\n\t\t<\/div>\n\t<\/div>\n<div id=\"ultimate-heading-441769e369d329407\" class=\"uvc-heading ult-adjust-bottom-margin ultimate-heading-441769e369d329407 uvc-8741\" data-hspacer=\"no_spacer\"  data-halign=\"left\" style=\"text-align:left\"><div class=\"uvc-heading-spacer no_spacer\" style=\"top\"><\/div><div class=\"uvc-main-heading ult-responsive\"  data-ultimate-target='.uvc-heading.ultimate-heading-441769e369d329407 h2'  data-responsive-json-new='{\"font-size\":\"desktop:26px;\",\"line-height\":\"desktop:36px;\"}' ><h2 style=\"--font-weight:theme;margin-bottom:30px;\">Venus en los medios de comunicaci\u00f3n<\/h2><\/div><\/div>\n\t<div class=\"wpb_text_column wpb_content_element\" >\n\t\t<div class=\"wpb_wrapper\">\n\t\t\t<div class=\"wpb_text_column wpb_content_element\">\n<div class=\"wpb_wrapper\">\n<p>Los tratamientos Venus est\u00e1n dando una nueva forma a la industria de la belleza y la salud, y son los \u00faltimos en llegar a las superestrellas de Hollywood y a las celebridades de todo el mundo.<\/p>\n<p>Con m\u00e1s de 3.000.000 de tratamientos Venus realizados cada a\u00f1o en todo el mundo, pacientes de todo el mundo hablan maravillas de su eficacia y seguridad. Una vez que los experimente y vea los resultados, tambi\u00e9n le encantar\u00e1n. No se f\u00ede s\u00f3lo de nuestra palabra. Vea lo que dicen otras personas sobre los tratamientos Venus en los siguientes v\u00eddeos de testimonios.\n<\/p><\/div>\n<\/div>\n\n\t\t<\/div>\n\t<\/div>\n<\/div><\/div><\/div><div class=\"wpb_column vc_column_container vc_col-sm-12\"><div class=\"vc_column-inner\"><div class=\"wpb_wrapper\">\n\t<div class=\"wpb_text_column wpb_content_element\" >\n\t\t<div class=\"wpb_wrapper\">\n\t\t\t<p>Una revoluci\u00f3n en la est\u00e9tica m\u00e9dica. Venus Legacy\u2122 proporciona resultados cl\u00ednicamente probados, sin tiempo de inactividad, lo que le permite volver a sus actividades diarias de inmediato. Este tratamiento de la celulitis Houston ofrece una soluci\u00f3n no invasiva y sin dolor para reducir el volumen, el contorno de las zonas deseadas y apretar y revitalizar la piel.<\/p>\n\n\t\t<\/div>\n\t<\/div>\n<\/div><\/div><\/div><\/div><!-- Row Backgrounds --><div class=\"upb_color\" data-bg-override=\"0\" data-bg-color=\"#f9f4f1\" data-fadeout=\"\" data-fadeout-percentage=\"30\" data-parallax-content=\"\" data-parallax-content-sense=\"30\" data-row-effect-mobile-disable=\"true\" data-img-parallax-mobile-disable=\"true\" data-rtl=\"false\"  data-custom-vc-row=\"\"  data-vc=\"8.2\"  data-is_old_vc=\"\"  data-theme-support=\"\"   data-overlay=\"false\" data-overlay-color=\"\" data-overlay-pattern=\"\" data-overlay-pattern-opacity=\"\" data-overlay-pattern-size=\"\"    ><\/div><div class=\"vc_row wpb_row vc_row-fluid dt-default\" style=\"margin-top: 0px;margin-bottom: 0px\"><div class=\"wpb_column vc_column_container vc_col-sm-12\"><div class=\"vc_column-inner\"><div class=\"wpb_wrapper\"><div id=\"ultimate-heading-484669e369d3297cf\" class=\"uvc-heading ult-adjust-bottom-margin ultimate-heading-484669e369d3297cf uvc-3368\" data-hspacer=\"no_spacer\"  data-halign=\"center\" style=\"text-align:center\"><div class=\"uvc-heading-spacer no_spacer\" style=\"top\"><\/div><div class=\"uvc-main-heading ult-responsive\"  data-ultimate-target='.uvc-heading.ultimate-heading-484669e369d3297cf h2'  data-responsive-json-new='{\"font-size\":\"desktop:26px;\",\"line-height\":\"desktop:36px;\"}' ><h2 style=\"font-weight:bold;margin-top:35px;margin-bottom:35px;\">Preguntas frecuentes<\/h2><\/div><\/div><\/div><\/div><\/div><div class=\"wpb_column vc_column_container vc_col-sm-6\"><div class=\"vc_column-inner\"><div class=\"wpb_wrapper\"><div  class=\"vc_do_toggle vc_toggle vc_toggle_text_only vc_toggle_color_default  vc_toggle_size_md\"><div class=\"vc_toggle_title\"><h4>\u00bfQu\u00e9 \u00e9xito tienen los tratamientos?<\/h4><i class=\"vc_toggle_icon\"><\/i><\/div><div class=\"vc_toggle_content\"><p>La mayor\u00eda de los pacientes ven un resultado en tan s\u00f3lo tres tratamientos, sin embargo, aconsejamos una serie completa de seis tratamientos para la cara y de ocho a diez tratamientos en el cuerpo para obtener resultados \u00f3ptimos.<\/p>\n<\/div><\/div><div  class=\"vc_do_toggle vc_toggle vc_toggle_text_only vc_toggle_color_default  vc_toggle_size_md\"><div class=\"vc_toggle_title\"><h4>\u00bfHay dolor o molestias?<\/h4><i class=\"vc_toggle_icon\"><\/i><\/div><div class=\"vc_toggle_content\"><p>Nada. De hecho, la mayor\u00eda de los pacientes duermen la siesta o simplemente se relajan durante el tratamiento.  La sensaci\u00f3n es absolutamente agradable y c\u00e1lida.<\/p>\n<\/div><\/div><div  class=\"vc_do_toggle vc_toggle vc_toggle_text_only vc_toggle_color_default  vc_toggle_size_md\"><div class=\"vc_toggle_title\"><h4>\u00bfCu\u00e1ntos tratamientos necesito?<\/h4><i class=\"vc_toggle_icon\"><\/i><\/div><div class=\"vc_toggle_content\"><p>Para obtener resultados \u00f3ptimos, recomendamos 6 tratamientos para la cara o el cuello, y de 8 a 10 para el cuerpo. No es infrecuente que los pacientes sigan observando una mejora en su piel hasta tres meses despu\u00e9s de finalizar la serie de tratamientos.<\/p>\n<\/div><\/div><div  class=\"vc_do_toggle vc_toggle vc_toggle_text_only vc_toggle_color_default  vc_toggle_size_md\"><div class=\"vc_toggle_title\"><h4>\u00bfQu\u00e9 debo hacer para prepararme antes del tratamiento?<\/h4><i class=\"vc_toggle_icon\"><\/i><\/div><div class=\"vc_toggle_content\"><p>Absolutamente nada. Trae una almohada porque podr\u00edas quedarte dormido.<\/p>\n<\/div><\/div><div  class=\"vc_do_toggle vc_toggle vc_toggle_text_only vc_toggle_color_default  vc_toggle_size_md\"><div class=\"vc_toggle_title\"><h4>\u00bfHay tiempo de inactividad?<\/h4><i class=\"vc_toggle_icon\"><\/i><\/div><div class=\"vc_toggle_content\"><p>Con un tiempo de inactividad m\u00ednimo y m\u00ednimas molestias, un tratamiento en una zona puede durar menos de 30 minutos, lo que le permite disfrutar de los beneficios inmediatos y a largo plazo poco despu\u00e9s del tratamiento.<\/p>\n<\/div><\/div><div  class=\"vc_do_toggle vc_toggle vc_toggle_text_only vc_toggle_color_default  vc_toggle_size_md\"><div class=\"vc_toggle_title\"><h4>\u00bfC\u00f3mo es el tratamiento?<\/h4><i class=\"vc_toggle_icon\"><\/i><\/div><div class=\"vc_toggle_content\"><p>Mientras usted est\u00e1 c\u00f3modamente tumbado en una camilla de tratamiento, el t\u00e9cnico le aplicar\u00e1 un gel de tratamiento sobre la piel.  Esta loci\u00f3n ayuda a que el aplicador se deslice sobre la superficie de la piel.  Se seleccionar\u00e1 el aplicador del tama\u00f1o adecuado y el terapeuta comenzar\u00e1 a aplicar movimientos suaves y constantes sobre la superficie de la piel.  Esto se siente como un maravilloso masaje caliente.  Animamos a nuestros pacientes a cerrar los ojos y tomar este tiempo para relajarse y disfrutar del tiempo tranquilo y centrado para ellos.<\/p>\n<\/div><\/div><div  class=\"vc_do_toggle vc_toggle vc_toggle_text_only vc_toggle_color_default  vc_toggle_size_md\"><div class=\"vc_toggle_title\"><h4>\u00bfC\u00f3mo me sentir\u00e9 despu\u00e9s del tratamiento?<\/h4><i class=\"vc_toggle_icon\"><\/i><\/div><div class=\"vc_toggle_content\"><p>La zona estar\u00e1 relajada y caliente.  A veces la piel se vuelve ligeramente rosada.  El calor y el tono rosado no duran m\u00e1s de una hora y, en la mayor\u00eda de los casos, se describen como un resplandor en la piel.<\/p>\n<\/div><\/div><div  class=\"vc_do_toggle vc_toggle vc_toggle_text_only vc_toggle_color_default  vc_toggle_size_md\"><div class=\"vc_toggle_title\"><h4>\u00bfSon reales los resultados?<\/h4><i class=\"vc_toggle_icon\"><\/i><\/div><div class=\"vc_toggle_content\"><p>Muy real.  S\u00f3lo utilizamos fotos de antes y despu\u00e9s de pacientes reales con resultados t\u00edpicos.<\/p>\n<\/div><\/div><\/div><\/div><\/div><div class=\"wpb_column vc_column_container vc_col-sm-6\"><div class=\"vc_column-inner\"><div class=\"wpb_wrapper\">\n\t<div  class=\"wpb_single_image wpb_content_element vc_align_center\">\n\t\t\n\t\t<figure class=\"wpb_wrapper vc_figure\">\n\t\t\t<div class=\"vc_single_image-wrapper   vc_box_border_grey\"><img loading=\"lazy\" decoding=\"async\" width=\"800\" height=\"600\" src=\"https:\/\/www.amyshouston.com\/wp-content\/uploads\/2015\/10\/sofia-faq.png\" class=\"vc_single_image-img attachment-large\" alt=\"Sofia Vergara Reducci\u00f3n de celulitis\" title=\"El secreto de Sof\u00eda Vergara&#039;para una piel impecable\" srcset=\"https:\/\/www.amyshouston.com\/wp-content\/uploads\/2015\/10\/sofia-faq.png.webp 800w, https:\/\/www.amyshouston.com\/wp-content\/uploads\/2015\/10\/sofia-faq-300x225@2x.png 600w, https:\/\/www.amyshouston.com\/wp-content\/uploads\/2015\/10\/sofia-faq-300x225.png.webp 300w, https:\/\/www.amyshouston.com\/wp-content\/uploads\/2015\/10\/sofia-faq-768x576.png.webp 768w\" sizes=\"auto, (max-width: 800px) 100vw, 800px\"  data-dt-location=\"https:\/\/www.amyshouston.com\/es\/sofia-faq\/\" \/><\/div>\n\t\t<\/figure>\n\t<\/div>\n<\/div><\/div><\/div><\/div><!-- Row Backgrounds --><div class=\"upb_color\" data-bg-override=\"0\" data-bg-color=\"#f9f4f1\" data-fadeout=\"\" data-fadeout-percentage=\"30\" data-parallax-content=\"\" data-parallax-content-sense=\"30\" data-row-effect-mobile-disable=\"true\" data-img-parallax-mobile-disable=\"true\" data-rtl=\"false\"  data-custom-vc-row=\"\"  data-vc=\"8.2\"  data-is_old_vc=\"\"  data-theme-support=\"\"   data-overlay=\"false\" data-overlay-color=\"\" data-overlay-pattern=\"\" data-overlay-pattern-opacity=\"\" data-overlay-pattern-size=\"\"    ><\/div>\n<\/div>","protected":false},"excerpt":{"rendered":"<p>\u00bfQu\u00e9 es Venus Legacy(tm)? El Venus Legacy\u2122 es su mejor opci\u00f3n para la reducci\u00f3n de la celulitis en Houston. Combatiendo las \u00e1reas de grasa obstinada y la celulitis. Combina la tecnolog\u00eda VariPulse\u2122 con nuestra probada energ\u00eda 3D\u2122 MP2, haciendo que viaje m\u00e1s profundamente en la piel resultando en un aumento de la circulaci\u00f3n sangu\u00ednea, relleno inmediato y piel brillante. Los resultados pueden verse en tan solo...<\/p>","protected":false},"author":2,"featured_media":0,"parent":2673,"menu_order":5,"comment_status":"closed","ping_status":"closed","template":"","meta":{"footnotes":""},"class_list":["post-3521","page","type-page","status-publish","hentry","description-off"],"_links":{"self":[{"href":"https:\/\/www.amyshouston.com\/es\/wp-json\/wp\/v2\/pages\/3521","targetHints":{"allow":["GET"]}}],"collection":[{"href":"https:\/\/www.amyshouston.com\/es\/wp-json\/wp\/v2\/pages"}],"about":[{"href":"https:\/\/www.amyshouston.com\/es\/wp-json\/wp\/v2\/types\/page"}],"author":[{"embeddable":true,"href":"https:\/\/www.amyshouston.com\/es\/wp-json\/wp\/v2\/users\/2"}],"replies":[{"embeddable":true,"href":"https:\/\/www.amyshouston.com\/es\/wp-json\/wp\/v2\/comments?post=3521"}],"version-history":[{"count":5,"href":"https:\/\/www.amyshouston.com\/es\/wp-json\/wp\/v2\/pages\/3521\/revisions"}],"predecessor-version":[{"id":278359,"href":"https:\/\/www.amyshouston.com\/es\/wp-json\/wp\/v2\/pages\/3521\/revisions\/278359"}],"up":[{"embeddable":true,"href":"https:\/\/www.amyshouston.com\/es\/wp-json\/wp\/v2\/pages\/2673"}],"wp:attachment":[{"href":"https:\/\/www.amyshouston.com\/es\/wp-json\/wp\/v2\/media?parent=3521"}],"curies":[{"name":"wp","href":"https:\/\/api.w.org\/{rel}","templated":true}]}}