{"id":3505,"date":"2018-03-16T21:47:00","date_gmt":"2018-03-16T21:47:00","guid":{"rendered":"https:\/\/dev.amyshouston.com\/skincare-houston\/visia-skin-complexion-analysis-2-2\/"},"modified":"2018-03-30T20:40:12","modified_gmt":"2018-03-30T20:40:12","slug":"analisis-visia-de-la-tez","status":"publish","type":"page","link":"https:\/\/www.amyshouston.com\/es\/cuidado-de-la-piel-houston\/analisis-visia-de-la-tez\/","title":{"rendered":"An\u00e1lisis Visia de la tez"},"content":{"rendered":"<div class=\"wpb-content-wrapper\"><div class=\"vc_row wpb_row vc_row-fluid dt-default\" style=\"margin-top: 0px;margin-bottom: 0px\"><div class=\"wpb_column vc_column_container vc_col-sm-8\" id=\"col-8\"><div class=\"vc_column-inner vc_custom_1519336189777\"><div class=\"wpb_wrapper\"><div id=\"ultimate-heading-600569e37fd3da90a\" class=\"uvc-heading ult-adjust-bottom-margin ultimate-heading-600569e37fd3da90a uvc-5633 title-heading\" data-hspacer=\"no_spacer\"  data-halign=\"left\" style=\"text-align:left\"><div class=\"uvc-heading-spacer no_spacer\" style=\"top\"><\/div><div class=\"uvc-main-heading ult-responsive\"  data-ultimate-target='.uvc-heading.ultimate-heading-600569e37fd3da90a h2'  data-responsive-json-new='{\"font-size\":\"desktop:26px;mobile_landscape:22px;mobile:20px;\",\"line-height\":\"desktop:36px;mobile_landscape:30px;mobile:28px;\"}' ><h2 style=\"--font-weight:theme;margin-top:20px;margin-bottom:20px;\">Redefinir la visi\u00f3n del cuidado de la piel<\/h2><\/div><div class=\"uvc-sub-heading ult-responsive\"  data-ultimate-target='.uvc-heading.ultimate-heading-600569e37fd3da90a .uvc-sub-heading '  data-responsive-json-new='{\"font-size\":\"desktop:16px;mobile_landscape:14px;mobile:14px;\",\"line-height\":\"desktop:26px;mobile_landscape:24px;mobile:24px;\"}'  style=\"font-weight:normal;\"><\/p>\n<p class=\"p1 sub-heading\"><span class=\"s1\">Nos enorgullecemos de satisfacer sus necesidades individuales. El An\u00e1lisis de Complexi\u00f3n Cut\u00e1nea Visia es una evaluaci\u00f3n tecnol\u00f3gica de su complexi\u00f3n \u00fanica. <\/span><\/p>\n<p class=\"p1 sub-heading\"><span class=\"s1\">Mediante una combinaci\u00f3n de sabidur\u00eda ancestral y tecnolog\u00eda de vanguardia, trabajaremos juntos para crear un plan de tratamiento de precisi\u00f3n que combine la experiencia de nuestros profesionales con los resultados deseados. Esta evaluaci\u00f3n garantizar\u00e1 que su piel reciba el mejor cuidado individualizado disponible.<\/span><\/p>\n<p class=\"p1 sub-heading\"><span class=\"s1\">Adem\u00e1s de crear una evaluaci\u00f3n articulada de su cutis, esta tecnolog\u00eda tiene la capacidad de predecir el futuro de la salud de su piel a medida que envejece.<\/span><\/p>\n<p><\/div><\/div><\/div><\/div><\/div><div class=\"wpb_column vc_column_container vc_col-sm-4\" id=\"col-4\"><div class=\"vc_column-inner\"><div class=\"wpb_wrapper\">\n\t<div  class=\"wpb_single_image wpb_content_element vc_align_center  vc_custom_1519347645553  visia-image\">\n\t\t\n\t\t<figure class=\"wpb_wrapper vc_figure\">\n\t\t\t<div class=\"vc_single_image-wrapper   vc_box_border_grey\"><img loading=\"lazy\" decoding=\"async\" width=\"637\" height=\"419\" src=\"https:\/\/www.amyshouston.com\/wp-content\/uploads\/2018\/02\/visia-complexion-analysis-houston.png\" class=\"vc_single_image-img attachment-full\" alt=\"\" title=\"visia-complexion-analysis-houston\" srcset=\"https:\/\/www.amyshouston.com\/wp-content\/uploads\/2018\/02\/visia-complexion-analysis-houston.png 637w, https:\/\/www.amyshouston.com\/wp-content\/uploads\/2018\/02\/visia-complexion-analysis-houston-300x197@2x.png 600w, https:\/\/www.amyshouston.com\/wp-content\/uploads\/2018\/02\/visia-complexion-analysis-houston-300x197.png 300w\" sizes=\"auto, (max-width: 637px) 100vw, 637px\" data-dt-location=\"https:\/\/www.amyshouston.com\/es\/cuidado-de-la-piel-houston\/visia-complexion-analysis-houston\/\"><\/div>\n\t\t<\/figure>\n\t<\/div>\n<\/div><\/div><\/div><\/div><div class=\"vc_row wpb_row vc_row-fluid dt-default\" style=\"margin-top: 0px;margin-bottom: 0px\"><div class=\"wpb_column vc_column_container vc_col-sm-12\"><div class=\"vc_column-inner\"><div class=\"wpb_wrapper\"><div id=\"ultimate-heading-459369e37fd3db99d\" class=\"uvc-heading ult-adjust-bottom-margin ultimate-heading-459369e37fd3db99d uvc-4871 title-heading\" data-hspacer=\"no_spacer\"  data-halign=\"center\" style=\"text-align:center\"><div class=\"uvc-heading-spacer no_spacer\" style=\"top\"><\/div><div class=\"uvc-main-heading ult-responsive\"  data-ultimate-target='.uvc-heading.ultimate-heading-459369e37fd3db99d h1'  data-responsive-json-new='{\"font-size\":\"desktop:26px;mobile_landscape:22px;mobile:20px;\",\"line-height\":\"desktop:36px;mobile_landscape:30px;mobile:28px;\"}' ><h1 style=\"--font-weight:theme;margin-top:25px;margin-bottom:25px;\">An\u00e1lisis cuantitativo y evaluaci\u00f3n visual<\/h1><\/div><\/div><\/div><\/div><\/div><div class=\"wpb_column vc_column_container vc_col-sm-3\"><div class=\"vc_column-inner\"><div class=\"wpb_wrapper\">\n<div id=\"interactive-banner-1-wrap-8820\" class=\"ult-banner-block ult-adjust-bottom-margin ult-bb-none  banner-style01\"   style=\"margin-bottom:20px;\">\n\t<img decoding=\"async\" src=\"https:\/\/tara.amyshouston.com\/spio\/ret_img,q_cdnize,to_avif,s_avif\/www.amyshouston.com\/wp-content\/uploads\/2018\/02\/card-spots.jpg\" alt=\"null\" title=\"\">\n\t<h4  data-ultimate-target='#interactive-banner-1-wrap-8820 .bb-top-title '  data-responsive-json-new='{\"font-size\":\"\",\"line-height\":\"\"}'  class=\"title-center bb-top-title ult-responsive\" style=\"font-weight:bold;background:#242424;color:#ffffff;\">Puntos<\/h4>\n\t<div class=\"mask opaque-background\" style=\"background:#242424;\">\n\t\t<div  data-ultimate-target='#interactive-banner-1-wrap-8820 .bb-description'  data-responsive-json-new='{\"font-size\":\"\",\"line-height\":\"\"}'  class=\"bb-description ult-responsive\" style=\"font-weight:normal;color:#ffffff;\">Marcas cut\u00e1neas t\u00edpicamente marrones o rojizas, distinguibles por su color y contraste con el tono de la piel de fondo. Las manchas var\u00edan en tama\u00f1o y forma, y normalmente son visibles a simple vista.<\/div>\n\t<\/div>\n<\/div><\/div><\/div><\/div><div class=\"wpb_column vc_column_container vc_col-sm-3\"><div class=\"vc_column-inner\"><div class=\"wpb_wrapper\">\n<div id=\"interactive-banner-1-wrap-8262\" class=\"ult-banner-block ult-adjust-bottom-margin ult-bb-none  banner-style01\"   style=\"margin-bottom:20px;\">\n\t<img decoding=\"async\" src=\"https:\/\/tara.amyshouston.com\/spio\/ret_img,q_cdnize,to_avif,s_avif\/www.amyshouston.com\/wp-content\/uploads\/2018\/02\/card-wrinkles.jpg\" alt=\"null\" title=\"\">\n\t<h4  data-ultimate-target='#interactive-banner-1-wrap-8262 .bb-top-title '  data-responsive-json-new='{\"font-size\":\"\",\"line-height\":\"\"}'  class=\"title-center bb-top-title ult-responsive\" style=\"font-weight:bold;background:#242424;color:#ffffff;\">Arrugas<\/h4>\n\t<div class=\"mask opaque-background\" style=\"background:#242424;\">\n\t\t<div  data-ultimate-target='#interactive-banner-1-wrap-8262 .bb-description'  data-responsive-json-new='{\"font-size\":\"\",\"line-height\":\"\"}'  class=\"bb-description ult-responsive\" style=\"font-weight:normal;color:#ffffff;\">Surcos, pliegues o arrugas en la piel que pueden aumentar como consecuencia de la exposici\u00f3n al sol y que se asocian a una disminuci\u00f3n de la elasticidad cut\u00e1nea.<\/div>\n\t<\/div>\n<\/div><\/div><\/div><\/div><div class=\"wpb_column vc_column_container vc_col-sm-3\"><div class=\"vc_column-inner\"><div class=\"wpb_wrapper\">\n<div id=\"interactive-banner-1-wrap-5962\" class=\"ult-banner-block ult-adjust-bottom-margin ult-bb-none  banner-style01\"   style=\"margin-bottom:20px;\">\n\t<img decoding=\"async\" src=\"https:\/\/tara.amyshouston.com\/spio\/ret_img,q_cdnize,to_avif,s_avif\/www.amyshouston.com\/wp-content\/uploads\/2018\/02\/card-spots.jpg\" alt=\"null\" title=\"\">\n\t<h4  data-ultimate-target='#interactive-banner-1-wrap-5962 .bb-top-title '  data-responsive-json-new='{\"font-size\":\"\",\"line-height\":\"\"}'  class=\"title-center bb-top-title ult-responsive\" style=\"font-weight:bold;background:#242424;color:#ffffff;\">Texturas<\/h4>\n\t<div class=\"mask opaque-background\" style=\"background:#242424;\">\n\t\t<div  data-ultimate-target='#interactive-banner-1-wrap-5962 .bb-description'  data-responsive-json-new='{\"font-size\":\"\",\"line-height\":\"\"}'  class=\"bb-description ult-responsive\" style=\"font-weight:normal;color:#ffffff;\">Zonas elevadas y deprimidas que indican variaciones en la superficie cut\u00e1nea que afectan a la tersura de la piel.<\/div>\n\t<\/div>\n<\/div><\/div><\/div><\/div><div class=\"wpb_column vc_column_container vc_col-sm-3\"><div class=\"vc_column-inner\"><div class=\"wpb_wrapper\">\n<div id=\"interactive-banner-1-wrap-7145\" class=\"ult-banner-block ult-adjust-bottom-margin ult-bb-none  banner-style01\"   style=\"margin-bottom:20px;\">\n\t<img decoding=\"async\" src=\"https:\/\/tara.amyshouston.com\/spio\/ret_img,q_cdnize,to_avif,s_avif\/www.amyshouston.com\/wp-content\/uploads\/2018\/02\/card-spots.jpg\" alt=\"null\" title=\"\">\n\t<h4  data-ultimate-target='#interactive-banner-1-wrap-7145 .bb-top-title '  data-responsive-json-new='{\"font-size\":\"\",\"line-height\":\"\"}'  class=\"title-center bb-top-title ult-responsive\" style=\"font-weight:bold;background:#242424;color:#ffffff;\">Poros<\/h4>\n\t<div class=\"mask opaque-background\" style=\"background:#242424;\">\n\t\t<div  data-ultimate-target='#interactive-banner-1-wrap-7145 .bb-description'  data-responsive-json-new='{\"font-size\":\"\",\"line-height\":\"\"}'  class=\"bb-description ult-responsive\" style=\"font-weight:normal;color:#ffffff;\">Aberturas superficiales circulares de los conductos de las gl\u00e1ndulas sudor\u00edparas. Debido al sombreado, los poros dilatados parecen m\u00e1s oscuros que el tono de piel circundante y se identifican por el color m\u00e1s oscuro y la forma circular.<\/div>\n\t<\/div>\n<\/div><\/div><\/div><\/div><div class=\"wpb_column vc_column_container vc_col-sm-3\"><div class=\"vc_column-inner\"><div class=\"wpb_wrapper\">\n<div id=\"interactive-banner-1-wrap-4646\" class=\"ult-banner-block ult-adjust-bottom-margin ult-bb-none  banner-style01\"   style=\"margin-bottom:10px;\">\n\t<img decoding=\"async\" src=\"https:\/\/tara.amyshouston.com\/spio\/ret_img,q_cdnize,to_avif,s_avif\/www.amyshouston.com\/wp-content\/uploads\/2018\/02\/card-uv-spots.jpg\" alt=\"null\" title=\"\">\n\t<h4  data-ultimate-target='#interactive-banner-1-wrap-4646 .bb-top-title '  data-responsive-json-new='{\"font-size\":\"\",\"line-height\":\"\"}'  class=\"title-center bb-top-title ult-responsive\" style=\"font-weight:bold;background:#242424;color:#ffffff;\">Manchas UV<\/h4>\n\t<div class=\"mask opaque-background\" style=\"background:#242424;\">\n\t\t<div  data-ultimate-target='#interactive-banner-1-wrap-4646 .bb-description'  data-responsive-json-new='{\"font-size\":\"\",\"line-height\":\"\"}'  class=\"bb-description ult-responsive\" style=\"font-weight:normal;color:#ffffff;\">La absorci\u00f3n de la luz UV por la melanina epid\u00e9rmica justo por debajo de la superficie de la piel da lugar a la visualizaci\u00f3n y detecci\u00f3n de manchas UV que pueden ser consecuencia de da\u00f1os solares.<\/div>\n\t<\/div>\n<\/div><\/div><\/div><\/div><div class=\"wpb_column vc_column_container vc_col-sm-3\"><div class=\"vc_column-inner\"><div class=\"wpb_wrapper\">\n<div id=\"interactive-banner-1-wrap-9845\" class=\"ult-banner-block ult-adjust-bottom-margin ult-bb-none  banner-style01\"   style=\"margin-bottom:10px;\">\n\t<img decoding=\"async\" src=\"https:\/\/tara.amyshouston.com\/spio\/ret_img,q_cdnize,to_avif,s_avif\/www.amyshouston.com\/wp-content\/uploads\/2018\/02\/card-brown-spots.jpg\" alt=\"null\" title=\"\">\n\t<h4  data-ultimate-target='#interactive-banner-1-wrap-9845 .bb-top-title '  data-responsive-json-new='{\"font-size\":\"\",\"line-height\":\"\"}'  class=\"title-center bb-top-title ult-responsive\" style=\"font-weight:bold;background:#242424;color:#ffffff;\">Manchas marrones<\/h4>\n\t<div class=\"mask opaque-background\" style=\"background:#242424;\">\n\t\t<div  data-ultimate-target='#interactive-banner-1-wrap-9845 .bb-description'  data-responsive-json-new='{\"font-size\":\"\",\"line-height\":\"\"}'  class=\"bb-description ult-responsive\" style=\"font-weight:normal;color:#ffffff;\">Pigmentaci\u00f3n y decoloraci\u00f3n sobre y bajo la superficie de la piel.<\/div>\n\t<\/div>\n<\/div><\/div><\/div><\/div><div class=\"wpb_column vc_column_container vc_col-sm-3\"><div class=\"vc_column-inner\"><div class=\"wpb_wrapper\">\n<div id=\"interactive-banner-1-wrap-7693\" class=\"ult-banner-block ult-adjust-bottom-margin ult-bb-none  banner-style01\"   style=\"margin-bottom:10px;\">\n\t<img decoding=\"async\" src=\"https:\/\/tara.amyshouston.com\/spio\/ret_img,q_cdnize,to_avif,s_avif\/www.amyshouston.com\/wp-content\/uploads\/2018\/02\/card-red-areas.jpg\" alt=\"null\" title=\"\">\n\t<h4  data-ultimate-target='#interactive-banner-1-wrap-7693 .bb-top-title '  data-responsive-json-new='{\"font-size\":\"\",\"line-height\":\"\"}'  class=\"title-center bb-top-title ult-responsive\" style=\"font-weight:bold;background:#242424;color:#ffffff;\">Leer \u00e1reas<\/h4>\n\t<div class=\"mask opaque-background\" style=\"background:#242424;\">\n\t\t<div  data-ultimate-target='#interactive-banner-1-wrap-7693 .bb-description'  data-responsive-json-new='{\"font-size\":\"\",\"line-height\":\"\"}'  class=\"bb-description ult-responsive\" style=\"font-weight:normal;color:#ffffff;\">Zonas concentradas de color rojo m\u00e1s oscuro, que pueden estar relacionadas con diversas afecciones, como inflamaci\u00f3n o ara\u00f1as vasculares.<\/div>\n\t<\/div>\n<\/div><\/div><\/div><\/div><div class=\"wpb_column vc_column_container vc_col-sm-3\"><div class=\"vc_column-inner\"><div class=\"wpb_wrapper\">\n<div id=\"interactive-banner-1-wrap-8477\" class=\"ult-banner-block ult-adjust-bottom-margin ult-bb-none  banner-style01\"   style=\"margin-bottom:10px;\">\n\t<img decoding=\"async\" src=\"https:\/\/tara.amyshouston.com\/spio\/ret_img,q_cdnize,to_avif,s_avif\/www.amyshouston.com\/wp-content\/uploads\/2018\/02\/card-porphyrins.jpg\" alt=\"null\" title=\"\">\n\t<h4  data-ultimate-target='#interactive-banner-1-wrap-8477 .bb-top-title '  data-responsive-json-new='{\"font-size\":\"\",\"line-height\":\"\"}'  class=\"title-center bb-top-title ult-responsive\" style=\"font-weight:bold;background:#242424;color:#ffffff;\">Porfirinas<\/h4>\n\t<div class=\"mask opaque-background\" style=\"background:#242424;\">\n\t\t<div  data-ultimate-target='#interactive-banner-1-wrap-8477 .bb-description'  data-responsive-json-new='{\"font-size\":\"\",\"line-height\":\"\"}'  class=\"bb-description ult-responsive\" style=\"font-weight:normal;color:#ffffff;\">Excreciones bacterianas que pueden alojarse en los poros.<\/div>\n\t<\/div>\n<\/div><\/div><\/div><\/div><div class=\"wpb_column vc_column_container vc_col-sm-6\"><div class=\"vc_column-inner vc_custom_1519350609705\"><div class=\"wpb_wrapper\"><div id=\"ultimate-heading-243169e37fd3dcc7e\" class=\"uvc-heading ult-adjust-bottom-margin ultimate-heading-243169e37fd3dcc7e uvc-2067 title-heading\" data-hspacer=\"no_spacer\"  data-halign=\"left\" style=\"text-align:left\"><div class=\"uvc-heading-spacer no_spacer\" style=\"top\"><\/div><div class=\"uvc-sub-heading ult-responsive\"  data-ultimate-target='.uvc-heading.ultimate-heading-243169e37fd3dcc7e .uvc-sub-heading '  data-responsive-json-new='{\"font-size\":\"desktop:16px;mobile_landscape:14px;mobile:14px;\",\"line-height\":\"desktop:26px;mobile_landscape:24px;mobile:24px;\"}'  style=\"font-weight:normal;\"><\/p>\n<p class=\"p1 sub-heading\">La iluminaci\u00f3n IntelliFlash\u00ae, de polarizaci\u00f3n cruzada y UV se utiliza para registrar y medir las condiciones superficiales y subsuperficiales de la piel. La fotograf\u00eda UV proporciona el conjunto de datos m\u00e1s completo disponible para la evaluaci\u00f3n y el an\u00e1lisis del da\u00f1o solar, incluidas las im\u00e1genes de fluorescencia UV para revelar las porfirinas.<\/p>\n<p><\/div><\/div><\/div><\/div><\/div><div class=\"wpb_column vc_column_container vc_col-sm-6\"><div class=\"vc_column-inner vc_custom_1519350619950\"><div class=\"wpb_wrapper\"><div id=\"ultimate-heading-773169e37fd3dcd3b\" class=\"uvc-heading ult-adjust-bottom-margin ultimate-heading-773169e37fd3dcd3b uvc-668 title-heading\" data-hspacer=\"no_spacer\"  data-halign=\"left\" style=\"text-align:left\"><div class=\"uvc-heading-spacer no_spacer\" style=\"top\"><\/div><div class=\"uvc-sub-heading ult-responsive\"  data-ultimate-target='.uvc-heading.ultimate-heading-773169e37fd3dcd3b .uvc-sub-heading '  data-responsive-json-new='{\"font-size\":\"desktop:16px;mobile_landscape:14px;mobile:14px;\",\"line-height\":\"desktop:26px;mobile_landscape:24px;mobile:24px;\"}'  style=\"font-weight:normal;\"><\/p>\n<p class=\"p1 sub-heading\">La tecnolog\u00eda RBX\u00ae de Canfield separa las firmas de color \u00fanicas de los componentes rojos y marrones de la piel para una visualizaci\u00f3n inigualable de las afecciones que dan lugar a concentraci\u00f3n de color, como las ara\u00f1as vasculares, la hiperpigmentaci\u00f3n, la inflamaci\u00f3n y otras afecciones.<\/p>\n<p><\/div><\/div><\/div><\/div><\/div><\/div><!-- Row Backgrounds --><div class=\"upb_color\" data-bg-override=\"0\" data-bg-color=\"#ffffff\" data-fadeout=\"\" data-fadeout-percentage=\"30\" data-parallax-content=\"\" data-parallax-content-sense=\"30\" data-row-effect-mobile-disable=\"true\" data-img-parallax-mobile-disable=\"true\" data-rtl=\"false\"  data-custom-vc-row=\"\"  data-vc=\"8.2\"  data-is_old_vc=\"\"  data-theme-support=\"\"   data-overlay=\"false\" data-overlay-color=\"\" data-overlay-pattern=\"\" data-overlay-pattern-opacity=\"\" data-overlay-pattern-size=\"\"    ><\/div><div class=\"vc_row wpb_row vc_row-fluid dt-default\" style=\"margin-top: 0px;margin-bottom: 0px\"><div class=\"wpb_column vc_column_container vc_col-sm-12\"><div class=\"vc_column-inner\"><div class=\"wpb_wrapper\"><div id=\"ultimate-heading-278769e37fd3dcfbf\" class=\"uvc-heading ult-adjust-bottom-margin ultimate-heading-278769e37fd3dcfbf uvc-5112\" data-hspacer=\"no_spacer\"  data-halign=\"center\" style=\"text-align:center\"><div class=\"uvc-heading-spacer no_spacer\" style=\"top\"><\/div><div class=\"uvc-main-heading ult-responsive\"  data-ultimate-target='.uvc-heading.ultimate-heading-278769e37fd3dcfbf h2'  data-responsive-json-new='{\"font-size\":\"desktop:24px;mobile_landscape:20px;mobile:18px;\",\"line-height\":\"desktop:34px;mobile_landscape:30px;mobile:28px;\"}' ><h2 style=\"font-weight:bold;margin-top:20px;margin-bottom:30px;\">Preguntas frecuentes<\/h2><\/div><\/div><div  class=\"vc_do_toggle vc_toggle vc_toggle_text_only vc_toggle_color_default  vc_toggle_size_md vc_toggle_active  faq-text\"><div class=\"vc_toggle_title\"><h4>\u00bfQu\u00e9 es exactamente el \"An\u00e1lisis Visia de la Complexi\u00f3n Cut\u00e1nea\"?<\/h4><i class=\"vc_toggle_icon\"><\/i><\/div><div class=\"vc_toggle_content\"><p class=\"p1 faq-content\"><span class=\"s1\">El uso de c\u00e1maras avanzadas y software l\u00edder, la c\u00e1mara computarizada utiliza polarizada cruzada, UV, identifica las oportunidades para mejorar su superficie y subsuperficie de la piel. A continuaci\u00f3n, se sentar\u00e1 con uno de nuestros esteticistas amable que le explicar\u00e1 los resultados, y discutir las diversas opciones de tratamiento disponibles para usted.<\/span><\/p>\n<\/div><\/div><div  class=\"vc_do_toggle vc_toggle vc_toggle_text_only vc_toggle_color_default  vc_toggle_size_md vc_toggle_active  faq-text\"><div class=\"vc_toggle_title\"><h4>\u00bfPor qu\u00e9 necesito un an\u00e1lisis del cutis?<\/h4><i class=\"vc_toggle_icon\"><\/i><\/div><div class=\"vc_toggle_content\"><p class=\"p1 faq-content\"><span class=\"s1\">Queremos que experimente el mayor beneficio con el menor esfuerzo posible. Este proceso crea una l\u00ednea de base objetiva de la salud de su piel mediante la medici\u00f3n de seis categor\u00edas de salud de la piel (manchas, arrugas, textura, poros, manchas UV, manchas marrones, \u00e1reas rojas, porfirinas), a partir de ah\u00ed se puede trazar un camino exacto para lograr una piel sana y hermosa.<\/span><\/p>\n<\/div><\/div><div  class=\"vc_do_toggle vc_toggle vc_toggle_text_only vc_toggle_color_default  vc_toggle_size_md vc_toggle_active  faq-text\"><div class=\"vc_toggle_title\"><h4>\u00bfDuele el proceso y cu\u00e1nto dura?<\/h4><i class=\"vc_toggle_icon\"><\/i><\/div><div class=\"vc_toggle_content\"><p class=\"p1 faq-content\"><span class=\"s1\">Visia es sencillo, indoloro, no invasivo y no requiere soluciones, cremas ni lociones. La toma de im\u00e1genes dura unos minutos.<\/span><\/p>\n<\/div><\/div><div  class=\"vc_do_toggle vc_toggle vc_toggle_text_only vc_toggle_color_default  vc_toggle_size_md vc_toggle_active  faq-text\"><div class=\"vc_toggle_title\"><h4>\u00bfTendr\u00e9 que repetir el An\u00e1lisis Visia de la Complexi\u00f3n Cut\u00e1nea?<\/h4><i class=\"vc_toggle_icon\"><\/i><\/div><div class=\"vc_toggle_content\"><p class=\"p1 faq-content\"><span class=\"s1\">Depende completamente de usted. A la mayor\u00eda de nuestros clientes les resulta \u00fatil y emocionante utilizar el an\u00e1lisis para medir el progreso de la mejora de su piel. Si hay problemas subyacentes, puede obtener informaci\u00f3n sobre la eficacia de su plan de tratamiento personal. Si algo no est\u00e1 dando buenos resultados, encontraremos el tratamiento que s\u00ed lo haga.<\/span><\/p>\n<\/div><\/div><div  class=\"vc_do_toggle vc_toggle vc_toggle_text_only vc_toggle_color_default  vc_toggle_size_md vc_toggle_active  faq-text\"><div class=\"vc_toggle_title\"><h4>\u00bfCu\u00e1nto cuesta?<\/h4><i class=\"vc_toggle_icon\"><\/i><\/div><div class=\"vc_toggle_content\"><p class=\"p2 faq-content\"><span class=\"s1\">Cada An\u00e1lisis Visia cuesta $60. Ese precio incluye la exploraci\u00f3n, as\u00ed como el uno-a-uno con uno de nuestros esteticistas expertos para revisar los resultados y explicar la gran cantidad de t\u00e9cnicas y opciones que tenemos para comenzar su viaje a una piel mejor.<\/span><\/p>\n<\/div><\/div><div  class=\"vc_do_toggle vc_toggle vc_toggle_text_only vc_toggle_color_default  vc_toggle_size_md vc_toggle_active  faq-text\"><div class=\"vc_toggle_title\"><h4>\u00bfC\u00f3mo empezar?<\/h4><i class=\"vc_toggle_icon\"><\/i><\/div><div class=\"vc_toggle_content\"><p class=\"p1 faq-content\"><span class=\"s1\">Si usted est\u00e1 interesado en aprender m\u00e1s acerca de la salud de su cutis, as\u00ed como las mejores maneras que usted puede curar y mantener una piel hermosa, programe su cita hoy con nosotros llamando al\u00a0<a href=\"tel:+12815891888\">281-589-1888<\/a>.<\/span><\/p>\n<\/div><\/div><\/div><\/div><\/div><\/div>\n<\/div>","protected":false},"excerpt":{"rendered":"<p>Redefinir la visi\u00f3n del cuidado de la piel Nos enorgullecemos de atender sus necesidades individuales. El An\u00e1lisis de Complexi\u00f3n Cut\u00e1nea Visia es una evaluaci\u00f3n tecnol\u00f3gica de su complexi\u00f3n \u00fanica. Mediante una combinaci\u00f3n de sabidur\u00eda ancestral y tecnolog\u00eda de vanguardia, trabajaremos juntos para crear un plan de tratamiento de precisi\u00f3n que combine la experiencia de nuestros profesionales con...<\/p>","protected":false},"author":1,"featured_media":0,"parent":364,"menu_order":4,"comment_status":"closed","ping_status":"closed","template":"","meta":{"footnotes":""},"class_list":["post-3505","page","type-page","status-publish","hentry","description-off"],"_links":{"self":[{"href":"https:\/\/www.amyshouston.com\/es\/wp-json\/wp\/v2\/pages\/3505","targetHints":{"allow":["GET"]}}],"collection":[{"href":"https:\/\/www.amyshouston.com\/es\/wp-json\/wp\/v2\/pages"}],"about":[{"href":"https:\/\/www.amyshouston.com\/es\/wp-json\/wp\/v2\/types\/page"}],"author":[{"embeddable":true,"href":"https:\/\/www.amyshouston.com\/es\/wp-json\/wp\/v2\/users\/1"}],"replies":[{"embeddable":true,"href":"https:\/\/www.amyshouston.com\/es\/wp-json\/wp\/v2\/comments?post=3505"}],"version-history":[{"count":0,"href":"https:\/\/www.amyshouston.com\/es\/wp-json\/wp\/v2\/pages\/3505\/revisions"}],"up":[{"embeddable":true,"href":"https:\/\/www.amyshouston.com\/es\/wp-json\/wp\/v2\/pages\/364"}],"wp:attachment":[{"href":"https:\/\/www.amyshouston.com\/es\/wp-json\/wp\/v2\/media?parent=3505"}],"curies":[{"name":"wp","href":"https:\/\/api.w.org\/{rel}","templated":true}]}}