{"id":3411,"date":"2018-03-17T21:08:33","date_gmt":"2018-03-17T21:08:33","guid":{"rendered":"https:\/\/dev.amyshouston.com\/?page_id=3411"},"modified":"2020-10-24T18:05:33","modified_gmt":"2020-10-24T23:05:33","slug":"depilacion-laser-houston","status":"publish","type":"page","link":"https:\/\/www.amyshouston.com\/es\/tratamientos-corporales-houston\/depilacion-laser-houston\/","title":{"rendered":"Depilaci\u00f3n l\u00e1ser"},"content":{"rendered":"<div class=\"wpb-content-wrapper\"><div class=\"vc_row wpb_row vc_row-fluid dt-default\" style=\"margin-top: 0px;margin-bottom: 0px\"><div class=\"column_border wpb_column vc_column_container vc_col-sm-6 vc_col-has-fill\"><div class=\"vc_column-inner vc_custom_1521567517154\"><div class=\"wpb_wrapper\"><div id=\"ultimate-heading-923669e7ac1b06e74\" class=\"uvc-heading ult-adjust-bottom-margin ultimate-heading-923669e7ac1b06e74 uvc-9965\" data-hspacer=\"line_only\"  data-halign=\"left\" style=\"text-align:left\"><div class=\"uvc-main-heading ult-responsive\"  data-ultimate-target='.uvc-heading.ultimate-heading-923669e7ac1b06e74 h2'  data-responsive-json-new='{\"font-size\":\"desktop:26px;mobile_landscape:22px;mobile:20px;\",\"line-height\":\"desktop:36px;mobile_landscape:30px;mobile:28px;\"}' ><h2 style=\"--font-weight:theme;margin-top:20px;\">Depilaci\u00f3n L\u00e1ser Houston<\/h2><\/div><div class=\"uvc-heading-spacer line_only\" style=\"topheight:0.5px;\"><span class=\"uvc-headings-line\" style=\"border-style:solid;border-bottom-width:0.5px;border-color:#e7b83f;width:100px;\"><\/span><\/div><\/div>\n\t<div class=\"wpb_text_column wpb_content_element  vc_custom_1521569028385\" >\n\t\t<div class=\"wpb_wrapper\">\n\t\t\t<p>La depilaci\u00f3n l\u00e1ser es lo que hacemos en Houston. Podemos eliminar permanentemente el vello no deseado con resultados de por vida. No m\u00e1s golpes, rastrojos, o irritaci\u00f3n. Con nuestra tecnolog\u00eda l\u00e1ser m\u00e9dica de vanguardia GentleLase \u2122 y profesionales m\u00e9dicos con licencia l\u00e1ser, te dejaremos con un aspecto suave y liso.<\/p>\n\n\t\t<\/div>\n\t<\/div>\n\n\t<div class=\"wpb_video_widget wpb_content_element vc_clearfix   vc_video-aspect-ratio-169 vc_video-el-width-100 vc_video-align-left\" >\n\t\t<div class=\"wpb_wrapper\">\n\t\t\t\n\t\t\t<div class=\"wpb_video_wrapper\"><iframe loading=\"lazy\" title=\"Tratamiento depilatorio suave\" width=\"500\" height=\"281\" src=\"https:\/\/www.youtube.com\/embed\/Yqmb_08UQNw?feature=oembed\" frameborder=\"0\" allow=\"accelerometer; autoplay; clipboard-write; encrypted-media; gyroscope; picture-in-picture; web-share\" referrerpolicy=\"strict-origin-when-cross-origin\" allowfullscreen><\/iframe><\/div>\n\t\t<\/div>\n\t<\/div>\n<div id=\"ultimate-heading-798769e7ac1b07236\" class=\"uvc-heading ult-adjust-bottom-margin ultimate-heading-798769e7ac1b07236 uvc-3424\" data-hspacer=\"line_only\"  data-halign=\"left\" style=\"text-align:left\"><div class=\"uvc-main-heading ult-responsive\"  data-ultimate-target='.uvc-heading.ultimate-heading-798769e7ac1b07236 h2'  data-responsive-json-new='{\"font-size\":\"desktop:26px;mobile_landscape:22px;mobile:20px;\",\"line-height\":\"desktop:36px;mobile_landscape:30px;mobile:28px;\"}' ><h2 style=\"--font-weight:theme;margin-top:20px;\">Plan de tratamiento personalizado<\/h2><\/div><div class=\"uvc-heading-spacer line_only\" style=\"topheight:0.5px;\"><span class=\"uvc-headings-line\" style=\"border-style:solid;border-bottom-width:0.5px;border-color:#e7b83f;width:100px;\"><\/span><\/div><\/div>\n\t<div class=\"wpb_text_column wpb_content_element  vc_custom_1521569299498\" >\n\t\t<div class=\"wpb_wrapper\">\n\t\t\t<p>Nuestros profesionales licenciados en l\u00e1ser personalizan y dise\u00f1an un plan de tratamiento s\u00f3lo para usted para eliminar el vello de cualquier tipo de piel, complexi\u00f3n o parte del cuerpo. Utilizamos la \u00faltima tecnolog\u00eda de depilaci\u00f3n l\u00e1ser Gentle, el tratamiento m\u00e9dico de depilaci\u00f3n l\u00edder en el mundo, para adaptarnos mejor al tipo de piel particular de cada paciente y eliminar de forma permanente el vello no deseado y proporcionar resultados de por vida.<\/p>\n\n\t\t<\/div>\n\t<\/div>\n<div id=\"ultimate-heading-763069e7ac1b072e4\" class=\"uvc-heading ult-adjust-bottom-margin ultimate-heading-763069e7ac1b072e4 uvc-1176\" data-hspacer=\"line_only\"  data-halign=\"left\" style=\"text-align:left\"><div class=\"uvc-main-heading ult-responsive\"  data-ultimate-target='.uvc-heading.ultimate-heading-763069e7ac1b072e4 h2'  data-responsive-json-new='{\"font-size\":\"desktop:26px;mobile_landscape:22px;mobile:20px;\",\"line-height\":\"desktop:36px;mobile_landscape:30px;mobile:28px;\"}' ><h2 style=\"--font-weight:theme;margin-top:20px;\">Tiempo de inactividad cero y resultados incre\u00edbles<\/h2><\/div><div class=\"uvc-heading-spacer line_only\" style=\"topheight:0.5px;\"><span class=\"uvc-headings-line\" style=\"border-style:solid;border-bottom-width:0.5px;border-color:#e7b83f;width:100px;\"><\/span><\/div><\/div>\n\t<div class=\"wpb_text_column wpb_content_element  vc_custom_1521569335574\" >\n\t\t<div class=\"wpb_wrapper\">\n\t\t\t<p>El procedimiento es r\u00e1pido y no invasivo, con cero tiempo de inactividad y cero tiempo de recuperaci\u00f3n, \u00a1puede esperar entrar y salir en aproximadamente una hora! Puede someterse al tratamiento y volver inmediatamente al trabajo, a la escuela o a otras actividades normales.<\/p>\n\n\t\t<\/div>\n\t<\/div>\n<\/div><\/div><\/div><div class=\"wpb_column vc_column_container vc_col-sm-6\"><div class=\"vc_column-inner vc_custom_1521238140405\"><div class=\"wpb_wrapper\"><div class=\"vc_row wpb_row vc_inner vc_row-fluid vc_custom_1521570526178 vc_row-has-fill\"><div class=\"wpb_column vc_column_container vc_col-sm-12\"><div class=\"vc_column-inner vc_custom_1521570501644\"><div class=\"wpb_wrapper\"><div id=\"ultimate-heading-492169e7ac1b0767f\" class=\"uvc-heading ult-adjust-bottom-margin ultimate-heading-492169e7ac1b0767f uvc-4843\" data-hspacer=\"no_spacer\"  data-halign=\"left\" style=\"text-align:left\"><div class=\"uvc-heading-spacer no_spacer\" style=\"top\"><\/div><div class=\"uvc-main-heading ult-responsive\"  data-ultimate-target='.uvc-heading.ultimate-heading-492169e7ac1b0767f h2'  data-responsive-json-new='{\"font-size\":\"desktop:26px;mobile_landscape:22px;mobile:20px;\",\"line-height\":\"desktop:36px;mobile_landscape:30px;mobile:28px;\"}' ><h2 style=\"font-weight:bold;color:#ffffff;margin-top:20px;\">Planes asequibles para todos los presupuestos<\/h2><\/div><\/div>\n\t<div class=\"wpb_text_column wpb_content_element  vc_custom_1603580730072\" >\n\t\t<div class=\"wpb_wrapper\">\n\t\t\t<p><span style=\"color: #ffffff;\">Ofrecemos las tarifas m\u00e1s competitivas de la ciudad en cualquier paquete de depilaci\u00f3n l\u00e1ser. Opciones de pago mensual bajos tambi\u00e9n est\u00e1n disponibles.<\/span><\/p>\n<p><span style=\"color: #ffffff;\">No espere m\u00e1s, programe una <strong>GRATIS<\/strong> \u00a1consulta ahora!<\/span><\/p>\n\n\t\t<\/div>\n\t<\/div>\n<\/div><\/div><\/div><\/div><div class=\"vc_row wpb_row vc_inner vc_row-fluid vc_custom_1521571495071 vc_row-has-fill\"><div class=\"wpb_column vc_column_container vc_col-sm-12\"><div class=\"vc_column-inner vc_custom_1521571114697\"><div class=\"wpb_wrapper\"><div class=\"aio-icon-component  vc_custom_1521579149725   style_1\"><div id=\"Info-box-wrap-7388\" class=\"aio-icon-box default-icon\" style=\"\"  ><div class=\"aio-icon-header\" ><h3 class=\"aio-icon-title ult-responsive\"  data-ultimate-target='#Info-box-wrap-7388 .aio-icon-title'  data-responsive-json-new='{\"font-size\":\"desktop:26px;\",\"line-height\":\"desktop:36px;\"}'  style=\"font-weight:bold;color:#000000;\">Solicite una consulta gratuita hoy mismo<\/h3><\/div> <!-- header --><\/div> <!-- aio-icon-box --><\/div> <!-- aio-icon-component -->\n\t<div class=\"wpb_text_column wpb_content_element\" >\n\t\t<div class=\"wpb_wrapper\">\n\t\t\t<h4 class=\"vc_custom_heading\">Rellene el siguiente formulario o ll\u00e1menos al 281-589-1888<\/h4>\n\n\t\t<\/div>\n\t<\/div>\n\n<div class=\"wpcf7 no-js\" id=\"wpcf7-f3463-o1\" lang=\"en-US\" dir=\"ltr\" data-wpcf7-id=\"3463\">\n<div class=\"screen-reader-response\"><p role=\"status\" aria-live=\"polite\" aria-atomic=\"true\"><\/p> <ul><\/ul><\/div>\n<form action=\"\/es\/wp-json\/wp\/v2\/pages\/3411#wpcf7-f3463-o1\" method=\"post\" class=\"wpcf7-form init\" aria-label=\"Formulario de contacto\" novalidate=\"novalidate\" data-status=\"init\" data-trp-original-action=\"\/es\/wp-json\/wp\/v2\/pages\/3411#wpcf7-f3463-o1\">\n<fieldset class=\"hidden-fields-container\"><input type=\"hidden\" name=\"_wpcf7\" value=\"3463\" \/><input type=\"hidden\" name=\"_wpcf7_version\" value=\"6.1.1\" \/><input type=\"hidden\" name=\"_wpcf7_locale\" value=\"en_US\" \/><input type=\"hidden\" name=\"_wpcf7_unit_tag\" value=\"wpcf7-f3463-o1\" \/><input type=\"hidden\" name=\"_wpcf7_container_post\" value=\"0\" \/><input type=\"hidden\" name=\"_wpcf7_posted_data_hash\" value=\"\" \/>\n<\/fieldset>\n<p><label> Nombre y apellidos (obligatorio)<br \/>\n<span class=\"wpcf7-form-control-wrap\" data-name=\"your-name\"><input size=\"40\" maxlength=\"400\" class=\"wpcf7-form-control wpcf7-text wpcf7-validates-as-required\" aria-required=\"true\" aria-invalid=\"false\" value=\"\" type=\"text\" name=\"your-name\" \/><\/span> <\/label>\n<\/p>\n<p><label> N\u00famero de tel\u00e9fono (obligatorio)<br \/>\n<span class=\"wpcf7-form-control-wrap\" data-name=\"tel-616\"><input size=\"40\" maxlength=\"400\" class=\"wpcf7-form-control wpcf7-tel wpcf7-validates-as-required wpcf7-text wpcf7-validates-as-tel\" aria-required=\"true\" aria-invalid=\"false\" value=\"\" type=\"tel\" name=\"tel-616\" \/><\/span> <\/label>\n<\/p>\n<p><span class=\"wpcf7-form-control-wrap\" data-name=\"Gender\"><span class=\"wpcf7-form-control wpcf7-radio\"><span class=\"wpcf7-list-item first\"><input type=\"radio\" name=\"Gender\" value=\"Male\" checked=\"checked\" \/><span class=\"wpcf7-list-item-label\">Hombre<\/span><\/span><span class=\"wpcf7-list-item last\"><input type=\"radio\" name=\"Gender\" value=\"Female\" \/><span class=\"wpcf7-list-item-label\">Mujer<\/span><\/span><\/span><\/span>\n<\/p>\n<p><label> Su correo electr\u00f3nico (obligatorio)<br \/>\n<span class=\"wpcf7-form-control-wrap\" data-name=\"your-email\"><input size=\"40\" maxlength=\"400\" class=\"wpcf7-form-control wpcf7-email wpcf7-validates-as-required wpcf7-text wpcf7-validates-as-email\" aria-required=\"true\" aria-invalid=\"false\" value=\"\" type=\"email\" name=\"your-email\" \/><\/span> <\/label>\n<\/p>\n<p><label> Fecha de cita preferida (obligatorio)<br \/>\n<span class=\"wpcf7-form-control-wrap date-869\"><input size=\"40\" class=\"wpcf7-form-control wpcf7-date wpcf7-validates-as-required\" type=\"text\" aria-required=\"true\" value=\"\" name=\"date-869\" \/> <\/span> <\/label>\n<\/p>\n<p><label> \u00bfEn qu\u00e9 servicio l\u00e1ser est\u00e1 interesado? (obligatorio)<\/label><br \/>\n<span class=\"wpcf7-form-control-wrap\" data-name=\"checkbox-146\"><span class=\"wpcf7-form-control wpcf7-checkbox\"><span class=\"wpcf7-list-item first\"><input type=\"checkbox\" name=\"checkbox-146[]\" value=\"Legs\" \/><span class=\"wpcf7-list-item-label\">Piernas<\/span><\/span><span class=\"wpcf7-list-item\"><input type=\"checkbox\" name=\"checkbox-146[]\" value=\"Bikini\" \/><span class=\"wpcf7-list-item-label\">Bikini<\/span><\/span><span class=\"wpcf7-list-item\"><input type=\"checkbox\" name=\"checkbox-146[]\" value=\"Upper Lip\" \/><span class=\"wpcf7-list-item-label\">Labio superior<\/span><\/span><span class=\"wpcf7-list-item\"><input type=\"checkbox\" name=\"checkbox-146[]\" value=\"Chin\" \/><span class=\"wpcf7-list-item-label\">Chin<\/span><\/span><span class=\"wpcf7-list-item\"><input type=\"checkbox\" name=\"checkbox-146[]\" value=\"Chest\" \/><span class=\"wpcf7-list-item-label\">Pecho<\/span><\/span><span class=\"wpcf7-list-item\"><input type=\"checkbox\" name=\"checkbox-146[]\" value=\"Underarms\" \/><span class=\"wpcf7-list-item-label\">Axilas<\/span><\/span><span class=\"wpcf7-list-item\"><input type=\"checkbox\" name=\"checkbox-146[]\" value=\"Neck\" \/><span class=\"wpcf7-list-item-label\">Cuello<\/span><\/span><span class=\"wpcf7-list-item\"><input type=\"checkbox\" name=\"checkbox-146[]\" value=\"Back\" \/><span class=\"wpcf7-list-item-label\">Volver<\/span><\/span><span class=\"wpcf7-list-item last\"><input type=\"checkbox\" name=\"checkbox-146[]\" value=\"Laser Tattoo Removal\" \/><span class=\"wpcf7-list-item-label\">Eliminaci\u00f3n de tatuajes con l\u00e1ser<\/span><\/span><\/span><\/span>\n<\/p>\n<p><label>\u00bfC\u00f3mo nos conoci\u00f3?<\/label><br \/>\n<span class=\"wpcf7-form-control-wrap\" data-name=\"radio-403\"><span class=\"wpcf7-form-control wpcf7-radio\"><span class=\"wpcf7-list-item first\"><input type=\"radio\" name=\"radio-403\" value=\"Google Search\" checked=\"checked\" \/><span class=\"wpcf7-list-item-label\">B\u00fasqueda en Google<\/span><\/span><span class=\"wpcf7-list-item\"><input type=\"radio\" name=\"radio-403\" value=\"Yahoo\" \/><span class=\"wpcf7-list-item-label\">Yahoo<\/span><\/span><span class=\"wpcf7-list-item\"><input type=\"radio\" name=\"radio-403\" value=\"Facebook\" \/><span class=\"wpcf7-list-item-label\">Facebook<\/span><\/span><span class=\"wpcf7-list-item last\"><input type=\"radio\" name=\"radio-403\" value=\"Bing\" \/><span class=\"wpcf7-list-item-label\">Bing<\/span><\/span><\/span><\/span>\n<\/p>\n<p><input class=\"wpcf7-form-control wpcf7-submit has-spinner\" type=\"submit\" value=\"Concertar una cita\" \/>\n<\/p><div class=\"wpcf7-response-output\" aria-hidden=\"true\"><\/div>\n<input type=\"hidden\" name=\"trp-form-language\" value=\"es\"\/><\/form>\n<\/div>\n<\/div><\/div><\/div><\/div><\/div><\/div><\/div><\/div><div class=\"vc_row wpb_row vc_row-fluid dt-default\" style=\"margin-top: 0px;margin-bottom: 0px\"><div class=\"wpb_column vc_column_container vc_col-sm-12\"><div class=\"vc_column-inner\"><div class=\"wpb_wrapper\"><\/div><\/div><\/div><\/div><div class=\"vc_row wpb_row vc_row-fluid dt-default\" style=\"margin-top: 0px;margin-bottom: 0px\"><div class=\"wpb_column vc_column_container vc_col-sm-12\"><div class=\"vc_column-inner\"><div class=\"wpb_wrapper\"><\/div><\/div><\/div><\/div>\n<\/div>","protected":false},"excerpt":{"rendered":"<p>Depilaci\u00f3n L\u00e1ser Houston La depilaci\u00f3n l\u00e1ser es lo que hacemos en Houston. Podemos eliminar permanentemente el vello no deseado con resultados de por vida. No m\u00e1s golpes, rastrojos o irritaci\u00f3n. Con nuestra tecnolog\u00eda l\u00e1ser m\u00e9dica de vanguardia GentleLase\u2122 y profesionales m\u00e9dicos con licencia l\u00e1ser, te dejaremos con un aspecto suave y liso. Plan de tratamiento personalizado Nuestros profesionales...<\/p>","protected":false},"author":2,"featured_media":0,"parent":2673,"menu_order":4,"comment_status":"closed","ping_status":"closed","template":"","meta":{"footnotes":""},"class_list":["post-3411","page","type-page","status-publish","hentry","description-off"],"_links":{"self":[{"href":"https:\/\/www.amyshouston.com\/es\/wp-json\/wp\/v2\/pages\/3411","targetHints":{"allow":["GET"]}}],"collection":[{"href":"https:\/\/www.amyshouston.com\/es\/wp-json\/wp\/v2\/pages"}],"about":[{"href":"https:\/\/www.amyshouston.com\/es\/wp-json\/wp\/v2\/types\/page"}],"author":[{"embeddable":true,"href":"https:\/\/www.amyshouston.com\/es\/wp-json\/wp\/v2\/users\/2"}],"replies":[{"embeddable":true,"href":"https:\/\/www.amyshouston.com\/es\/wp-json\/wp\/v2\/comments?post=3411"}],"version-history":[{"count":0,"href":"https:\/\/www.amyshouston.com\/es\/wp-json\/wp\/v2\/pages\/3411\/revisions"}],"up":[{"embeddable":true,"href":"https:\/\/www.amyshouston.com\/es\/wp-json\/wp\/v2\/pages\/2673"}],"wp:attachment":[{"href":"https:\/\/www.amyshouston.com\/es\/wp-json\/wp\/v2\/media?parent=3411"}],"curies":[{"name":"wp","href":"https:\/\/api.w.org\/{rel}","templated":true}]}}