{"id":3321,"date":"2018-03-17T21:08:57","date_gmt":"2018-03-17T21:08:57","guid":{"rendered":"https:\/\/dev.amyshouston.com\/?page_id=3321"},"modified":"2022-08-04T22:51:56","modified_gmt":"2022-08-05T03:51:56","slug":"tratamiento-a-base-de-hierbas-green-peel","status":"publish","type":"page","link":"https:\/\/www.amyshouston.com\/es\/cuidado-de-la-piel-houston\/tratamiento-a-base-de-hierbas-green-peel\/","title":{"rendered":"Tratamiento exfoliante a base de plantas Green Peel"},"content":{"rendered":"<div class=\"wpb-content-wrapper\"><div class=\"vc_row wpb_row vc_row-fluid dt-default\" style=\"margin-top: 0px;margin-bottom: 0px\"><div class=\"column_border wpb_column vc_column_container vc_col-sm-8\"><div class=\"vc_column-inner vc_custom_1521650631461\"><div class=\"wpb_wrapper\"><div id=\"ultimate-heading-348269e3699ea11e4\" class=\"uvc-heading ult-adjust-bottom-margin ultimate-heading-348269e3699ea11e4 uvc-7883\" data-hspacer=\"line_only\"  data-halign=\"left\" style=\"text-align:left\"><div class=\"uvc-main-heading ult-responsive\"  data-ultimate-target='.uvc-heading.ultimate-heading-348269e3699ea11e4 h2'  data-responsive-json-new='{\"font-size\":\"desktop:26px;mobile_landscape:22px;mobile:20px;\",\"line-height\":\"desktop:36px;mobile_landscape:30px;mobile:28px;\"}' ><h2 style=\"--font-weight:theme;margin-top:20px;\">\u00a1Piel nueva en s\u00f3lo cinco d\u00edas!<\/h2><\/div><div class=\"uvc-heading-spacer line_only\" style=\"topheight:0.5px;\"><span class=\"uvc-headings-line\" style=\"border-style:solid;border-bottom-width:0.5px;border-color:#e7b83f;width:100px;\"><\/span><\/div><\/div>\n\t<div class=\"wpb_text_column wpb_content_element  vc_custom_1525914492280\" >\n\t\t<div class=\"wpb_wrapper\">\n\t\t\t<p>Hace m\u00e1s de 60 a\u00f1os, Christine Schrammek hizo su gran avance con esta promesa. El desarrollo de su tratamiento de exfoliaci\u00f3n con hierbas GREEN PEEL\u00ae en Houston ayud\u00f3 a las mujeres que sufr\u00edan de piel impura o da\u00f1ada a volver a tener una piel clara y limpia.<\/p>\n\n\t\t<\/div>\n\t<\/div>\n<div class=\"standard-arrow bullet-top\"><ul>\n<li>Elimina el acn\u00e9 y las cicatrices m\u00e1s profundas<\/li>\n<li>Elimina los da\u00f1os causados por el sol durante a\u00f1os, las manchas de la edad y unifica las decoloraciones<\/li>\n<li>Elimina incluso las arrugas m\u00e1s profundas de la frente, los surcos de las cejas, las patas de gallo y las l\u00edneas de expresi\u00f3n<\/li>\n<li>Tensa y reafirma el contorno facial y los p\u00e1rpados ca\u00eddos<\/li>\n<li>Estimula el metabolismo celular para que su piel se renueve desde el interiorIdeal para cualquier edad o condici\u00f3n de la piel y puede es ideal para un tratamiento de estiramiento corporal para eliminar cicatrices y estr\u00edas<\/li>\n<\/ul>\n<\/div><\/div><\/div><\/div><div class=\"wpb_column vc_column_container vc_col-sm-4\"><div class=\"vc_column-inner\"><div class=\"wpb_wrapper\"><div class=\"twentytwenty-container\" data-orientation=\"horizontal\" data-offset=\"0.5\"><img loading=\"lazy\" decoding=\"async\" class=\"preload-me\" src=\"https:\/\/tara.amyshouston.com\/spio\/ret_img,q_cdnize,to_avif,s_avif\/www.amyshouston.com\/wp-content\/uploads\/2015\/10\/green-peel-before-houston.jpg\" width=\"350\" height=\"300\" alt=\"antes y despu\u00e9s del tratamiento con hierbas green peel houston\" title=\"\"><img loading=\"lazy\" decoding=\"async\" class=\"preload-me\" src=\"https:\/\/tara.amyshouston.com\/spio\/ret_img,q_cdnize,to_avif,s_avif\/www.amyshouston.com\/wp-content\/uploads\/2015\/10\/green-peel-after-houston.jpg\" width=\"350\" height=\"300\" alt=\"antes y despu\u00e9s del tratamiento con hierbas green peel houston\" title=\"\"><\/div><\/div><\/div><\/div><\/div><div class=\"vc_row wpb_row vc_row-fluid dt-default\" style=\"margin-top: 0px;margin-bottom: 0px\"><div class=\"wpb_column vc_column_container vc_col-sm-4\"><div class=\"vc_column-inner\"><div class=\"wpb_wrapper\"><div class=\"twentytwenty-container\" data-orientation=\"horizontal\" data-offset=\"0.5\"><img loading=\"lazy\" decoding=\"async\" class=\"preload-me\" src=\"https:\/\/tara.amyshouston.com\/spio\/ret_img,q_cdnize,to_avif,s_avif\/www.amyshouston.com\/wp-content\/uploads\/2015\/10\/green-peel-before2-houston.jpg\" width=\"350\" height=\"300\" alt=\"antes y despu\u00e9s del tratamiento con hierbas green peel houston\" title=\"\"><img loading=\"lazy\" decoding=\"async\" class=\"preload-me\" src=\"https:\/\/tara.amyshouston.com\/spio\/ret_img,q_cdnize,to_avif,s_avif\/www.amyshouston.com\/wp-content\/uploads\/2015\/10\/green-peel-after2-houston.jpg\" width=\"350\" height=\"300\" alt=\"antes y despu\u00e9s del tratamiento con hierbas green peel houston\" title=\"\"><\/div><\/div><\/div><\/div><div class=\"wpb_column vc_column_container vc_col-sm-4\"><div class=\"vc_column-inner\"><div class=\"wpb_wrapper\"><div class=\"twentytwenty-container\" data-orientation=\"horizontal\" data-offset=\"0.5\"><img loading=\"lazy\" decoding=\"async\" class=\"preload-me\" src=\"https:\/\/tara.amyshouston.com\/spio\/ret_img,q_cdnize,to_avif,s_avif\/www.amyshouston.com\/wp-content\/uploads\/2015\/10\/green-peel-before3-houston.jpg\" width=\"350\" height=\"300\" alt=\"antes y despu\u00e9s del tratamiento con hierbas green peel houston\" title=\"\"><img loading=\"lazy\" decoding=\"async\" class=\"preload-me\" src=\"https:\/\/tara.amyshouston.com\/spio\/ret_img,q_cdnize,to_avif,s_avif\/www.amyshouston.com\/wp-content\/uploads\/2015\/10\/green-peel-after3-houston.jpg\" width=\"350\" height=\"300\" alt=\"antes y despu\u00e9s del tratamiento con hierbas green peel houston\" title=\"\"><\/div><\/div><\/div><\/div><div class=\"wpb_column vc_column_container vc_col-sm-4\"><div class=\"vc_column-inner\"><div class=\"wpb_wrapper\"><div class=\"twentytwenty-container\" data-orientation=\"horizontal\" data-offset=\"0.5\"><img loading=\"lazy\" decoding=\"async\" class=\"preload-me\" src=\"https:\/\/tara.amyshouston.com\/spio\/ret_img,q_cdnize,to_avif,s_avif\/www.amyshouston.com\/wp-content\/uploads\/2015\/10\/green-peel-before4-houston.jpg\" width=\"350\" height=\"300\" alt=\"antes y despu\u00e9s del tratamiento con hierbas green peel houston\" title=\"\"><img loading=\"lazy\" decoding=\"async\" class=\"preload-me\" src=\"https:\/\/tara.amyshouston.com\/spio\/ret_img,q_cdnize,to_avif,s_avif\/www.amyshouston.com\/wp-content\/uploads\/2015\/10\/green-peel-after4-houston.jpg\" width=\"350\" height=\"300\" alt=\"En\" title=\"\"><\/div><\/div><\/div><\/div><\/div><!-- Row Backgrounds --><div class=\"upb_color\" data-bg-override=\"0\" data-bg-color=\"#ffffff\" data-fadeout=\"\" data-fadeout-percentage=\"30\" data-parallax-content=\"\" data-parallax-content-sense=\"30\" data-row-effect-mobile-disable=\"true\" data-img-parallax-mobile-disable=\"true\" data-rtl=\"false\"  data-custom-vc-row=\"\"  data-vc=\"8.2\"  data-is_old_vc=\"\"  data-theme-support=\"\"   data-overlay=\"false\" data-overlay-color=\"\" data-overlay-pattern=\"\" data-overlay-pattern-opacity=\"\" data-overlay-pattern-size=\"\"     data-hide-row=\" uvc_hidden-xs  uvc_hidden-xsl \" ><\/div><div class=\"vc_row wpb_row vc_row-fluid dt-default\" style=\"margin-top: 0px;margin-bottom: 0px\"><div class=\"wpb_column vc_column_container vc_col-sm-12\"><div class=\"vc_column-inner\"><div class=\"wpb_wrapper\">\n\t<div  class=\"wpb_single_image wpb_content_element vc_align_left\">\n\t\t\n\t\t<figure class=\"wpb_wrapper vc_figure\">\n\t\t\t<div class=\"vc_single_image-wrapper   vc_box_border_grey\"><img loading=\"lazy\" decoding=\"async\" width=\"1300\" height=\"400\" src=\"https:\/\/www.amyshouston.com\/wp-content\/uploads\/2015\/10\/greenpeel-houston.jpg\" class=\"vc_single_image-img attachment-full\" alt=\"\" title=\"greenpeel-houston\" srcset=\"https:\/\/www.amyshouston.com\/wp-content\/uploads\/2015\/10\/greenpeel-houston.jpg.webp 1300w, https:\/\/www.amyshouston.com\/wp-content\/uploads\/2015\/10\/greenpeel-houston-300x92@2x.jpg 600w, https:\/\/www.amyshouston.com\/wp-content\/uploads\/2015\/10\/greenpeel-houston-300x92.jpg.webp 300w, https:\/\/www.amyshouston.com\/wp-content\/uploads\/2015\/10\/greenpeel-houston-1024x315.jpg.webp 1024w, https:\/\/www.amyshouston.com\/wp-content\/uploads\/2015\/10\/greenpeel-houston-768x236.jpg.webp 768w\" sizes=\"auto, (max-width: 1300px) 100vw, 1300px\" data-dt-location=\"https:\/\/www.amyshouston.com\/es\/greenpeel-houston\/\"><\/div>\n\t\t<\/figure>\n\t<\/div>\n<div id=\"ultimate-heading-131469e3699ea33fd\" class=\"uvc-heading ult-adjust-bottom-margin ultimate-heading-131469e3699ea33fd uvc-3399\" data-hspacer=\"no_spacer\"  data-halign=\"center\" style=\"text-align:center\"><div class=\"uvc-heading-spacer no_spacer\" style=\"top\"><\/div><div class=\"uvc-main-heading ult-responsive\"  data-ultimate-target='.uvc-heading.ultimate-heading-131469e3699ea33fd h2'  data-responsive-json-new='{\"font-size\":\"desktop:26px;\",\"line-height\":\"desktop:36px;\"}' ><h2 style=\"font-weight:bold;color:#197e3d;margin-bottom:20px;\">El peeling de hierbas GREEN PEEL\u00ae es un \u00e9xito mundial desde hace m\u00e1s de 60 a\u00f1os<\/h2><\/div><div class=\"uvc-sub-heading ult-responsive\"  data-ultimate-target='.uvc-heading.ultimate-heading-131469e3699ea33fd .uvc-sub-heading '  data-responsive-json-new='{\"font-size\":\"\",\"line-height\":\"\"}'  style=\"font-weight:normal;margin-bottom:50px;\">2 m\u00e9todos de tratamiento dermatol\u00f3gicamente desarrollados para resolver con \u00e9xito los problemas<\/div><\/div><div class=\"vc_row wpb_row vc_inner vc_row-fluid margin_right\"><div class=\"margin_right wpb_column vc_column_container vc_col-sm-6\"><div class=\"vc_column-inner vc_custom_1522178367281\"><div class=\"wpb_wrapper\">\n\t<div  class=\"wpb_single_image wpb_content_element vc_align_center  vc_custom_1521236512695  hover_box\">\n\t\t\n\t\t<figure class=\"wpb_wrapper vc_figure\">\n\t\t\t<div class=\"vc_single_image-wrapper   vc_box_border_grey\"><img loading=\"lazy\" decoding=\"async\" width=\"300\" height=\"300\" src=\"https:\/\/www.amyshouston.com\/wp-content\/uploads\/2015\/10\/greenpeel-classic-houston-300x300.jpg\" class=\"vc_single_image-img attachment-medium\" alt=\"Green Peel Houston Tratamiento Cl\u00e1sico\" title=\"greenpeel-classic-houston\" srcset=\"https:\/\/www.amyshouston.com\/wp-content\/uploads\/2015\/10\/greenpeel-classic-houston-150x150@2x.jpg 300w, https:\/\/www.amyshouston.com\/wp-content\/uploads\/2015\/10\/greenpeel-classic-houston-200x200.jpg.webp 200w, https:\/\/www.amyshouston.com\/wp-content\/uploads\/2015\/10\/greenpeel-classic-houston-150x150.jpg.webp 150w\" sizes=\"auto, (max-width: 300px) 100vw, 300px\"  data-dt-location=\"https:\/\/www.amyshouston.com\/es\/greenpeel-classic-houston\/\" \/><\/div>\n\t\t<\/figure>\n\t<\/div>\n<div id=\"ultimate-heading-202069e3699ea3e7f\" class=\"uvc-heading ult-adjust-bottom-margin ultimate-heading-202069e3699ea3e7f uvc-9682\" data-hspacer=\"no_spacer\"  data-halign=\"center\" style=\"text-align:center\"><div class=\"uvc-heading-spacer no_spacer\" style=\"top\"><\/div><div class=\"uvc-main-heading ult-responsive\"  data-ultimate-target='.uvc-heading.ultimate-heading-202069e3699ea3e7f h2'  data-responsive-json-new='{\"font-size\":\"desktop:26px;\",\"line-height\":\"desktop:36px;\"}' ><h2 style=\"--font-weight:theme;margin-top:30px;\">Para renovar la piel<\/h2><\/div><\/div>\n\t<div class=\"wpb_text_column wpb_content_element\" >\n\t\t<div class=\"wpb_wrapper\">\n\t\t\t<p style=\"text-align: center;\">Regeneraci\u00f3n y renovaci\u00f3n con efecto peeling, el \u00e9xito del original GREEN PEEL\u00ae Herbal Peeling Treatment Classic durante d\u00e9cadas habla por s\u00ed mismo. Es la soluci\u00f3n perfecta para diversos problemas de la piel del rostro y del cuerpo.<\/p>\n<p style=\"text-align: center; color: #e6b83f;\"><strong>$585<\/strong><\/p>\n<p style=\"text-align: center;\">Incluye 1 exfoliaci\u00f3n y 1 tratamiento de seguimiento y $200 en productos para el cuidado en casa<\/p>\n\n\t\t<\/div>\n\t<\/div>\n<\/div><\/div><\/div><div class=\"wpb_column vc_column_container vc_col-sm-6\"><div class=\"vc_column-inner vc_custom_1521225297427\"><div class=\"wpb_wrapper\">\n\t<div  class=\"wpb_single_image wpb_content_element vc_align_center  vc_custom_1521225270252\">\n\t\t\n\t\t<figure class=\"wpb_wrapper vc_figure\">\n\t\t\t<div class=\"vc_single_image-wrapper   vc_box_border_grey\"><img loading=\"lazy\" decoding=\"async\" width=\"300\" height=\"300\" src=\"https:\/\/www.amyshouston.com\/wp-content\/uploads\/2015\/10\/greenpeel-energy-houston-300x300.jpg\" class=\"vc_single_image-img attachment-medium\" alt=\"Green Peel Houston Tratamiento Energ\u00e9tico\" title=\"greenpeel-energy-houston\" srcset=\"https:\/\/www.amyshouston.com\/wp-content\/uploads\/2015\/10\/greenpeel-energy-houston-150x150@2x.jpg 300w, https:\/\/www.amyshouston.com\/wp-content\/uploads\/2015\/10\/greenpeel-energy-houston-200x200.jpg.webp 200w, https:\/\/www.amyshouston.com\/wp-content\/uploads\/2015\/10\/greenpeel-energy-houston-150x150.jpg.webp 150w\" sizes=\"auto, (max-width: 300px) 100vw, 300px\"  data-dt-location=\"https:\/\/www.amyshouston.com\/es\/greenpeel-energy-houston\/\" \/><\/div>\n\t\t<\/figure>\n\t<\/div>\n<div id=\"ultimate-heading-319969e3699ea47d6\" class=\"uvc-heading ult-adjust-bottom-margin ultimate-heading-319969e3699ea47d6 uvc-9680\" data-hspacer=\"no_spacer\"  data-halign=\"center\" style=\"text-align:center\"><div class=\"uvc-heading-spacer no_spacer\" style=\"top\"><\/div><div class=\"uvc-main-heading ult-responsive\"  data-ultimate-target='.uvc-heading.ultimate-heading-319969e3699ea47d6 h2'  data-responsive-json-new='{\"font-size\":\"desktop:26px;\",\"line-height\":\"desktop:36px;\"}' ><h2 style=\"--font-weight:theme;margin-top:30px;\">Para una tez vital<\/h2><\/div><\/div>\n\t<div class=\"wpb_text_column wpb_content_element\" >\n\t\t<div class=\"wpb_wrapper\">\n\t\t\t<p style=\"text-align: center;\">La vitalidad y la regeneraci\u00f3n patada sin efecto peeling. estimula la circulaci\u00f3n sangu\u00ednea, el metabolismo y por lo tanto conduce a una mejora natural de la textura de la piel sin efecto peeling. Ayuda a reducir los aspectos de la piel relacionados con la edad, as\u00ed como las impurezas, las cicatrices y los trastornos pigmentarios.<\/p>\n<p style=\"text-align: center; color: #e6b83f;\"><strong>$375<\/strong><\/p>\n<p style=\"text-align: center;\">Incluye 1 exfoliaci\u00f3n y 1 tratamiento de seguimiento y $200 en productos para el cuidado en casa<\/p>\n\n\t\t<\/div>\n\t<\/div>\n<\/div><\/div><\/div><\/div><\/div><\/div><\/div><\/div><!-- Row Backgrounds --><div class=\"upb_color\" data-bg-override=\"0\" data-bg-color=\"#ffffff\" data-fadeout=\"\" data-fadeout-percentage=\"30\" data-parallax-content=\"\" data-parallax-content-sense=\"30\" data-row-effect-mobile-disable=\"true\" data-img-parallax-mobile-disable=\"true\" data-rtl=\"false\"  data-custom-vc-row=\"\"  data-vc=\"8.2\"  data-is_old_vc=\"\"  data-theme-support=\"\"   data-overlay=\"false\" data-overlay-color=\"\" data-overlay-pattern=\"\" data-overlay-pattern-opacity=\"\" data-overlay-pattern-size=\"\"     data-hide-row=\" uvc_hidden-lg  uvc_hidden-ml  uvc_hidden-md  uvc_hidden-sm \" ><\/div><div class=\"vc_row wpb_row vc_row-fluid dt-default\" style=\"margin-top: 0px;margin-bottom: 0px\"><div class=\"wpb_column vc_column_container vc_col-sm-12\"><div class=\"vc_column-inner\"><div class=\"wpb_wrapper\"><div id=\"ultimate-heading-14669e3699ea4add\" class=\"uvc-heading ult-adjust-bottom-margin ultimate-heading-14669e3699ea4add uvc-3229\" data-hspacer=\"no_spacer\"  data-halign=\"center\" style=\"text-align:center\"><div class=\"uvc-heading-spacer no_spacer\" style=\"top\"><\/div><div class=\"uvc-main-heading ult-responsive\"  data-ultimate-target='.uvc-heading.ultimate-heading-14669e3699ea4add h1'  data-responsive-json-new='{\"font-size\":\"desktop:40px;tablet:40px;tablet_portrait:40px;mobile_landscape:26px;mobile:26px;\",\"line-height\":\"desktop:36px;\"}' ><h1 style=\"--font-weight:theme;color:#197e3d;margin-top:35px;margin-bottom:35px;\">El exfoliante de hierbas natural y original GREEN PEEL\u00ae es un \u00e9xito mundial desde hace m\u00e1s de 60 a\u00f1os.<\/h1><\/div><div class=\"uvc-sub-heading ult-responsive\"  data-ultimate-target='.uvc-heading.ultimate-heading-14669e3699ea4add .uvc-sub-heading '  data-responsive-json-new='{\"font-size\":\"desktop:22px;\",\"line-height\":\"desktop:22px;\"}'  style=\"font-weight:normal;margin-top:35px;margin-bottom:35px;\">2 m\u00e9todos de tratamiento dermatol\u00f3gicamente desarrollados para resolver con \u00e9xito los problemas<\/div><\/div><\/div><\/div><\/div><div class=\"wpb_column vc_column_container vc_col-sm-6\"><div class=\"vc_column-inner\"><div class=\"wpb_wrapper\"><div class=\"vc-hoverbox-wrapper  hover_box vc-hoverbox-shape--square vc-hoverbox-align--center vc-hoverbox-direction--default vc-hoverbox-width--100\"  ontouchstart=\"\">\n  <div class=\"vc-hoverbox\">\n    <div class=\"vc-hoverbox-inner\">\n      <div class=\"vc-hoverbox-block vc-hoverbox-front\" style=\"background-image: url('https://tara.amyshouston.com/spio/ret_img,q_cdnize,to_avif,s_avif/www.amyshouston.com/wp-content/uploads/2015/10/greenpeel-classic-houston.jpg');\">\n        <div class=\"vc-hoverbox-block-inner vc-hoverbox-front-inner\">\n            \n        <\/div>\n      <\/div>\n      <div class=\"vc-hoverbox-block vc-hoverbox-back\" style=\"background-color: #2a2a2a;\">\n        <div class=\"vc-hoverbox-block-inner vc-hoverbox-back-inner\">\n            <h2 style=\"text-align:center\">Para renovar la piel<\/h2>\n            <p style=\"text-align: center;\">Regeneraci\u00f3n y renovaci\u00f3n con efecto peeling, el \u00e9xito de<\/p>\n<p style=\"text-align: center;\">el tratamiento original GREEN PEEL\u00ae Herbal Peeling Classic desde hace d\u00e9cadas<\/p>\n<p style=\"text-align: center;\">habla por s\u00ed sola. Es la soluci\u00f3n perfecta para diversos<\/p>\n<p style=\"text-align: center;\">problemas cut\u00e1neos en la cara y el cuerpo.<\/p>\n<p style=\"text-align: center;\"><strong>$585<\/strong><\/p>\n<p style=\"text-align: center;\">incluye 2 sesiones de tratamiento y $200 de productos para el cuidado en casa<\/p>\n\n            \n        <\/div>\n      <\/div>\n    <\/div>\n  <\/div>\n<\/div><\/div><\/div><\/div><div class=\"wpb_column vc_column_container vc_col-sm-6\"><div class=\"vc_column-inner\"><div class=\"wpb_wrapper\"><div class=\"vc-hoverbox-wrapper  hover_box vc-hoverbox-shape--square vc-hoverbox-align--center vc-hoverbox-direction--default vc-hoverbox-width--100\"  ontouchstart=\"\">\n  <div class=\"vc-hoverbox\">\n    <div class=\"vc-hoverbox-inner\">\n      <div class=\"vc-hoverbox-block vc-hoverbox-front\" style=\"background-image: url('https://tara.amyshouston.com/spio/ret_img,q_cdnize,to_avif,s_avif/www.amyshouston.com/wp-content/uploads/2015/10/greenpeel-energy-houston.jpg');\">\n        <div class=\"vc-hoverbox-block-inner vc-hoverbox-front-inner\">\n            \n        <\/div>\n      <\/div>\n      <div class=\"vc-hoverbox-block vc-hoverbox-back\" style=\"background-color: #2a2a2a;\">\n        <div class=\"vc-hoverbox-block-inner vc-hoverbox-back-inner\">\n            <h2 style=\"text-align:center\">Para un cutis vital<\/h2>\n            <p style=\"text-align: center;\">La vitalidad y la regeneraci\u00f3n patada sin efecto peeling. estimula la circulaci\u00f3n sangu\u00ednea, el metabolismo y por lo tanto conduce a una mejora natural de la textura de la piel sin efecto peeling. Ayuda a reducir los aspectos de la piel relacionados con la edad, as\u00ed como las impurezas, las cicatrices y los trastornos pigmentarios.<\/p>\n<p style=\"text-align: center;\">$375<\/p>\n<p style=\"text-align: center;\">incluye 2 sesiones de tratamiento y $145 de productos para el cuidado en casa<\/p>\n\n            \n        <\/div>\n      <\/div>\n    <\/div>\n  <\/div>\n<\/div><\/div><\/div><\/div><\/div><!-- Row Backgrounds --><div class=\"upb_bg_img\" data-ultimate-bg=\"url('https://tara.amyshouston.com/spio/ret_img,q_cdnize,to_avif,s_avif/www.amyshouston.com/wp-content/uploads/2015/10/green-peel-houston-main.jpg')\" data-image-id=\"id^1740|url^https:\/\/dev.amyshouston.com\/wp-content\/uploads\/2015\/10\/green-peel-houston-main.jpg|caption^null|alt^null|title^green-peel-houston-main|description^null\" data-ultimate-bg-style=\"vcpb-default\" data-bg-img-repeat=\"no-repeat\" data-bg-img-size=\"cover\" data-bg-img-position=\"\" data-parallx_sense=\"30\" data-bg-override=\"0\" data-bg_img_attach=\"scroll\" data-upb-overlay-color=\"\" data-upb-bg-animation=\"\" data-fadeout=\"\" data-bg-animation=\"left-animation\" data-bg-animation-type=\"h\" data-animation-repeat=\"repeat\" data-fadeout-percentage=\"30\" data-parallax-content=\"\" data-parallax-content-sense=\"30\" data-row-effect-mobile-disable=\"true\" data-img-parallax-mobile-disable=\"true\" data-rtl=\"false\"  data-custom-vc-row=\"\"  data-vc=\"8.2\"  data-is_old_vc=\"\"  data-theme-support=\"\"   data-overlay=\"false\" data-overlay-color=\"\" data-overlay-pattern=\"\" data-overlay-pattern-opacity=\"\" data-overlay-pattern-size=\"\"     data-hide-row=\" uvc_hidden-xs  uvc_hidden-xsl \" ><\/div>\n<\/div>","protected":false},"excerpt":{"rendered":"<p>\u00a1Piel nueva en s\u00f3lo cinco d\u00edas! Hace m\u00e1s de 60 a\u00f1os, Christine Schrammek hizo su gran avance con esta promesa. El desarrollo de su GREEN PEEL\u00ae Herbal Peeling Treatment en Houston ayud\u00f3 a las mujeres que sufr\u00edan de piel impura o da\u00f1ada a tener de nuevo una piel clara y limpia. Limpia el acn\u00e9 y elimina las cicatrices m\u00e1s profundas del acn\u00e9 Elimina a\u00f1os de sol...<\/p>","protected":false},"author":2,"featured_media":0,"parent":364,"menu_order":10,"comment_status":"closed","ping_status":"closed","template":"","meta":{"footnotes":""},"class_list":["post-3321","page","type-page","status-publish","hentry","description-off"],"_links":{"self":[{"href":"https:\/\/www.amyshouston.com\/es\/wp-json\/wp\/v2\/pages\/3321","targetHints":{"allow":["GET"]}}],"collection":[{"href":"https:\/\/www.amyshouston.com\/es\/wp-json\/wp\/v2\/pages"}],"about":[{"href":"https:\/\/www.amyshouston.com\/es\/wp-json\/wp\/v2\/types\/page"}],"author":[{"embeddable":true,"href":"https:\/\/www.amyshouston.com\/es\/wp-json\/wp\/v2\/users\/2"}],"replies":[{"embeddable":true,"href":"https:\/\/www.amyshouston.com\/es\/wp-json\/wp\/v2\/comments?post=3321"}],"version-history":[{"count":1,"href":"https:\/\/www.amyshouston.com\/es\/wp-json\/wp\/v2\/pages\/3321\/revisions"}],"predecessor-version":[{"id":277784,"href":"https:\/\/www.amyshouston.com\/es\/wp-json\/wp\/v2\/pages\/3321\/revisions\/277784"}],"up":[{"embeddable":true,"href":"https:\/\/www.amyshouston.com\/es\/wp-json\/wp\/v2\/pages\/364"}],"wp:attachment":[{"href":"https:\/\/www.amyshouston.com\/es\/wp-json\/wp\/v2\/media?parent=3321"}],"curies":[{"name":"wp","href":"https:\/\/api.w.org\/{rel}","templated":true}]}}