{"id":3051,"date":"2018-03-05T18:03:48","date_gmt":"2018-03-05T18:03:48","guid":{"rendered":"https:\/\/dev.amyshouston.com\/?page_id=3051"},"modified":"2018-03-30T18:01:31","modified_gmt":"2018-03-30T18:01:31","slug":"eliminacion-de-papilomas-cutaneos","status":"publish","type":"page","link":"https:\/\/www.amyshouston.com\/es\/tratamientos-corporales-houston\/eliminacion-de-papilomas-cutaneos\/","title":{"rendered":"Eliminaci\u00f3n de marcas en la piel"},"content":{"rendered":"<div class=\"wpb-content-wrapper\"><div class=\"vc_row wpb_row vc_row-fluid dt-default\" style=\"margin-top: 0px;margin-bottom: 0px\"><div class=\"wpb_column vc_column_container vc_col-sm-6 vc_col-has-fill\"><div class=\"vc_column-inner vc_custom_1519688744896\"><div class=\"wpb_wrapper\"><div id=\"ultimate-heading-348469e35293c9fb1\" class=\"uvc-heading ult-adjust-bottom-margin ultimate-heading-348469e35293c9fb1 uvc-878\" data-hspacer=\"no_spacer\"  data-halign=\"left\" style=\"text-align:left\"><div class=\"uvc-heading-spacer no_spacer\" style=\"top\"><\/div><div class=\"uvc-main-heading ult-responsive\"  data-ultimate-target='.uvc-heading.ultimate-heading-348469e35293c9fb1 h2'  data-responsive-json-new='{\"font-size\":\"desktop:26px;\",\"line-height\":\"desktop:36px;\"}' ><h2 style=\"--font-weight:theme;margin-bottom:30px;\">Visi\u00f3n general<\/h2><\/div><\/div>\n\t<div class=\"wpb_text_column wpb_content_element\" >\n\t\t<div class=\"wpb_wrapper\">\n\t\t\t<p class=\"p3\"><span class=\"s1\">Los papilomas cut\u00e1neos pueden causar mucha verg\u00fcenza e incomodidad. A pesar de ser una de las afecciones cut\u00e1neas m\u00e1s frecuentes hoy en d\u00eda, existen muchas ideas err\u00f3neas en torno a ellas. Estas lesiones benignas y no contagiosas aparecen con mayor frecuencia en pliegues, dobleces de la piel o zonas de alta fricci\u00f3n, como la cintura o las axilas. En Amy's nuestro objetivo es proporcionarle comprensi\u00f3n y asistencia para tranquilizarle y ayudar a su cuerpo a curarse. <\/span><\/p>\n<p class=\"p3\"><span class=\"s1\">Mediante el uso de la mejor tecnolog\u00eda disponible, utilizaremos t\u00e9cnicas m\u00ednimamente invasivas para tratar y eliminar al instante sus papilomas cut\u00e1neos, y le proporcionaremos la seguridad de que cualquier otra lesi\u00f3n a la que pueda enfrentarse ser\u00e1 f\u00e1cilmente tratable para que pueda centrarse en lo que importa, disfrutar y vivir su vida con confianza y tranquilidad.<\/span><\/p>\n\n\t\t<\/div>\n\t<\/div>\n<\/div><\/div><\/div><div class=\"wpb_column vc_column_container vc_col-sm-6\"><div class=\"vc_column-inner\"><div class=\"wpb_wrapper\">\n\t<div  class=\"wpb_single_image wpb_content_element vc_align_right  vc_custom_1519688638585\">\n\t\t\n\t\t<figure class=\"wpb_wrapper vc_figure\">\n\t\t\t<div class=\"vc_single_image-wrapper   vc_box_border_grey\"><img decoding=\"async\" class=\"vc_single_image-img\" src=\"https:\/\/tara.amyshouston.com\/spio\/ret_img,q_cdnize,to_avif,s_avif\/www.amyshouston.com\/wp-content\/uploads\/2018\/02\/Depositphotos_112731344_original-scaled-600x400.jpg\" width=\"600\" height=\"400\" alt=\"Eliminaci\u00f3n de marcas en la piel\" title=\"Eliminaci\u00f3n de marcas en la piel\" loading=\"lazy\"  data-dt-location=\"https:\/\/www.amyshouston.com\/es\/tratamientos-corporales-houston\/eliminacion-de-papilomas-cutaneos\/dermatologist-examines-a-birthmark-of-patient-checking-benign-moles-skin-tags-removal\/\" \/><\/div>\n\t\t<\/figure>\n\t<\/div>\n<\/div><\/div><\/div><\/div><div class=\"vc_row wpb_row vc_row-fluid dt-default\" style=\"margin-top: 0px;margin-bottom: 0px\"><div class=\"wpb_column vc_column_container vc_col-sm-12\"><div class=\"vc_column-inner vc_custom_1519352557661\"><div class=\"wpb_wrapper\"><div id=\"ultimate-heading-190069e35293cadeb\" class=\"uvc-heading ult-adjust-bottom-margin ultimate-heading-190069e35293cadeb uvc-4449 accent-border-color\" data-hspacer=\"line_only\"  data-halign=\"center\" style=\"text-align:center\"><div class=\"uvc-main-heading ult-responsive\"  data-ultimate-target='.uvc-heading.ultimate-heading-190069e35293cadeb h2'  data-responsive-json-new='{\"font-size\":\"desktop:40px;\",\"line-height\":\"desktop:50px;\"}' ><h2 style=\"--font-weight:theme;margin-bottom:15px;\">Preguntas frecuentes<\/h2><\/div><div class=\"uvc-heading-spacer line_only\" style=\"margin-bottom:55px;height:3px;\"><span class=\"uvc-headings-line\" style=\"border-style:solid;border-bottom-width:3px;border-color:#ccc;width:180px;\"><\/span><\/div><\/div><div  class=\"vc_do_toggle vc_toggle vc_toggle_text_only vc_toggle_color_default  vc_toggle_size_md vc_toggle_active\"><div class=\"vc_toggle_title\"><h4>\u00bfQu\u00e9 es un papiloma cut\u00e1neo?<\/h4><i class=\"vc_toggle_icon\"><\/i><\/div><div class=\"vc_toggle_content\"><p class=\"p1\"><span class=\"s1\">Un papiloma cut\u00e1neo es un globo de color carne que suele formarse alrededor de zonas en las que la ropa puede aumentar la fricci\u00f3n, as\u00ed como en pliegues y arrugas naturales de la piel. Est\u00e1n formados por c\u00e9lulas cut\u00e1neas densas, fibras de col\u00e1geno, terminaciones nerviosas y vasos sangu\u00edneos. <\/span><\/p>\n<\/div><\/div><div  class=\"vc_do_toggle vc_toggle vc_toggle_text_only vc_toggle_color_default  vc_toggle_size_md vc_toggle_active\"><div class=\"vc_toggle_title\"><h4>\u00bfQu\u00e9 causa las marcas en la piel?<\/h4><i class=\"vc_toggle_icon\"><\/i><\/div><div class=\"vc_toggle_content\"><p class=\"p1\"><span class=\"s1\">Al igual que ocurre con el acn\u00e9, la verdadera g\u00e9nesis de los papilomas cut\u00e1neos sigue sin estar clara. Sabemos que la edad, la diabetes, la obesidad, la gen\u00e9tica y las hormonas son factores que contribuyen a su formaci\u00f3n. Tenga la seguridad de que casi todo el mundo se enfrenta al problema de los papilomas cut\u00e1neos en alg\u00fan momento. Sin embargo, algunos son m\u00e1s propensos que otros. <\/span><\/p>\n<\/div><\/div><div  class=\"vc_do_toggle vc_toggle vc_toggle_text_only vc_toggle_color_default  vc_toggle_size_md vc_toggle_active\"><div class=\"vc_toggle_title\"><h4>\u00bfNo se formar\u00e1n m\u00e1s marcas cut\u00e1neas si elimino una?<\/h4><i class=\"vc_toggle_icon\"><\/i><\/div><div class=\"vc_toggle_content\"><p class=\"p1\"><span class=\"s1\">Este es uno de los conceptos err\u00f3neos que las rodean. La patolog\u00eda de los papilomas cut\u00e1neos nos dice que no se \"siembran\". Una vez eliminados, no se estimula el crecimiento de nuevos papilomas cut\u00e1neos. Para las personas m\u00e1s propensas a la formaci\u00f3n de papilomas cut\u00e1neos, no es infrecuente realizar tratamientos intermitentes para eliminar los papilomas reci\u00e9n formados.<\/span><\/p>\n<\/div><\/div><div  class=\"vc_do_toggle vc_toggle vc_toggle_text_only vc_toggle_color_default  vc_toggle_size_md vc_toggle_active\"><div class=\"vc_toggle_title\"><h4>\u00bfSon contagiosas las marcas cut\u00e1neas? \u00bfPuedo infectar otras zonas de mi cuerpo u otras personas por contacto?<\/h4><i class=\"vc_toggle_icon\"><\/i><\/div><div class=\"vc_toggle_content\"><p class=\"p1\"><span class=\"s1\">No hay pruebas que apunten a que las papilomas cut\u00e1neas se transmitan por contacto humano. Los papilomas cut\u00e1neos no son verrugas. Las verrugas est\u00e1n causadas por el virus VPH y son bastante contagiosas. Todo lo que la ciencia y la medicina han aprendido sobre las marcas en la piel apuntan a que son inofensivas y no contagiosas, no producto de una infecci\u00f3n v\u00edrica.<\/span><\/p>\n<\/div><\/div><div  class=\"vc_do_toggle vc_toggle vc_toggle_text_only vc_toggle_color_default  vc_toggle_size_md vc_toggle_active\"><div class=\"vc_toggle_title\"><h4>\u00bfC\u00f3mo se eliminan las etiquetas cut\u00e1neas? <\/h4><i class=\"vc_toggle_icon\"><\/i><\/div><div class=\"vc_toggle_content\"><p class=\"p1\"><span class=\"s1\">Existen varias opciones para eliminar las marcas de la piel. La mejor opci\u00f3n es siempre una combinaci\u00f3n entre su condici\u00f3n \u00fanica y preferencias. Cuando se re\u00fana con uno de nuestros profesionales capacitados, que le aconsejar\u00e1 entre las opciones disponibles y lo que ser\u00eda el m\u00e1s adecuado para usted.<\/span><\/p>\n<\/div><\/div><div  class=\"vc_do_toggle vc_toggle vc_toggle_text_only vc_toggle_color_default  vc_toggle_size_md vc_toggle_active\"><div class=\"vc_toggle_title\"><h4>\u00bfC\u00f3mo empezar?<\/h4><i class=\"vc_toggle_icon\"><\/i><\/div><div class=\"vc_toggle_content\"><p class=\"p1\"><span class=\"s1\">Llame a uno de nuestros amables empleados al (281) 589-1888 para concertar una consulta\/cita.<\/span><\/p>\n<\/div><\/div><\/div><\/div><\/div><\/div>\n<\/div>","protected":false},"excerpt":{"rendered":"<p>Resumen Los papilomas cut\u00e1neos pueden ser una fuente importante de verg\u00fcenza e incomodidad. A pesar de ser una de las afecciones cut\u00e1neas m\u00e1s comunes a las que se enfrentan las personas hoy en d\u00eda, existen muchos conceptos err\u00f3neos en torno a ellas. Estas lesiones benignas y no contagiosas aparecen con mayor frecuencia en pliegues, dobleces de la piel o zonas de alta fricci\u00f3n, como la cintura o las axilas. En Amy's nuestro objetivo es...<\/p>","protected":false},"author":2,"featured_media":0,"parent":2673,"menu_order":1,"comment_status":"closed","ping_status":"closed","template":"","meta":{"footnotes":""},"class_list":["post-3051","page","type-page","status-publish","hentry","description-off"],"_links":{"self":[{"href":"https:\/\/www.amyshouston.com\/es\/wp-json\/wp\/v2\/pages\/3051","targetHints":{"allow":["GET"]}}],"collection":[{"href":"https:\/\/www.amyshouston.com\/es\/wp-json\/wp\/v2\/pages"}],"about":[{"href":"https:\/\/www.amyshouston.com\/es\/wp-json\/wp\/v2\/types\/page"}],"author":[{"embeddable":true,"href":"https:\/\/www.amyshouston.com\/es\/wp-json\/wp\/v2\/users\/2"}],"replies":[{"embeddable":true,"href":"https:\/\/www.amyshouston.com\/es\/wp-json\/wp\/v2\/comments?post=3051"}],"version-history":[{"count":0,"href":"https:\/\/www.amyshouston.com\/es\/wp-json\/wp\/v2\/pages\/3051\/revisions"}],"up":[{"embeddable":true,"href":"https:\/\/www.amyshouston.com\/es\/wp-json\/wp\/v2\/pages\/2673"}],"wp:attachment":[{"href":"https:\/\/www.amyshouston.com\/es\/wp-json\/wp\/v2\/media?parent=3051"}],"curies":[{"name":"wp","href":"https:\/\/api.w.org\/{rel}","templated":true}]}}