{"id":3009,"date":"2018-03-01T17:26:38","date_gmt":"2018-03-01T17:26:38","guid":{"rendered":"https:\/\/dev.amyshouston.com\/?page_id=3009"},"modified":"2018-03-27T18:49:34","modified_gmt":"2018-03-27T18:49:34","slug":"depilacion-pinzas-tinte","status":"publish","type":"page","link":"https:\/\/www.amyshouston.com\/es\/tratamientos-corporales-houston\/depilacion-pinzas-tinte\/","title":{"rendered":"Depilaci\u00f3n con cera, pinzas y tinte"},"content":{"rendered":"<div class=\"wpb-content-wrapper\"><div class=\"vc_row wpb_row vc_row-fluid dt-default\" style=\"margin-top: 0px;margin-bottom: 0px\"><div class=\"wpb_column vc_column_container vc_col-sm-12 vc_col-has-fill\"><div class=\"vc_column-inner vc_custom_1519687622681\"><div class=\"wpb_wrapper\"><div id=\"ultimate-heading-753769e7c562e994a\" class=\"uvc-heading ult-adjust-bottom-margin ultimate-heading-753769e7c562e994a uvc-3823\" data-hspacer=\"no_spacer\"  data-halign=\"left\" style=\"text-align:left\"><div class=\"uvc-heading-spacer no_spacer\" style=\"top\"><\/div><div class=\"uvc-main-heading ult-responsive\"  data-ultimate-target='.uvc-heading.ultimate-heading-753769e7c562e994a h2'  data-responsive-json-new='{\"font-size\":\"desktop:26px;\",\"line-height\":\"desktop:36px;\"}' ><h2 style=\"--font-weight:theme;margin-bottom:30px;\">Visi\u00f3n general<\/h2><\/div><\/div>\n\t<div class=\"wpb_text_column wpb_content_element  vc_custom_1520272190196\" >\n\t\t<div class=\"wpb_wrapper\">\n\t\t\t<p class=\"p1\"><span class=\"s1\"><b>Depilaci\u00f3n<\/b> y <b>pinzas <\/b>son m\u00e9todos de depilaci\u00f3n probados, r\u00e1pidos y eficaces, aunque algo inc\u00f3modos. Al eliminar el vello de ra\u00edz, la depilaci\u00f3n con cera puede evitar que vuelva a crecer hasta ocho semanas. Aseg\u00farate de consultar la siguiente lista de consejos para sacar el m\u00e1ximo partido a tu depilaci\u00f3n. Para obtener una lista completa de nuestros servicios de depilaci\u00f3n con cera y sus precios, consulte <a href=\"\/es\/servicios\/\"><span class=\"s2\">aqu\u00ed<\/span><\/a>.<\/span><\/p>\n<p class=\"p1\"><span class=\"s1\"><b>Tintado<\/b> para pesta\u00f1as y cejas. Encontramos el tono o tinte perfecto para usted y lo aplicamos cuidadosamente en las cejas y en las pesta\u00f1as superiores e inferiores. A menudo, las clientas afirman que el tinte de cejas les permite prescindir por completo de las cejas en la rutina de maquillaje matutina.<\/span><\/p>\n<p class=\"p1\"><span class=\"s1\">Ofrecemos <b>Permanente de pesta\u00f1as<\/b> que puede eliminar el rizado de las pesta\u00f1as de su rutina de maquillaje matutina durante un m\u00e1ximo de tres semanas. El proceso, suave y sin dolor, utiliza productos qu\u00edmicos que rompen los enlaces disulfuro de las pesta\u00f1as y, de forma similar a la \"permanente\" del cabello, las pesta\u00f1as se secan en una posici\u00f3n rizada permanente. No m\u00e1s problemas con los rizadores de pesta\u00f1as para lograr un hermoso rizo y levantar las pesta\u00f1as. Precios disponibles <a href=\"\/es\/servicios\/\"><span class=\"s2\">aqu\u00ed<\/span><\/a>.<\/span><\/p>\n\n\t\t<\/div>\n\t<\/div>\n<\/div><\/div><\/div><\/div><div class=\"vc_row wpb_row vc_row-fluid dt-default\" style=\"margin-top: 0px;margin-bottom: 0px\"><div class=\"wpb_column vc_column_container vc_col-sm-6\"><div class=\"vc_column-inner vc_custom_1519350055130\"><div class=\"wpb_wrapper\"><div id=\"ultimate-heading-421969e7c562e9c5c\" class=\"uvc-heading ult-adjust-bottom-margin ultimate-heading-421969e7c562e9c5c uvc-4404\" data-hspacer=\"no_spacer\"  data-halign=\"left\" style=\"text-align:left\"><div class=\"uvc-heading-spacer no_spacer\" style=\"top\"><\/div><div class=\"uvc-main-heading ult-responsive\"  data-ultimate-target='.uvc-heading.ultimate-heading-421969e7c562e9c5c h2'  data-responsive-json-new='{\"font-size\":\"desktop:26px;\",\"line-height\":\"desktop:36px;\"}' ><h2 style=\"--font-weight:theme;margin-bottom:30px;\">Consejos previos a la depilaci\u00f3n<\/h2><\/div><\/div>\n\t<div class=\"wpb_text_column wpb_content_element\" >\n\t\t<div class=\"wpb_wrapper\">\n\t\t\t<ul class=\"ul1\">\n<li class=\"li1\"><span class=\"s2\">Deje que el vello crezca. No se afeite ni se depile durante un m\u00ednimo de 3-4 semanas antes del tratamiento.<\/span><\/li>\n<li class=\"li1\"><span class=\"s2\">La longitud importa. Las depilaciones brasile\u00f1as y del bikini son menos inc\u00f3modas y m\u00e1s eficaces cuando el vello tiene una longitud de entre \u00bc\" y \u00bd\". Ni m\u00e1s corto, ni m\u00e1s largo. As\u00ed que aseg\u00farese de recortar antes de venir a su cita.<\/span><\/li>\n<li class=\"li1\"><span class=\"s2\">Tenga en cuenta su reloj corporal. Las mujeres deben evitar concertar una cita la semana anterior a la menstruaci\u00f3n, ya que una mayor sensibilidad aumentar\u00e1 las molestias.<\/span><\/li>\n<li class=\"li1\"><span class=\"s2\">\u00a1S\u00e1ltate el caf\u00e9 de la ma\u00f1ana! La cafe\u00edna estimula el sistema nervioso, aumentando la sensibilidad.<\/span><\/li>\n<\/ul>\n\n\t\t<\/div>\n\t<\/div>\n<\/div><\/div><\/div><div class=\"wpb_column vc_column_container vc_col-sm-6\"><div class=\"vc_column-inner\"><div class=\"wpb_wrapper\">\n\t<div  class=\"wpb_single_image wpb_content_element vc_align_right  vc_custom_1519687782061\">\n\t\t\n\t\t<figure class=\"wpb_wrapper vc_figure\">\n\t\t\t<div class=\"vc_single_image-wrapper   vc_box_border_grey\"><img decoding=\"async\" class=\"vc_single_image-img\" src=\"https:\/\/tara.amyshouston.com\/spio\/ret_img,q_cdnize,to_avif,s_avif\/www.amyshouston.com\/wp-content\/uploads\/2018\/02\/359_MjYzX2RlcGlsYXRpb25fc2ltLTA3-scaled-400x400.jpg\" width=\"400\" height=\"400\" alt=\"Vello retirado de la superficie de la piel con pera mediante banda depilatoria, depilaci\u00f3n eficaz. Concepto de belleza y cuidado corporal, objeto de arte lineal aislado sobre fondo blanco. Ilustraci\u00f3n vectorial\" title=\"Vello eliminado de la piel mediante bandas de cera\" loading=\"lazy\"  data-dt-location=\"https:\/\/www.amyshouston.com\/es\/tratamientos-corporales-houston\/depilacion-pinzas-tinte\/hair-removed-from-the-skin-by-waxing-strip\/\" \/><\/div>\n\t\t<\/figure>\n\t<\/div>\n<\/div><\/div><\/div><\/div><div class=\"vc_row wpb_row vc_row-fluid dt-default\" style=\"margin-top: 0px;margin-bottom: 0px\"><div class=\"wpb_column vc_column_container vc_col-sm-6\"><div class=\"vc_column-inner\"><div class=\"wpb_wrapper\">\n\t<div  class=\"wpb_single_image wpb_content_element vc_align_left  vc_custom_1522173872409\">\n\t\t\n\t\t<figure class=\"wpb_wrapper vc_figure\">\n\t\t\t<div class=\"vc_single_image-wrapper   vc_box_border_grey\"><img loading=\"lazy\" decoding=\"async\" width=\"1000\" height=\"667\" src=\"https:\/\/www.amyshouston.com\/wp-content\/uploads\/2018\/03\/waxing-eyebrows.jpg\" class=\"vc_single_image-img attachment-large\" alt=\"\" title=\"Primer plano de una mano depilaci\u00f3n con cera hermosa mujer&#039;s ceja\" srcset=\"https:\/\/www.amyshouston.com\/wp-content\/uploads\/2018\/03\/waxing-eyebrows.jpg.webp 1000w, https:\/\/www.amyshouston.com\/wp-content\/uploads\/2018\/03\/waxing-eyebrows-300x200@2x.jpg 600w, https:\/\/www.amyshouston.com\/wp-content\/uploads\/2018\/03\/waxing-eyebrows-300x200.jpg.webp 300w, https:\/\/www.amyshouston.com\/wp-content\/uploads\/2018\/03\/waxing-eyebrows-768x512.jpg.webp 768w\" sizes=\"auto, (max-width: 1000px) 100vw, 1000px\" data-dt-location=\"https:\/\/www.amyshouston.com\/es\/tratamientos-corporales-houston\/depilacion-pinzas-tinte\/close-up-of-a-hand-waxing-beautiful-womans-eyebrow\/\"><\/div>\n\t\t<\/figure>\n\t<\/div>\n<\/div><\/div><\/div><div class=\"wpb_column vc_column_container vc_col-sm-6\"><div class=\"vc_column-inner vc_custom_1519353395756\"><div class=\"wpb_wrapper\"><div id=\"ultimate-heading-132769e7c56303451\" class=\"uvc-heading ult-adjust-bottom-margin ultimate-heading-132769e7c56303451 uvc-3812\" data-hspacer=\"no_spacer\"  data-halign=\"left\" style=\"text-align:left\"><div class=\"uvc-heading-spacer no_spacer\" style=\"top\"><\/div><div class=\"uvc-main-heading ult-responsive\"  data-ultimate-target='.uvc-heading.ultimate-heading-132769e7c56303451 h2'  data-responsive-json-new='{\"font-size\":\"desktop:26px;\",\"line-height\":\"desktop:36px;\"}' ><h2 style=\"--font-weight:theme;margin-bottom:30px;\">Pautas para antes y despu\u00e9s de la depilaci\u00f3n<\/h2><\/div><\/div>\n\t<div class=\"wpb_text_column wpb_content_element\" >\n\t\t<div class=\"wpb_wrapper\">\n\t\t\t<ul class=\"ul1\">\n<li class=\"li1\"><span class=\"s2\">No utilice Retin-A\/Renova al menos 30 d\u00edas antes.<\/span><\/li>\n<li class=\"li1\"><span class=\"s2\">Si ha tomado Accutane, no puede depilarse durante al menos un a\u00f1o.<\/span><\/li>\n<li class=\"li1\"><span class=\"s2\">Evite los peelings (glic\u00f3lico, AHA, etc.) o la dermoabrasi\u00f3n en la zona depilada durante 24 horas.<\/span><\/li>\n<li class=\"li1\"><span class=\"s2\">Evite el consumo excesivo de alcohol y tomar el sol al menos 48 horas antes y despu\u00e9s.<\/span><\/li>\n<li class=\"li1\"><span class=\"s2\">Evite autobronceadores, exfoliantes y cremas hidratantes el d\u00eda del tratamiento, ya que causan irritaci\u00f3n en los fol\u00edculos pilosos sensibles despu\u00e9s de la depilaci\u00f3n.\u00a0<\/span><\/li>\n<li class=\"li1\"><span class=\"s2\">Evite afeitarse entre los tratamientos de depilaci\u00f3n.<\/span><\/li>\n<\/ul>\n\n\t\t<\/div>\n\t<\/div>\n<\/div><\/div><\/div><\/div><div class=\"vc_row wpb_row vc_row-fluid dt-default\" style=\"margin-top: 0px;margin-bottom: 0px\"><div class=\"wpb_column vc_column_container vc_col-sm-12\"><div class=\"vc_column-inner vc_custom_1519352557661\"><div class=\"wpb_wrapper\"><div id=\"ultimate-heading-730069e7c56303751\" class=\"uvc-heading ult-adjust-bottom-margin ultimate-heading-730069e7c56303751 uvc-3364 accent-border-color\" data-hspacer=\"line_only\"  data-halign=\"center\" style=\"text-align:center\"><div class=\"uvc-main-heading ult-responsive\"  data-ultimate-target='.uvc-heading.ultimate-heading-730069e7c56303751 h2'  data-responsive-json-new='{\"font-size\":\"desktop:40px;\",\"line-height\":\"desktop:50px;\"}' ><h2 style=\"--font-weight:theme;margin-bottom:15px;\">Preguntas frecuentes<\/h2><\/div><div class=\"uvc-heading-spacer line_only\" style=\"margin-bottom:55px;height:3px;\"><span class=\"uvc-headings-line\" style=\"border-style:solid;border-bottom-width:3px;border-color:#ccc;width:180px;\"><\/span><\/div><\/div><div  class=\"vc_do_toggle vc_toggle vc_toggle_text_only vc_toggle_color_default  vc_toggle_size_md vc_toggle_active\"><div class=\"vc_toggle_title\"><h4>\u00bfDuele la depilaci\u00f3n?<\/h4><i class=\"vc_toggle_icon\"><\/i><\/div><div class=\"vc_toggle_content\"><p class=\"p1\"><span class=\"s1\">Dependiendo de su tolerancia al dolor, sentir\u00e1 una molestia leve o media que durar\u00e1 unos minutos como m\u00e1ximo. Nuestros amables profesionales est\u00e1n formados para que el proceso sea lo m\u00e1s f\u00e1cil y menos doloroso posible.<\/span><\/p>\n<\/div><\/div><div  class=\"vc_do_toggle vc_toggle vc_toggle_text_only vc_toggle_color_default  vc_toggle_size_md vc_toggle_active\"><div class=\"vc_toggle_title\"><h4>\u00bfQu\u00e9 debo hacer despu\u00e9s de depilarme?<\/h4><i class=\"vc_toggle_icon\"><\/i><\/div><div class=\"vc_toggle_content\"><p class=\"p1\"><span class=\"s1\">Aplica aloe vera o crema de hidrocortisona. Lave la zona, pero evite los limpiadores o cremas fuertes o intensivos durante 48 horas. Las duchas y los ba\u00f1os deben ser tibios, evite el agua demasiado caliente, especialmente los jacuzzis durante unos d\u00edas. Evite tomar el sol y broncearse durante al menos 24-48 horas. <\/span><\/p>\n<\/div><\/div><div  class=\"vc_do_toggle vc_toggle vc_toggle_text_only vc_toggle_color_default  vc_toggle_size_md vc_toggle_active\"><div class=\"vc_toggle_title\"><h4>\u00bfY esos molestos pelos encarnados?<\/h4><i class=\"vc_toggle_icon\"><\/i><\/div><div class=\"vc_toggle_content\"><p class=\"p1\"><span class=\"s1\">Puede ayudar a prevenirlos completamente exfoliando la zona 2-3 d\u00edas despu\u00e9s del tratamiento y manteniendo una rutina de exfoliaci\u00f3n regular en el futuro. Si te sale un pelo encarnado, pregunta a tu esteticista por nuestros productos para resolverlos.<\/span><\/p>\n<\/div><\/div><div  class=\"vc_do_toggle vc_toggle vc_toggle_text_only vc_toggle_color_default  vc_toggle_size_md vc_toggle_active\"><div class=\"vc_toggle_title\"><h4>Con el tintado, \u00bfc\u00f3mo s\u00e9 qu\u00e9 tono me conviene?<\/h4><i class=\"vc_toggle_icon\"><\/i><\/div><div class=\"vc_toggle_content\"><p class=\"p1\"><span class=\"s1\">Nuestros amables profesionales se fijar\u00e1n en tus ra\u00edces para igualar tu color natural de pelo y potenciar al m\u00e1ximo tu belleza natural sin el tiempo que te lleva cada ma\u00f1ana rellenar y resaltar tus cejas y pesta\u00f1as.<\/span><\/p>\n<\/div><\/div><div  class=\"vc_do_toggle vc_toggle vc_toggle_text_only vc_toggle_color_default  vc_toggle_size_md vc_toggle_active\"><div class=\"vc_toggle_title\"><h4>\u00bfDebo depilarme con pinzas o con cera?<\/h4><i class=\"vc_toggle_icon\"><\/i><\/div><div class=\"vc_toggle_content\"><p class=\"p1\"><span class=\"s1\">La depilaci\u00f3n con pinzas es una t\u00e9cnica estupenda para dar forma y mantenimiento. Si deseas una forma diferente, la depilaci\u00f3n con pinzas puede ser una herramienta eficaz. La depilaci\u00f3n con cera es excelente para eliminar un gran n\u00famero de pelos de una sola vez. Para determinar qu\u00e9 tratamiento es perfecto para sus necesidades y deseos, \u00a1s\u00f3lo tiene que preguntar a uno de nuestros amables y expertos esteticistas! <\/span><\/p>\n<\/div><\/div><div  class=\"vc_do_toggle vc_toggle vc_toggle_text_only vc_toggle_color_default  vc_toggle_size_md vc_toggle_active\"><div class=\"vc_toggle_title\"><h4>\u00bfC\u00f3mo empezar?<\/h4><i class=\"vc_toggle_icon\"><\/i><\/div><div class=\"vc_toggle_content\"><p class=\"p1\"><span class=\"s1\">Llame a uno de nuestros amables empleados al (281) 589-1888 para concertar una consulta\/cita.<\/span><\/p>\n<\/div><\/div><\/div><\/div><\/div><\/div>\n<\/div>","protected":false},"excerpt":{"rendered":"<p>Resumen La depilaci\u00f3n con cera y pinzas son m\u00e9todos de depilaci\u00f3n probados, r\u00e1pidos y eficaces, aunque algo inc\u00f3modos. Al eliminar el vello de ra\u00edz, la depilaci\u00f3n con cera puede evitar que vuelva a crecer hasta ocho semanas. Aseg\u00farate de consultar la siguiente lista de consejos para sacar el m\u00e1ximo partido a tu depilaci\u00f3n con cera....<\/p>","protected":false},"author":2,"featured_media":0,"parent":2673,"menu_order":2,"comment_status":"closed","ping_status":"closed","template":"","meta":{"footnotes":""},"class_list":["post-3009","page","type-page","status-publish","hentry","description-off"],"_links":{"self":[{"href":"https:\/\/www.amyshouston.com\/es\/wp-json\/wp\/v2\/pages\/3009","targetHints":{"allow":["GET"]}}],"collection":[{"href":"https:\/\/www.amyshouston.com\/es\/wp-json\/wp\/v2\/pages"}],"about":[{"href":"https:\/\/www.amyshouston.com\/es\/wp-json\/wp\/v2\/types\/page"}],"author":[{"embeddable":true,"href":"https:\/\/www.amyshouston.com\/es\/wp-json\/wp\/v2\/users\/2"}],"replies":[{"embeddable":true,"href":"https:\/\/www.amyshouston.com\/es\/wp-json\/wp\/v2\/comments?post=3009"}],"version-history":[{"count":0,"href":"https:\/\/www.amyshouston.com\/es\/wp-json\/wp\/v2\/pages\/3009\/revisions"}],"up":[{"embeddable":true,"href":"https:\/\/www.amyshouston.com\/es\/wp-json\/wp\/v2\/pages\/2673"}],"wp:attachment":[{"href":"https:\/\/www.amyshouston.com\/es\/wp-json\/wp\/v2\/media?parent=3009"}],"curies":[{"name":"wp","href":"https:\/\/api.w.org\/{rel}","templated":true}]}}