{"id":2446,"date":"2016-10-04T19:11:04","date_gmt":"2016-10-04T19:11:04","guid":{"rendered":"http:\/\/www.amyshouston.com\/?page_id=2446"},"modified":"2016-10-04T19:11:04","modified_gmt":"2016-10-04T19:11:04","slug":"depilacion-laser-houston-ppc","status":"publish","type":"page","link":"https:\/\/www.amyshouston.com\/es\/ppc\/depilacion-laser-houston-ppc\/","title":{"rendered":"Depilaci\u00f3n L\u00e1ser Houston"},"content":{"rendered":"<div class=\"wpb-content-wrapper\"><div class=\"vc_row wpb_row vc_row-fluid dt-default\" style=\"margin-top: 0px;margin-bottom: 0px\"><div class=\"wpb_column vc_column_container vc_col-sm-12\"><div class=\"vc_column-inner vc_custom_1475618114249\"><div class=\"wpb_wrapper\"><\/div><\/div><\/div><\/div><div class=\"vc_row wpb_row vc_row-fluid dt-default\" style=\"margin-top: 0px;margin-bottom: 0px\"><div class=\"wpb_column vc_column_container vc_col-sm-8\"><div class=\"vc_column-inner vc_custom_1475618060053\"><div class=\"wpb_wrapper\">\n\t<div class=\"wpb_video_widget wpb_content_element vc_clearfix   vc_video-aspect-ratio-169 vc_video-el-width-100 vc_video-align-left\" >\n\t\t<div class=\"wpb_wrapper\">\n\t\t\t\n\t\t\t<div class=\"wpb_video_wrapper\"><iframe loading=\"lazy\" width=\"1200\" height=\"675\" src=\"https:\/\/www.youtube.com\/embed\/Yqmb_08UQNw?feature=oembed\" frameborder=\"0\" allow=\"autoplay; encrypted-media\" allowfullscreen><\/iframe><\/div>\n\t\t<\/div>\n\t<\/div>\n<\/div><\/div><\/div><div class=\"wpb_column vc_column_container vc_col-sm-4\"><div class=\"vc_column-inner vc_custom_1475622755917\"><div class=\"wpb_wrapper\">\n\t<div  class=\"wpb_single_image wpb_content_element vc_align_center\">\n\t\t\n\t\t<figure class=\"wpb_wrapper vc_figure\">\n\t\t\t<a href=\"tel:2815891888\" target=\"_self\"  class=\"vc_single_image-wrapper   vc_box_border_grey rollover\"   ><img loading=\"lazy\" decoding=\"async\" width=\"808\" height=\"908\" src=\"https:\/\/www.amyshouston.com\/wp-content\/uploads\/2016\/10\/laser-hair-removal-bannerad-1.jpg\" class=\"vc_single_image-img attachment-full\" alt=\"Depilaci\u00f3n L\u00e1ser Houston\" title=\"Depilaci\u00f3n L\u00e1ser Houston\" srcset=\"https:\/\/www.amyshouston.com\/wp-content\/uploads\/2016\/10\/laser-hair-removal-bannerad-1.jpg.webp 808w, https:\/\/www.amyshouston.com\/wp-content\/uploads\/2016\/10\/laser-hair-removal-bannerad-1-600x674.jpg.webp 600w, https:\/\/www.amyshouston.com\/wp-content\/uploads\/2016\/10\/laser-hair-removal-bannerad-1-267x300.jpg.webp 267w, https:\/\/www.amyshouston.com\/wp-content\/uploads\/2016\/10\/laser-hair-removal-bannerad-1-768x863.jpg.webp 768w, https:\/\/www.amyshouston.com\/wp-content\/uploads\/2016\/10\/laser-hair-removal-bannerad-1-267x300@2x.jpg 534w\" sizes=\"auto, (max-width: 808px) 100vw, 808px\"  data-dt-location=\"https:\/\/www.amyshouston.com\/es\/laser-hair-removal-bannerad\/\" \/><\/a>\n\t\t<\/figure>\n\t<\/div>\n<\/div><\/div><\/div><\/div><div class=\"vc_row wpb_row vc_row-fluid dt-default\" style=\"margin-top: 0px;margin-bottom: 0px\"><div class=\"wpb_column vc_column_container vc_col-sm-12\"><div class=\"vc_column-inner\"><div class=\"wpb_wrapper\"><h2 style=\"color: #ffffff;text-align: center;font-family:Roboto;font-weight:100;font-style:normal\" class=\"vc_custom_heading vc_do_custom_heading\" >Experimente la depilaci\u00f3n l\u00e1ser r\u00e1pida, f\u00e1cil e indolora sin tiempo de inactividad.<\/h2><\/div><\/div><\/div><\/div><div class=\"vc_row wpb_row vc_row-fluid dt-default\" style=\"margin-top: 0px;margin-bottom: 0px\"><div class=\"wpb_column vc_column_container vc_col-sm-8\"><div class=\"vc_column-inner\"><div class=\"wpb_wrapper\">\n\t<div class=\"wpb_text_column wpb_content_element  vc_custom_1475623032925\" >\n\t\t<div class=\"wpb_wrapper\">\n\t\t\t<h2><\/h2>\n<h2>Especialista en depilaci\u00f3n l\u00e1ser en Houston<\/h2>\n<p><span style=\"font-size: 12pt;\">La depilaci\u00f3n l\u00e1ser es lo que hacemos en Houston. Podemos eliminar permanentemente el vello no deseado con resultados de por vida. No m\u00e1s golpes, rastrojos, o irritaci\u00f3n. Con nuestra tecnolog\u00eda l\u00e1ser m\u00e9dica de vanguardia GentleLase \u2122 y profesionales m\u00e9dicos con licencia l\u00e1ser, te dejaremos con un aspecto suave y liso.<\/span><\/p>\n<p>&nbsp;<\/p>\n<h2>Plan de tratamiento personalizado<\/h2>\n<p><span style=\"font-size: 12pt;\">Nuestros profesionales licenciados en l\u00e1ser personalizan y dise\u00f1an un plan de tratamiento s\u00f3lo para usted para eliminar el vello de cualquier tipo de piel, complexi\u00f3n o parte del cuerpo. Utilizamos la \u00faltima tecnolog\u00eda de depilaci\u00f3n l\u00e1ser Gentle, el tratamiento m\u00e9dico de depilaci\u00f3n l\u00edder en el mundo, para adaptarnos mejor al tipo de piel particular de cada paciente y eliminar de forma permanente el vello no deseado y proporcionar resultados de por vida.<\/span><\/p>\n<p>&nbsp;<\/p>\n<h2>Tiempo de inactividad cero y resultados incre\u00edbles<\/h2>\n<p><span style=\"font-size: 12pt;\">El procedimiento es r\u00e1pido y no invasivo, con cero tiempo de inactividad y cero tiempo de recuperaci\u00f3n, \u00a1puede esperar entrar y salir en aproximadamente una hora! Puede someterse al tratamiento y volver inmediatamente al trabajo, a la escuela o a otras actividades normales.\u00a0<\/span><\/p>\n<p>&nbsp;<\/p>\n<h2>Planes asequibles para cualquier presupuesto<\/h2>\n<p><strong><span style=\"font-size: 12pt; font-family: arial, helvetica, sans-serif;\">Ofrecemos las tarifas de paquetes m\u00e1s competitivas de la ciudad y, por ahora, le ofrecemos hasta 70% DE DESCUENTO en cualquier paquete de depilaci\u00f3n l\u00e1ser. Tambi\u00e9n disponemos de opciones de pago mensual reducidas. No espere m\u00e1s, <\/span><span style=\"font-family: arial, helvetica, sans-serif;\"><span style=\"font-size: 12pt; color: #000000;\">programe ahora una consulta GRATUITA<\/span><\/span><\/strong><\/p>\n\n\t\t<\/div>\n\t<\/div>\n<\/div><\/div><\/div><div class=\"wpb_column vc_column_container vc_col-sm-4 vc_col-has-fill\"><div class=\"vc_column-inner vc_custom_1475623181098\"><div class=\"wpb_wrapper\"><h3 style=\"text-align: left;font-family:Lato;font-weight:400;font-style:normal\" class=\"vc_custom_heading vc_do_custom_heading\" >Solicite una consulta gratuita hoy mismo<\/h3><h4 style=\"text-align: left;font-family:Lato;font-weight:400;font-style:normal\" class=\"vc_custom_heading vc_do_custom_heading\" >Rellene el siguiente formulario o ll\u00e1menos al 281-589-1888<\/h4>\n<div class=\"wpcf7 no-js\" id=\"wpcf7-f4181-o1\" lang=\"en-US\" dir=\"ltr\" data-wpcf7-id=\"4181\">\n<div class=\"screen-reader-response\"><p role=\"status\" aria-live=\"polite\" aria-atomic=\"true\"><\/p> <ul><\/ul><\/div>\n<form action=\"\/es\/wp-json\/wp\/v2\/pages\/2446#wpcf7-f4181-o1\" method=\"post\" class=\"wpcf7-form init\" aria-label=\"Formulario de contacto\" novalidate=\"novalidate\" data-status=\"init\" data-trp-original-action=\"\/es\/wp-json\/wp\/v2\/pages\/2446#wpcf7-f4181-o1\">\n<fieldset class=\"hidden-fields-container\"><input type=\"hidden\" name=\"_wpcf7\" value=\"4181\" \/><input type=\"hidden\" name=\"_wpcf7_version\" value=\"6.1.1\" \/><input type=\"hidden\" name=\"_wpcf7_locale\" value=\"en_US\" \/><input type=\"hidden\" name=\"_wpcf7_unit_tag\" value=\"wpcf7-f4181-o1\" \/><input type=\"hidden\" name=\"_wpcf7_container_post\" value=\"0\" \/><input type=\"hidden\" name=\"_wpcf7_posted_data_hash\" value=\"\" \/>\n<\/fieldset>\n<div class=\"one-third\">\n\t<p><label> Nombre completo* (Nombre, apellidos)<br \/>\n<\/label><br \/>\n<span class=\"wpcf7-form-control-wrap\" data-name=\"your-name\"><input size=\"40\" maxlength=\"400\" class=\"wpcf7-form-control wpcf7-text wpcf7-validates-as-required\" aria-required=\"true\" aria-invalid=\"false\" value=\"\" type=\"text\" name=\"your-name\" \/><\/span>\n\t<\/p>\n<\/div>\n<div class=\"one-third\">\n\t<p><label> N\u00famero de tel\u00e9fono<br \/>\n<\/label><br \/>\n<span class=\"wpcf7-form-control-wrap\" data-name=\"tel-num\"><input size=\"40\" maxlength=\"400\" class=\"wpcf7-form-control wpcf7-tel wpcf7-validates-as-required wpcf7-text wpcf7-validates-as-tel\" aria-required=\"true\" aria-invalid=\"false\" value=\"\" type=\"tel\" name=\"tel-num\" \/><\/span>\n\t<\/p>\n<\/div>\n<div class=\"one-third last\">\n\t<p><label> Su correo electr\u00f3nico<br \/>\n<\/label><br \/>\n<span class=\"wpcf7-form-control-wrap\" data-name=\"your-email\"><input size=\"40\" maxlength=\"400\" class=\"wpcf7-form-control wpcf7-email wpcf7-validates-as-required wpcf7-text wpcf7-validates-as-email\" aria-required=\"true\" aria-invalid=\"false\" value=\"\" type=\"email\" name=\"your-email\" \/><\/span>\n\t<\/p>\n<\/div>\n<div class=\"one-third\">\n\t<p><label> G\u00e9nero <\/label><br \/>\n<span class=\"wpcf7-form-control-wrap\" data-name=\"Gender\"><select class=\"wpcf7-form-control wpcf7-select\" aria-invalid=\"false\" name=\"Gender\"><option value=\"Please Select\" selected=\"selected\">Seleccione una opci\u00f3n<\/option><option value=\"Male\">Hombre<\/option><option value=\"Female\">Mujer<\/option><\/select><\/span>\n\t<\/p>\n<\/div>\n<div class=\"one-third\">\n\t<p><label> Fecha\/hora de cita preferida*. <\/label><br \/>\n<span class=\"wpcf7-form-control-wrap datetime-888\"><input size=\"40\" class=\"wpcf7-form-control wpcf7-datetime wpcf7-validates-as-required wpcf7-date\" type=\"text\" aria-required=\"true\" value=\"\" name=\"datetime-888\" \/> <\/span>\n\t<\/p>\n<\/div>\n<div class=\"one-third last\">\n\t<p><label> \u00bfC\u00f3mo podemos ponernos en contacto con usted? <\/label><br \/>\n<span class=\"wpcf7-form-control-wrap\" data-name=\"contact-method\"><select class=\"wpcf7-form-control wpcf7-select wpcf7-validates-as-required\" aria-required=\"true\" aria-invalid=\"false\" name=\"contact-method\"><option value=\"Phone\">Tel\u00e9fono<\/option><option value=\"Text Message\">Mensaje de texto<\/option><option value=\"Email\">Correo electr\u00f3nico<\/option><\/select><\/span>\n\t<\/p>\n<\/div>\n<p><label> \u00bfQu\u00e9 servicio le interesa o desea programar?<\/label><br \/>\n<span class=\"wpcf7-form-control-wrap\" data-name=\"select-service\"><select class=\"wpcf7-form-control wpcf7-select wpcf7-validates-as-required\" aria-required=\"true\" aria-invalid=\"false\" name=\"select-service\"><option value=\"Please Select\">Seleccione una opci\u00f3n<\/option><option value=\"Visia Skin Complexion Analysis\">An\u00e1lisis Visia de la tez<\/option><option value=\"Green Peel\">C\u00e1scara verde<\/option><option value=\"Acne Treatment\">Tratamiento del acn\u00e9<\/option><option value=\"Facial Treatments\">Tratamientos faciales<\/option><option value=\"Clinical Peeling Treatments\">Tratamientos cl\u00ednicos de peeling<\/option><option value=\"Epidermal Leveling \/ Dermaplaning\">Nivelaci\u00f3n epid\u00e9rmica \/ Dermaplaning<\/option><option value=\"Microdermabrasion\">Microdermoabrasi\u00f3n<\/option><option value=\"Non-Surgical Facelift\">Lifting facial no quir\u00fargico<\/option><option value=\"Electrolysis\">Electr\u00f3lisis<\/option><option value=\"Ulthrerapy\">Ultraterapia<\/option><option value=\"Gentle Laser Hair Removal\">Depilaci\u00f3n l\u00e1ser suave<\/option><option value=\"Venus Legacy Body Contouring\">Venus Legacy Contorno Corporal<\/option><option value=\"Skin Tag Removal\">Eliminaci\u00f3n de marcas en la piel<\/option><option value=\"Waxing, Tweezing, and Tinting\">Depilaci\u00f3n con cera, pinzas y tinte<\/option><option value=\"Capillary and Lesion Removal\">Eliminaci\u00f3n de capilares y lesiones<\/option><option value=\"Cellulite Reduction\">Reducci\u00f3n de la celulitis<\/option><option value=\"Permanent Makeup\">Maquillaje permanente<\/option><\/select><\/span>\n<\/p>\n<p><span class=\"wpcf7-form-control-wrap\" data-name=\"Add-Message\"><textarea cols=\"4\" rows=\"4\" maxlength=\"2000\" class=\"wpcf7-form-control wpcf7-textarea wpcf7-validates-as-required\" aria-required=\"true\" aria-invalid=\"false\" placeholder=\"\u00bfHay algo que le gustar\u00eda que supi\u00e9ramos en relaci\u00f3n con esta cita o consulta?\" name=\"Add-Message\"><\/textarea><\/span>\n<\/p>\n<p><label>\u00bfC\u00f3mo nos conoci\u00f3?<\/label><br \/>\n<span class=\"wpcf7-form-control-wrap\" data-name=\"radio-403\"><span class=\"wpcf7-form-control wpcf7-radio\"><span class=\"wpcf7-list-item first\"><input type=\"radio\" name=\"radio-403\" value=\"Google\" checked=\"checked\" \/><span class=\"wpcf7-list-item-label\">Google<\/span><\/span><span class=\"wpcf7-list-item\"><input type=\"radio\" name=\"radio-403\" value=\"Yahoo\" \/><span class=\"wpcf7-list-item-label\">Yahoo<\/span><\/span><span class=\"wpcf7-list-item\"><input type=\"radio\" name=\"radio-403\" value=\"Facebook\" \/><span class=\"wpcf7-list-item-label\">Facebook<\/span><\/span><span class=\"wpcf7-list-item\"><input type=\"radio\" name=\"radio-403\" value=\"Bing\" \/><span class=\"wpcf7-list-item-label\">Bing<\/span><\/span><span class=\"wpcf7-list-item last\"><input type=\"radio\" name=\"radio-403\" value=\"Yelp\" \/><span class=\"wpcf7-list-item-label\">Yelp<\/span><\/span><\/span><\/span>\n<\/p>\n<p><input class=\"wpcf7-form-control wpcf7-submit has-spinner\" type=\"submit\" value=\"Solicitar cita\" \/>\n<\/p><div class=\"wpcf7-response-output\" aria-hidden=\"true\"><\/div>\n<input type=\"hidden\" name=\"trp-form-language\" value=\"es\"\/><\/form>\n<\/div>\n<\/div><\/div><\/div><\/div><div class=\"vc_row wpb_row vc_row-fluid dt-default\" style=\"margin-top: 0px;margin-bottom: 0px\"><div class=\"wpb_column vc_column_container vc_col-sm-4\"><div class=\"vc_column-inner\"><div class=\"wpb_wrapper\"><\/div><\/div><\/div><div class=\"wpb_column vc_column_container vc_col-sm-4\"><div class=\"vc_column-inner\"><div class=\"wpb_wrapper\">\n\t<div class=\"wpb_text_column wpb_content_element\" >\n\t\t<div class=\"wpb_wrapper\">\n\t\t\t<p><center><script src=\"http:\/\/seal-houston.bbb.org\/inc\/legacy.js\" type=\"text\/javascript\"><\/script><a id=\"bbblink\" class=\"ruhzbum\" href=\"http:\/\/www.bbb.org\/houston\/business-reviews\/skin-care\/amy-s-skin-care-in-houston-tx-90020879\/#bbbonlineclick\" target=\"_blank\" rel=\"nofollow noopener\"><\/a><\/center><center><\/center><center><\/center><center><\/center><center><a id=\"bbblink\" class=\"ruhzbum\" href=\"http:\/\/www.bbb.org\/houston\/business-reviews\/skin-care\/amy-s-skin-care-in-houston-tx-90020879\/#bbbonlineclick\" target=\"_blank\" rel=\"nofollow noopener\"><img decoding=\"async\" class=\"aligncenter\" style=\"border: 0;\" src=\"http:\/\/seal-houston.bbb.org\/logo\/ruhzbum\/bbb-55252.png\" alt=\"Amy&#039;s Luxury MedSpa BBB Business Review\" title=\"\"><\/a><\/center><\/p>\n\n\t\t<\/div>\n\t<\/div>\n<div class=\"vc_empty_space\"   style=\"height: 32px\"><span class=\"vc_empty_space_inner\"><\/span><\/div><\/div><\/div><\/div><div class=\"wpb_column vc_column_container vc_col-sm-4\"><div class=\"vc_column-inner\"><div class=\"wpb_wrapper\"><\/div><\/div><\/div><\/div>\n<\/div>","protected":false},"excerpt":{"rendered":"<p>La experiencia r\u00e1pida, f\u00e1cil, la depilaci\u00f3n l\u00e1ser sin dolor con cero tiempo de inactividad. Houston Especialista en Depilaci\u00f3n L\u00e1ser La depilaci\u00f3n l\u00e1ser es lo que hacemos en Houston. Podemos eliminar permanentemente el vello no deseado con resultados de por vida. No m\u00e1s golpes, rastrojos, o irritaci\u00f3n. Con nuestra tecnolog\u00eda l\u00e1ser m\u00e9dica de vanguardia GentleLase \u2122 y profesionales m\u00e9dicos con licencia l\u00e1ser, te dejaremos luciendo...<\/p>","protected":false},"author":1,"featured_media":0,"parent":2444,"menu_order":0,"comment_status":"closed","ping_status":"closed","template":"","meta":{"footnotes":""},"class_list":["post-2446","page","type-page","status-publish","hentry","description-off"],"_links":{"self":[{"href":"https:\/\/www.amyshouston.com\/es\/wp-json\/wp\/v2\/pages\/2446","targetHints":{"allow":["GET"]}}],"collection":[{"href":"https:\/\/www.amyshouston.com\/es\/wp-json\/wp\/v2\/pages"}],"about":[{"href":"https:\/\/www.amyshouston.com\/es\/wp-json\/wp\/v2\/types\/page"}],"author":[{"embeddable":true,"href":"https:\/\/www.amyshouston.com\/es\/wp-json\/wp\/v2\/users\/1"}],"replies":[{"embeddable":true,"href":"https:\/\/www.amyshouston.com\/es\/wp-json\/wp\/v2\/comments?post=2446"}],"version-history":[{"count":0,"href":"https:\/\/www.amyshouston.com\/es\/wp-json\/wp\/v2\/pages\/2446\/revisions"}],"up":[{"embeddable":true,"href":"https:\/\/www.amyshouston.com\/es\/wp-json\/wp\/v2\/pages\/2444"}],"wp:attachment":[{"href":"https:\/\/www.amyshouston.com\/es\/wp-json\/wp\/v2\/media?parent=2446"}],"curies":[{"name":"wp","href":"https:\/\/api.w.org\/{rel}","templated":true}]}}