{"id":2137,"date":"2016-04-01T16:54:33","date_gmt":"2016-04-01T16:54:10","guid":{"rendered":"http:\/\/www.amyshouston.com\/?page_id=2137"},"modified":"2018-05-15T19:59:12","modified_gmt":"2018-05-16T00:59:12","slug":"masaje-houston","status":"publish","type":"page","link":"https:\/\/www.amyshouston.com\/es\/masaje-houston\/","title":{"rendered":"Masajes"},"content":{"rendered":"<div class=\"wpb-content-wrapper\"><div class=\"vc_row wpb_row vc_row-fluid dt-default\" style=\"margin-top: 0px;margin-bottom: 0px\"><div class=\"wpb_column vc_column_container vc_col-sm-6\"><div class=\"vc_column-inner\"><div class=\"wpb_wrapper\">\n\t<div class=\"wpb_text_column wpb_content_element\" >\n\t\t<div class=\"wpb_wrapper\">\n\t\t\t<h2>Masaje Personalizado Houston<\/h2>\n<p><span style=\"font-size: 12pt;\">Nuestros experimentados terapeutas ofrecen una fusi\u00f3n de productos y estilos de masaje para atender sus necesidades espec\u00edficas. Entre las afecciones que pueden beneficiarse de pr\u00e1cticas especializadas se incluyen el embarazo, la oncolog\u00eda y los masajes deportivos.<\/span><\/p>\n<p>&nbsp;<\/p>\n<h2>Masaje de tejido profundo<\/h2>\n<p><span style=\"font-size: 12pt;\">Se aplica una presi\u00f3n de alivio muscular para tratar la tensi\u00f3n intensa en el m\u00fasculo y el tejido conjuntivo. Centr\u00e1ndose en los m\u00fasculos situados debajo de la superficie de los m\u00fasculos superiores, masaje de tejido profundo se recomienda para las personas que experimentan dolor constante, que participan en la actividad atl\u00e9tica pesada y los que han sufrido lesiones f\u00edsicas.<\/span><\/p>\n<p>&nbsp;<\/p>\n<h2>Masaje sueco y reflexolog\u00eda<\/h2>\n<p><span style=\"font-size: 12pt;\">La reflexolog\u00eda, una antigua terapia curativa tan placentera como beneficiosa, se basa en el principio de que todos los \u00f3rganos del cuerpo est\u00e1n conectados a los puntos reflejos de los pies a trav\u00e9s de canales de energ\u00eda que fluyen constantemente. El masaje de los puntos reflejos clave restablece el flujo natural de energ\u00eda y mejora la salud general al enviar ondas de relajaci\u00f3n profunda por todo el cuerpo.<\/span><\/p>\n<p>&nbsp;<\/p>\n<h2>Ventosas terap\u00e9uticas<\/h2>\n<p><span style=\"font-size: 12pt;\">Esta t\u00e9cnica se utiliza en todo el cuerpo para tratar los m\u00fasculos doloridos. Las ventosas terap\u00e9uticas utilizan la succi\u00f3n para penetrar en los tejidos corporales y liberar las toxinas que se acumulan en el organismo. Una vez liberadas estas toxinas, el terapeuta las desplaza a trav\u00e9s del sistema linf\u00e1tico para que el cuerpo pueda eliminarlas como corresponde.<\/span><\/p>\n\n\t\t<\/div>\n\t<\/div>\n<\/div><\/div><\/div><div class=\"wpb_column vc_column_container vc_col-sm-6\"><div class=\"vc_column-inner\"><div class=\"wpb_wrapper\">\n\t<div  class=\"wpb_single_image wpb_content_element vc_align_center\">\n\t\t\n\t\t<figure class=\"wpb_wrapper vc_figure\">\n\t\t\t<div class=\"vc_single_image-wrapper   vc_box_border_grey\"><img loading=\"lazy\" decoding=\"async\" width=\"664\" height=\"1000\" src=\"https:\/\/www.amyshouston.com\/wp-content\/uploads\/2018\/03\/massage-houston-77077.jpg\" class=\"vc_single_image-img attachment-full\" alt=\"\" title=\"massage-houston-77077\" srcset=\"https:\/\/www.amyshouston.com\/wp-content\/uploads\/2018\/03\/massage-houston-77077.jpg.webp 664w, https:\/\/www.amyshouston.com\/wp-content\/uploads\/2018\/03\/massage-houston-77077-600x904.jpg.webp 600w, https:\/\/www.amyshouston.com\/wp-content\/uploads\/2018\/03\/massage-houston-77077-199x300.jpg.webp 199w, https:\/\/www.amyshouston.com\/wp-content\/uploads\/2018\/03\/massage-houston-77077-199x300@2x.jpg 398w\" sizes=\"auto, (max-width: 664px) 100vw, 664px\" data-dt-location=\"https:\/\/www.amyshouston.com\/es\/masaje-houston\/massage-houston-77077\/\"><\/div>\n\t\t<\/figure>\n\t<\/div>\n<\/div><\/div><\/div><\/div>\n<\/div>","protected":false},"excerpt":{"rendered":"<p>Masaje Personalizado Houston Nuestros experimentados terapeutas ofrecen una fusi\u00f3n de productos y estilos de masaje para cuidar de sus necesidades \u00fanicas. Las condiciones que pueden beneficiarse de las pr\u00e1cticas especializadas incluyen Embarazo, Oncolog\u00eda y Masajes Deportivos.   Masaje de Tejido Profundo La presi\u00f3n de alivio muscular se aplica para hacer frente a la tensi\u00f3n severa en el m\u00fasculo y el tejido conectivo. Centr\u00e1ndose en...<\/p>","protected":false},"author":1,"featured_media":0,"parent":0,"menu_order":14,"comment_status":"closed","ping_status":"closed","template":"","meta":{"footnotes":""},"class_list":["post-2137","page","type-page","status-publish","hentry","description-off"],"_links":{"self":[{"href":"https:\/\/www.amyshouston.com\/es\/wp-json\/wp\/v2\/pages\/2137","targetHints":{"allow":["GET"]}}],"collection":[{"href":"https:\/\/www.amyshouston.com\/es\/wp-json\/wp\/v2\/pages"}],"about":[{"href":"https:\/\/www.amyshouston.com\/es\/wp-json\/wp\/v2\/types\/page"}],"author":[{"embeddable":true,"href":"https:\/\/www.amyshouston.com\/es\/wp-json\/wp\/v2\/users\/1"}],"replies":[{"embeddable":true,"href":"https:\/\/www.amyshouston.com\/es\/wp-json\/wp\/v2\/comments?post=2137"}],"version-history":[{"count":0,"href":"https:\/\/www.amyshouston.com\/es\/wp-json\/wp\/v2\/pages\/2137\/revisions"}],"wp:attachment":[{"href":"https:\/\/www.amyshouston.com\/es\/wp-json\/wp\/v2\/media?parent=2137"}],"curies":[{"name":"wp","href":"https:\/\/api.w.org\/{rel}","templated":true}]}}