{"id":13,"date":"2016-01-29T10:14:33","date_gmt":"2016-01-29T10:14:33","guid":{"rendered":"http:\/\/the7.io\/beauty-studio\/?page_id=13"},"modified":"2025-06-22T16:45:14","modified_gmt":"2025-06-22T21:45:14","slug":"reservar-cita","status":"publish","type":"page","link":"https:\/\/www.amyshouston.com\/es\/reservar-cita\/","title":{"rendered":"P\u00f3ngase en contacto con"},"content":{"rendered":"<div class=\"wpb-content-wrapper\"><div data-vc-full-width=\"true\" data-vc-full-width-init=\"false\" class=\"vc_row wpb_row vc_row-fluid vc_custom_1659674259303 vc_row-has-fill\"><div class=\"wpb_column vc_column_container vc_col-sm-12 vc_col-lg-12 vc_col-md-12\"><div class=\"vc_column-inner\"><div class=\"wpb_wrapper\"><div id='wrap_map_6a095076667db' class='ultimate-map-wrapper ult-adjust-bottom-margin' style=' height:400px;'><div id='map_6a095076667db' data-map_override='0' class='ultimate_google_map wpb_content_element 0' style='width:100%;height:400px;'><\/div><\/div><script type='text\/javascript'>\n\t\t\t(function($) {\n  \t\t\t'use strict';\n\t\t\tvar map_map_6a095076667db = null;\n\t\t\tvar coordinate_map_6a095076667db;\n\t\t\tvar isDraggable = $(document).width() > 641 ? 'true' : 'true';\n\t\t\ttry\n\t\t\t{\n\t\t\t\tvar map_map_6a095076667db = null;\n\t\t\t\tvar coordinate_map_6a095076667db;\n\t\t\t\tcoordinate_map_6a095076667db = new google.maps.LatLng(29.736857, -95.597719);\n\t\t\t\tvar mapOptions=\n\t\t\t\t{\n\t\t\t\t\tzoom: 11,\n\t\t\t\t\tcenter: coordinate_map_6a095076667db,\n\t\t\t\t\tscaleControl: true,\n\t\t\t\t\tstreetViewControl: true,\n\t\t\t\t\tmapTypeControl: true,\n\t\t\t\t\tpanControl: false,\n\t\t\t\t\tzoomControl: true,\n\t\t\t\t\tscrollwheel: false,\n\t\t\t\t\tdraggable: isDraggable,\n\t\t\t\t\tzoomControlOptions: {\n\t\t\t\t\t\tposition: google.maps.ControlPosition.right_bottom\n\t\t\t\t\t},mapTypeId: google.maps.MapTypeId.roadmap,};var map_map_6a095076667db = new google.maps.Map(document.getElementById('map_6a095076667db'),mapOptions);\n\t\t\t\t\t\tvar x = 'infowindow_open_value';\n\t\t\t\t\t\tvar marker_map_6a095076667db = new google.maps.Marker({\n\t\t\t\t\t\tposition: new google.maps.LatLng('29.736857', '-95.597719'),\n\t\t\t\t\t\tanimation:  google.maps.Animation.DROP,\n\t\t\t\t\t\tmap: map_map_6a095076667db,\n\t\t\t\t\t\ticon: ''\n\t\t\t\t\t});\tgoogle.maps.event.addListener(marker_map_6a095076667db, 'click', toggleBounce);var infowindow = new google.maps.InfoWindow();\n\t\t\t\t\t\t\tinfowindow.setContent('<div class=\"map_info_text\" style=\\'color:#000;\\'><img loading=\"lazy\" decoding=\"async\" class=\"alignnone wp-image-4478 \" src=\"https:\/\/tara.amyshouston.com\/spio\/ret_img,q_cdnize,to_avif,s_avif\/www.amyshouston.com\/wp-content\/uploads\/2018\/09\/profile-picture-300x203.jpg\" alt=\"\" width=\"142\" height=\"96\" srcset=\"https:\/\/tara.amyshouston.com\/spio\/ret_img,q_cdnize,to_avif,s_avif\/www.amyshouston.com\/wp-content\/uploads\/2018\/09\/profile-picture-300x203.jpg.webp 300w, https:\/\/tara.amyshouston.com\/spio\/ret_img,q_cdnize,to_avif,s_avif\/www.amyshouston.com\/wp-content\/uploads\/2018\/09\/profile-picture-600x405.jpg.webp 600w, https:\/\/tara.amyshouston.com\/spio\/ret_img,q_cdnize,to_avif,s_avif\/www.amyshouston.com\/wp-content\/uploads\/2018\/09\/profile-picture.jpg.webp 640w\" sizes=\"auto, (max-width: 142px) 100vw, 142px\" \/><\/p> <p><strong><a href=\"https:\/\/www.google.com\/maps\/dir\/\/amys+skincare\/data=!4m6!4m5!1m1!4e2!1m2!1m1!1s0x8640dc5ee9ea7a4f:0x4317455662a43608?sa=X&amp;ved=2ahUKEwj0gMKxg83dAhWXn4MKHTdNCOgQ9RcwDHoECAQQEw\" target=\"_blank\" rel=\"noopener noreferrer\">Get Direction to Spa<\/a><\/strong><\/div>');google.maps.event.addListener(marker_map_6a095076667db, 'click', function() {\n\t\t\t\t\t\t\t\tinfowindow.open(map_map_6a095076667db,marker_map_6a095076667db);\n\t\t\t\t\t\t  \t});}\n\t\t\tcatch(e){};\n\t\t\tjQuery(document).ready(function($){\n\t\t\t\tgoogle.maps.event.trigger(map_map_6a095076667db, 'resize');\n\t\t\t\t$(window).on('resize', function(){\n\t\t\t\t\tgoogle.maps.event.trigger(map_map_6a095076667db, 'resize');\n\t\t\t\t\tif(map_map_6a095076667db!=null)\n\t\t\t\t\t\tmap_map_6a095076667db.setCenter(coordinate_map_6a095076667db);\n\t\t\t\t});\n\t\t\t\t$('.ui-tabs').on('tabsactivate', function(event, ui) {\n\t\t\t\t   if($(this).find('.ultimate-map-wrapper').length > 0)\n\t\t\t\t\t{\n\t\t\t\t\t\tsetTimeout(function(){\n\t\t\t\t\t\t\t$(window).trigger('resize');\n\t\t\t\t\t\t},200);\n\t\t\t\t\t}\n\t\t\t\t});\n\t\t\t\t$('.ui-accordion').on('accordionactivate', function(event, ui) {\n\t\t\t\t   if($(this).find('.ultimate-map-wrapper').length > 0)\n\t\t\t\t\t{\n\t\t\t\t\t\tsetTimeout(function(){\n\t\t\t\t\t\t\t$(window).trigger('resize');\n\t\t\t\t\t\t},200);\n\t\t\t\t\t}\n\t\t\t\t});\n\t\t\t\t$(window).on('load',function(){\n\t\t\t\t\tsetTimeout(function(){\n\t\t\t\t\t\t$(window).trigger('resize');\n\t\t\t\t\t},200);\n\t\t\t\t});\n\t\t\t\t$('.ult_exp_section').on('select', function(){\n\t\t\t\t\tif($(map_map_6a095076667db).parents('.ult_exp_section'))\n\t\t\t\t\t{\n\t\t\t\t\t\tsetTimeout(function(){\n\t\t\t\t\t\t\t$(window).trigger('resize');\n\t\t\t\t\t\t},200);\n\t\t\t\t\t}\n\t\t\t\t});\n\t\t\t\t$(document).on('onUVCModalPopupOpen', function(){\n\t\t\t\t\tif($(map_map_6a095076667db).parents('.ult_modal-content'))\n\t\t\t\t\t{\n\t\t\t\t\t\tsetTimeout(function(){\n\t\t\t\t\t\t\t$(window).trigger('resize');\n\t\t\t\t\t\t},200);\n\t\t\t\t\t}\n\t\t\t\t});\n\t\t\t\t$(document).on('click','.ult_tab_li',function(){\n\t\t\t\t\t$(window).trigger('resize');\n\t\t\t\t\tsetTimeout(function(){\n\t\t\t\t\t\t$(window).trigger('resize');\n\t\t\t\t\t},200);\n\t\t\t\t});\n\t\t\t});\n\t\t\tfunction toggleBounce() {\n\t\t\t  if (marker_map_6a095076667db.getAnimation() != null) {\n\t\t\t\tmarker_map_6a095076667db.setAnimation(null);\n\t\t\t  } else {\n\t\t\t\tmarker_map_6a095076667db.setAnimation(google.maps.Animation.BOUNCE);\n\t\t\t  }\n\t\t\t}\n\t\t\t})(jQuery);\n\t\t\t<\/script>\n\t<div class=\"wpb_text_column wpb_content_element\" >\n\t\t<div class=\"wpb_wrapper\">\n\t\t\t<p style=\"text-align: center;\"><span style=\"color: #fec33a;\">Nuestro spa est\u00e1 situado en el distrito de Westchase, en la intersecci\u00f3n de Westheimer Road y Shadowbriar Drive.<\/span><\/p>\n\n\t\t<\/div>\n\t<\/div>\n<\/div><\/div><\/div><\/div><div class=\"vc_row-full-width vc_clearfix\"><\/div><div class=\"vc_row wpb_row vc_row-fluid vc_custom_1659668585653 vc_row-o-content-top vc_row-flex\"><div class=\"wpb_column vc_column_container vc_col-sm-4\"><div class=\"vc_column-inner\"><div class=\"wpb_wrapper\"><div class=\"aio-icon-component   accent-icon-bg style_1\"><div id=\"Info-box-wrap-6581\" class=\"aio-icon-box left-icon\" style=\"\"  ><div class=\"aio-icon-left\"><div class=\"ult-just-icon-wrapper\"><div class=\"align-icon\" style=\"text-align:center;\">\n<div class=\"aio-icon circle\"  style=\"color:#ffffff;background:#ffffff;font-size:16px;display:inline-block;\">\n\t<i class=\"icomoon-icomoonfree-16x16-home3\"><\/i>\n<\/div><\/div><\/div><\/div><div class=\"aio-ibd-block\"><div class=\"aio-icon-header\" ><h3 class=\"aio-icon-title ult-responsive\"  data-ultimate-target='#Info-box-wrap-6581 .aio-icon-title'  data-responsive-json-new='{\"font-size\":\"desktop:20px;\",\"line-height\":\"desktop:30px;\"}'  style=\"\">Direcci\u00f3n<\/h3><\/div> <!-- header --><div class=\"aio-icon-description ult-responsive\"  data-ultimate-target='#Info-box-wrap-6581 .aio-icon-description'  data-responsive-json-new='{\"font-size\":\"\",\"line-height\":\"\"}'  style=\"\">12280 Westheimer Rd.<br \/>\nSTE 200B<br \/>\nHouston, TX 77077<\/div> <!-- description --><\/div> <!-- aio-ibd-block --><\/div> <!-- aio-icon-box --><\/div> <!-- aio-icon-component --><div class=\"aio-icon-component   accent-icon-bg style_1\"><div id=\"Info-box-wrap-1057\" class=\"aio-icon-box left-icon\" style=\"\"  ><div class=\"aio-icon-left\"><div class=\"ult-just-icon-wrapper\"><div class=\"align-icon\" style=\"text-align:center;\">\n<div class=\"aio-icon circle\"  style=\"color:#ffffff;background:#ffffff;font-size:16px;display:inline-block;\">\n\t<i class=\"icomoon-icomoonfree-16x16-location\"><\/i>\n<\/div><\/div><\/div><\/div><div class=\"aio-ibd-block\"><div class=\"aio-icon-header\" ><h3 class=\"aio-icon-title ult-responsive\"  data-ultimate-target='#Info-box-wrap-1057 .aio-icon-title'  data-responsive-json-new='{\"font-size\":\"desktop:20px;\",\"line-height\":\"desktop:30px;\"}'  style=\"\">Aparcamiento<\/h3><\/div> <!-- header --><div class=\"aio-icon-description ult-responsive\"  data-ultimate-target='#Info-box-wrap-1057 .aio-icon-description'  data-responsive-json-new='{\"font-size\":\"\",\"line-height\":\"\"}'  style=\"\">Aparcamiento reservado<\/div> <!-- description --><\/div> <!-- aio-ibd-block --><\/div> <!-- aio-icon-box --><\/div> <!-- aio-icon-component --><\/div><\/div><\/div><div class=\"wpb_column vc_column_container vc_col-sm-4\"><div class=\"vc_column-inner\"><div class=\"wpb_wrapper\"><div class=\"aio-icon-component  vc_custom_1659674457538  accent-icon-bg style_1\"><div id=\"Info-box-wrap-4655\" class=\"aio-icon-box left-icon\" style=\"\"  ><div class=\"aio-icon-left\"><div class=\"ult-just-icon-wrapper\"><div class=\"align-icon\" style=\"text-align:center;\">\n<div class=\"aio-icon circle\"  style=\"color:#ffffff;background:#ffffff;font-size:16px;display:inline-block;\">\n\t<i class=\"icomoon-icomoonfree-16x16-mobile\"><\/i>\n<\/div><\/div><\/div><\/div><div class=\"aio-ibd-block\"><div class=\"aio-icon-header\" ><h3 class=\"aio-icon-title ult-responsive\"  data-ultimate-target='#Info-box-wrap-4655 .aio-icon-title'  data-responsive-json-new='{\"font-size\":\"desktop:20px;\",\"line-height\":\"desktop:30px;\"}'  style=\"\">Cita previa por tel\u00e9fono<\/h3><\/div> <!-- header --><div class=\"aio-icon-description ult-responsive\"  data-ultimate-target='#Info-box-wrap-4655 .aio-icon-description'  data-responsive-json-new='{\"font-size\":\"\",\"line-height\":\"\"}'  style=\"\"><\/p>\n<h1><a href=\"tel:+12815891888\">281-589-1888<\/a><\/h1>\n<p><\/div> <!-- description --><\/div> <!-- aio-ibd-block --><\/div> <!-- aio-icon-box --><\/div> <!-- aio-icon-component --><div class=\"aio-icon-component   accent-icon-bg style_1\"><div id=\"Info-box-wrap-2337\" class=\"aio-icon-box left-icon\" style=\"\"  ><div class=\"aio-icon-left\"><div class=\"ult-just-icon-wrapper\"><div class=\"align-icon\" style=\"text-align:center;\">\n<div class=\"aio-icon circle\"  style=\"color:#ffffff;background:#ffffff;font-size:16px;display:inline-block;\">\n\t<i class=\"icomoon-icomoonfree-16x16-envelop\"><\/i>\n<\/div><\/div><\/div><\/div><div class=\"aio-ibd-block\"><div class=\"aio-icon-header\" ><h3 class=\"aio-icon-title ult-responsive\"  data-ultimate-target='#Info-box-wrap-2337 .aio-icon-title'  data-responsive-json-new='{\"font-size\":\"desktop:20px;\",\"line-height\":\"desktop:30px;\"}'  style=\"\">Correo electr\u00f3nico<\/h3><\/div> <!-- header --><div class=\"aio-icon-description ult-responsive\"  data-ultimate-target='#Info-box-wrap-2337 .aio-icon-description'  data-responsive-json-new='{\"font-size\":\"\",\"line-height\":\"\"}'  style=\"\">support@amyshouston.com<\/div> <!-- description --><\/div> <!-- aio-ibd-block --><\/div> <!-- aio-icon-box --><\/div> <!-- aio-icon-component --><\/div><\/div><\/div><div class=\"wpb_column vc_column_container vc_col-sm-4\"><div class=\"vc_column-inner\"><div class=\"wpb_wrapper\"><div class=\"aio-icon-component   accent-icon-bg style_1\"><div id=\"Info-box-wrap-6532\" class=\"aio-icon-box left-icon\" style=\"\"  ><div class=\"aio-icon-left\"><div class=\"ult-just-icon-wrapper\"><div class=\"align-icon\" style=\"text-align:center;\">\n<div class=\"aio-icon circle\"  style=\"color:#ffffff;background:#ffffff;font-size:16px;display:inline-block;\">\n\t<i class=\"icomoon-icomoonfree-16x16-clock\"><\/i>\n<\/div><\/div><\/div><\/div><div class=\"aio-ibd-block\"><div class=\"aio-icon-header\" ><h3 class=\"aio-icon-title ult-responsive\"  data-ultimate-target='#Info-box-wrap-6532 .aio-icon-title'  data-responsive-json-new='{\"font-size\":\"desktop:20px;\",\"line-height\":\"desktop:30px;\"}'  style=\"\">Horario comercial<\/h3><\/div> <!-- header --><div class=\"aio-icon-description ult-responsive\"  data-ultimate-target='#Info-box-wrap-6532 .aio-icon-description'  data-responsive-json-new='{\"font-size\":\"\",\"line-height\":\"\"}'  style=\"\">Lunes <span style=\"color: #aaaaaa;\">.................<\/span> 10.00 - 18.00 h<br \/>\nMartes <span style=\"color: #aaaaaa;\">................<\/span> 10.00 - 18.00 h<br \/>\nMi\u00e9rcoles <span style=\"color: #aaaaaa;\">.............<\/span>12 h - 18 h<br \/>\nJueves <span style=\"color: #aaaaaa;\">................<\/span>22.00 h - 18.00 h<br \/>\nViernes <span style=\"color: #aaaaaa;\">.....................<\/span>10.00 - 18.00 h<br \/>\nS\u00e1bado<span style=\"color: #aaaaaa;\">...................<\/span>10.00 - 18.00 h<br \/>\nDomingo<span style=\"color: #aaaaaa;\">....................<\/span>Cerrado<\/div> <!-- description --><\/div> <!-- aio-ibd-block --><\/div> <!-- aio-icon-box --><\/div> <!-- aio-icon-component --><\/div><\/div><\/div><div class=\"wpb_column vc_column_container vc_col-sm-12\"><div class=\"vc_column-inner\"><div class=\"wpb_wrapper\"><div class=\"vc_separator wpb_content_element vc_separator_align_center vc_sep_width_100 vc_sep_pos_align_center vc_separator_no_text vc_sep_color_grey wpb_content_element  wpb_content_element\" ><span class=\"vc_sep_holder vc_sep_holder_l\"><span class=\"vc_sep_line\"><\/span><\/span><span class=\"vc_sep_holder vc_sep_holder_r\"><span class=\"vc_sep_line\"><\/span><\/span>\n<\/div><div class=\"aio-icon-component   accent-icon-bg style_1\"><div id=\"Info-box-wrap-8381\" class=\"aio-icon-box left-icon\" style=\"\"  ><div class=\"aio-icon-left\"><div class=\"ult-just-icon-wrapper\"><div class=\"align-icon\" style=\"text-align:center;\">\n<div class=\"aio-icon circle\"  style=\"color:#ffffff;background:#ffffff;font-size:16px;display:inline-block;\">\n\t<i class=\"icomoon-icomoonfree-16x16-calendar\"><\/i>\n<\/div><\/div><\/div><\/div><div class=\"aio-ibd-block\"><div class=\"aio-icon-header\" ><h3 class=\"aio-icon-title ult-responsive\"  data-ultimate-target='#Info-box-wrap-8381 .aio-icon-title'  data-responsive-json-new='{\"font-size\":\"desktop:20px;\",\"line-height\":\"desktop:30px;\"}'  style=\"\">Concierte una cita<\/h3><\/div> <!-- header --><\/div> <!-- aio-ibd-block --><\/div> <!-- aio-icon-box --><\/div> <!-- aio-icon-component -->\n<div class=\"wpcf7 no-js\" id=\"wpcf7-f4181-o1\" lang=\"en-US\" dir=\"ltr\" data-wpcf7-id=\"4181\">\n<div class=\"screen-reader-response\"><p role=\"status\" aria-live=\"polite\" aria-atomic=\"true\"><\/p> <ul><\/ul><\/div>\n<form action=\"\/es\/wp-json\/wp\/v2\/pages\/13#wpcf7-f4181-o1\" method=\"post\" class=\"wpcf7-form init\" aria-label=\"Formulario de contacto\" novalidate=\"novalidate\" data-status=\"init\" data-trp-original-action=\"\/es\/wp-json\/wp\/v2\/pages\/13#wpcf7-f4181-o1\">\n<fieldset class=\"hidden-fields-container\"><input type=\"hidden\" name=\"_wpcf7\" value=\"4181\" \/><input type=\"hidden\" name=\"_wpcf7_version\" value=\"6.1.5\" \/><input type=\"hidden\" name=\"_wpcf7_locale\" value=\"en_US\" \/><input type=\"hidden\" name=\"_wpcf7_unit_tag\" value=\"wpcf7-f4181-o1\" \/><input type=\"hidden\" name=\"_wpcf7_container_post\" value=\"0\" \/><input type=\"hidden\" name=\"_wpcf7_posted_data_hash\" value=\"\" \/>\n<\/fieldset>\n<div class=\"one-third\">\n\t<p><label> Nombre completo* (Nombre, apellidos)<br \/>\n<\/label><br \/>\n<span class=\"wpcf7-form-control-wrap\" data-name=\"your-name\"><input size=\"40\" maxlength=\"400\" class=\"wpcf7-form-control wpcf7-text wpcf7-validates-as-required\" aria-required=\"true\" aria-invalid=\"false\" value=\"\" type=\"text\" name=\"your-name\" \/><\/span>\n\t<\/p>\n<\/div>\n<div class=\"one-third\">\n\t<p><label> N\u00famero de tel\u00e9fono<br \/>\n<\/label><br \/>\n<span class=\"wpcf7-form-control-wrap\" data-name=\"tel-num\"><input size=\"40\" maxlength=\"400\" class=\"wpcf7-form-control wpcf7-tel wpcf7-validates-as-required wpcf7-text wpcf7-validates-as-tel\" aria-required=\"true\" aria-invalid=\"false\" value=\"\" type=\"tel\" name=\"tel-num\" \/><\/span>\n\t<\/p>\n<\/div>\n<div class=\"one-third last\">\n\t<p><label> Su correo electr\u00f3nico<br \/>\n<\/label><br \/>\n<span class=\"wpcf7-form-control-wrap\" data-name=\"your-email\"><input size=\"40\" maxlength=\"400\" class=\"wpcf7-form-control wpcf7-email wpcf7-validates-as-required wpcf7-text wpcf7-validates-as-email\" aria-required=\"true\" aria-invalid=\"false\" value=\"\" type=\"email\" name=\"your-email\" \/><\/span>\n\t<\/p>\n<\/div>\n<div class=\"one-third\">\n\t<p><label> G\u00e9nero <\/label><br \/>\n<span class=\"wpcf7-form-control-wrap\" data-name=\"Gender\"><select class=\"wpcf7-form-control wpcf7-select\" aria-invalid=\"false\" name=\"Gender\"><option value=\"Please Select\" selected=\"selected\">Seleccione una opci\u00f3n<\/option><option value=\"Male\">Hombre<\/option><option value=\"Female\">Mujer<\/option><\/select><\/span>\n\t<\/p>\n<\/div>\n<div class=\"one-third\">\n\t<p><label> Fecha\/hora de cita preferida*. <\/label><br \/>\n<span class=\"wpcf7-form-control-wrap datetime-888\"><input size=\"40\" class=\"wpcf7-form-control wpcf7-datetime wpcf7-validates-as-required wpcf7-date\" type=\"text\" aria-required=\"true\" value=\"\" name=\"datetime-888\" \/> <\/span>\n\t<\/p>\n<\/div>\n<div class=\"one-third last\">\n\t<p><label> \u00bfC\u00f3mo podemos ponernos en contacto con usted? <\/label><br \/>\n<span class=\"wpcf7-form-control-wrap\" data-name=\"contact-method\"><select class=\"wpcf7-form-control wpcf7-select wpcf7-validates-as-required\" aria-required=\"true\" aria-invalid=\"false\" name=\"contact-method\"><option value=\"Phone\">Tel\u00e9fono<\/option><option value=\"Text Message\">Mensaje de texto<\/option><option value=\"Email\">Correo electr\u00f3nico<\/option><\/select><\/span>\n\t<\/p>\n<\/div>\n<p><label> \u00bfQu\u00e9 servicio le interesa o desea programar?<\/label><br \/>\n<span class=\"wpcf7-form-control-wrap\" data-name=\"select-service\"><select class=\"wpcf7-form-control wpcf7-select wpcf7-validates-as-required\" aria-required=\"true\" aria-invalid=\"false\" name=\"select-service\"><option value=\"Please Select\">Seleccione una opci\u00f3n<\/option><option value=\"Visia Skin Complexion Analysis\">An\u00e1lisis Visia de la tez<\/option><option value=\"Green Peel\">C\u00e1scara verde<\/option><option value=\"Acne Treatment\">Tratamiento del acn\u00e9<\/option><option value=\"Facial Treatments\">Tratamientos faciales<\/option><option value=\"Clinical Peeling Treatments\">Tratamientos cl\u00ednicos de peeling<\/option><option value=\"Epidermal Leveling \/ Dermaplaning\">Nivelaci\u00f3n epid\u00e9rmica \/ Dermaplaning<\/option><option value=\"Microdermabrasion\">Microdermoabrasi\u00f3n<\/option><option value=\"Non-Surgical Facelift\">Lifting facial no quir\u00fargico<\/option><option value=\"Electrolysis\">Electr\u00f3lisis<\/option><option value=\"Ulthrerapy\">Ultraterapia<\/option><option value=\"Gentle Laser Hair Removal\">Depilaci\u00f3n l\u00e1ser suave<\/option><option value=\"Venus Legacy Body Contouring\">Venus Legacy Contorno Corporal<\/option><option value=\"Skin Tag Removal\">Eliminaci\u00f3n de marcas en la piel<\/option><option value=\"Waxing, Tweezing, and Tinting\">Depilaci\u00f3n con cera, pinzas y tinte<\/option><option value=\"Capillary and Lesion Removal\">Eliminaci\u00f3n de capilares y lesiones<\/option><option value=\"Cellulite Reduction\">Reducci\u00f3n de la celulitis<\/option><option value=\"Permanent Makeup\">Maquillaje permanente<\/option><\/select><\/span>\n<\/p>\n<p><span class=\"wpcf7-form-control-wrap\" data-name=\"Add-Message\"><textarea cols=\"4\" rows=\"4\" maxlength=\"2000\" class=\"wpcf7-form-control wpcf7-textarea wpcf7-validates-as-required\" aria-required=\"true\" aria-invalid=\"false\" placeholder=\"\u00bfHay algo que le gustar\u00eda que supi\u00e9ramos en relaci\u00f3n con esta cita o consulta?\" name=\"Add-Message\"><\/textarea><\/span>\n<\/p>\n<p><label>\u00bfC\u00f3mo nos conoci\u00f3?<\/label><br \/>\n<span class=\"wpcf7-form-control-wrap\" data-name=\"radio-403\"><span class=\"wpcf7-form-control wpcf7-radio\"><span class=\"wpcf7-list-item first\"><input type=\"radio\" name=\"radio-403\" value=\"Google\" checked=\"checked\" \/><span class=\"wpcf7-list-item-label\">Google<\/span><\/span><span class=\"wpcf7-list-item\"><input type=\"radio\" name=\"radio-403\" value=\"Yahoo\" \/><span class=\"wpcf7-list-item-label\">Yahoo<\/span><\/span><span class=\"wpcf7-list-item\"><input type=\"radio\" name=\"radio-403\" value=\"Facebook\" \/><span class=\"wpcf7-list-item-label\">Facebook<\/span><\/span><span class=\"wpcf7-list-item\"><input type=\"radio\" name=\"radio-403\" value=\"Bing\" \/><span class=\"wpcf7-list-item-label\">Bing<\/span><\/span><span class=\"wpcf7-list-item last\"><input type=\"radio\" name=\"radio-403\" value=\"Yelp\" \/><span class=\"wpcf7-list-item-label\">Yelp<\/span><\/span><\/span><\/span>\n<\/p>\n<p><input class=\"wpcf7-form-control wpcf7-submit has-spinner\" type=\"submit\" value=\"Solicitar cita\" \/>\n<\/p><div class=\"wpcf7-response-output\" aria-hidden=\"true\"><\/div>\n<input type=\"hidden\" name=\"trp-form-language\" value=\"es\"\/><\/form>\n<\/div>\n<div class=\"vc_separator wpb_content_element vc_separator_align_center vc_sep_width_100 vc_sep_pos_align_center vc_separator_no_text vc_sep_color_grey vc_custom_1526516930682 wpb_content_element  vc_custom_1526516930682 wpb_content_element\" ><span class=\"vc_sep_holder vc_sep_holder_l\"><span class=\"vc_sep_line\"><\/span><\/span><span class=\"vc_sep_holder vc_sep_holder_r\"><span class=\"vc_sep_line\"><\/span><\/span>\n<\/div><div class=\"aio-icon-component   accent-icon-bg style_1\"><div id=\"Info-box-wrap-2950\" class=\"aio-icon-box left-icon\" style=\"\"  ><div class=\"aio-icon-left\"><div class=\"ult-just-icon-wrapper\"><div class=\"align-icon\" style=\"text-align:center;\">\n<div class=\"aio-icon circle\"  style=\"color:#ffffff;background:#ffffff;font-size:16px;display:inline-block;\">\n\t<i class=\"icomoon-icomoonfree-16x16-clock\"><\/i>\n<\/div><\/div><\/div><\/div><div class=\"aio-ibd-block\"><div class=\"aio-icon-header\" ><h3 class=\"aio-icon-title ult-responsive\"  data-ultimate-target='#Info-box-wrap-2950 .aio-icon-title'  data-responsive-json-new='{\"font-size\":\"desktop:20px;\",\"line-height\":\"desktop:30px;\"}'  style=\"\">Anulaciones<\/h3><\/div> <!-- header --><div class=\"aio-icon-description ult-responsive\"  data-ultimate-target='#Info-box-wrap-2950 .aio-icon-description'  data-responsive-json-new='{\"font-size\":\"\",\"line-height\":\"\"}'  style=\"\">Los tratamientos programados se reservan especialmente para usted. Requerimos un aviso previo de 24 horas para cancelar cualquier servicio sin cargo alguno. Si su cita no se cancela dentro de este plazo de notificaci\u00f3n, su cita se considera confirmada. Los cambios o cancelaciones realizados despu\u00e9s del plazo de 24 horas est\u00e1n sujetos a un cargo por cada servicio. Para cumplir esta pol\u00edtica, se requiere un n\u00famero de tarjeta de cr\u00e9dito v\u00e1lido en el momento de confirmar la reserva. Esta pol\u00edtica tambi\u00e9n se aplica a los titulares de tarjetas regalo y certificados.<\/div> <!-- description --><\/div> <!-- aio-ibd-block --><\/div> <!-- aio-icon-box --><\/div> <!-- aio-icon-component --><\/div><\/div><\/div><\/div>\n<\/div>","protected":false},"excerpt":{"rendered":"<p>Nuestro spa est\u00e1 situado en el distrito de Westchase, en la intersecci\u00f3n de Westheimer Road y Shadowbriar Drive. Direcci\u00f3n 12280 Westheimer Rd. STE 200B Houston, TX 77077 Aparcamiento Aparcamiento reservado Cita previa Tel\u00e9fono 281-589-1888 Correo electr\u00f3nico support@amyshouston.com Horario de atenci\u00f3n Lunes ................. 10 am - 6 pm Martes ................ 10 am - 6 pm Mi\u00e9rcoles .............12 pm -...<\/p>","protected":false},"author":1,"featured_media":0,"parent":0,"menu_order":20,"comment_status":"closed","ping_status":"closed","template":"","meta":{"footnotes":""},"class_list":["post-13","page","type-page","status-publish","hentry","description-off"],"_links":{"self":[{"href":"https:\/\/www.amyshouston.com\/es\/wp-json\/wp\/v2\/pages\/13","targetHints":{"allow":["GET"]}}],"collection":[{"href":"https:\/\/www.amyshouston.com\/es\/wp-json\/wp\/v2\/pages"}],"about":[{"href":"https:\/\/www.amyshouston.com\/es\/wp-json\/wp\/v2\/types\/page"}],"author":[{"embeddable":true,"href":"https:\/\/www.amyshouston.com\/es\/wp-json\/wp\/v2\/users\/1"}],"replies":[{"embeddable":true,"href":"https:\/\/www.amyshouston.com\/es\/wp-json\/wp\/v2\/comments?post=13"}],"version-history":[{"count":6,"href":"https:\/\/www.amyshouston.com\/es\/wp-json\/wp\/v2\/pages\/13\/revisions"}],"predecessor-version":[{"id":277904,"href":"https:\/\/www.amyshouston.com\/es\/wp-json\/wp\/v2\/pages\/13\/revisions\/277904"}],"wp:attachment":[{"href":"https:\/\/www.amyshouston.com\/es\/wp-json\/wp\/v2\/media?parent=13"}],"curies":[{"name":"wp","href":"https:\/\/api.w.org\/{rel}","templated":true}]}}