{"id":115907,"date":"2021-01-13T00:38:58","date_gmt":"2021-01-13T06:38:58","guid":{"rendered":"https:\/\/www.amyshouston.com\/?page_id=115907"},"modified":"2021-01-13T00:43:22","modified_gmt":"2021-01-13T06:43:22","slug":"hidrafacial-md","status":"publish","type":"page","link":"https:\/\/www.amyshouston.com\/es\/hidrafacial-md\/","title":{"rendered":"Hidrafacial Md"},"content":{"rendered":"<div class=\"wpb-content-wrapper\"><div class=\"vc_row wpb_row vc_row-fluid dt-default\" style=\"margin-top: 0px;margin-bottom: 0px\"><div class=\"wpb_column vc_column_container vc_col-sm-12\"><div class=\"vc_column-inner\"><div class=\"wpb_wrapper\">\n\t<div class=\"wpb_video_widget wpb_content_element vc_clearfix   vc_video-aspect-ratio-169 vc_video-el-width-100 vc_video-align-center\" >\n\t\t<div class=\"wpb_wrapper\">\n\t\t\t\n\t\t\t<div class=\"wpb_video_wrapper\"><iframe loading=\"lazy\" title=\"HydraFacial\u00ae - La mejor piel de su vida\" width=\"500\" height=\"281\" src=\"https:\/\/www.youtube.com\/embed\/J-gDHTo4QqU?feature=oembed\" frameborder=\"0\" allow=\"accelerometer; autoplay; clipboard-write; encrypted-media; gyroscope; picture-in-picture; web-share\" referrerpolicy=\"strict-origin-when-cross-origin\" allowfullscreen><\/iframe><\/div>\n\t\t<\/div>\n\t<\/div>\n<div class=\"dt-fancy-separator h2-size\" style=\"width: 100%;\"><div class=\"dt-fancy-title\"><span class=\"separator-holder separator-left\"><\/span>\u00bfQu\u00e9 es HydraFacial?<span class=\"separator-holder separator-right\"><\/span><\/div><\/div>\n\t<div class=\"wpb_text_column wpb_content_element\" >\n\t\t<div class=\"wpb_wrapper\">\n\t\t\t<p>HydraFacial es un tratamiento tonificante que puede administrarse en tan s\u00f3lo 30 minutos. Proporciona una piel sana a largo plazo y puede adaptarse a las necesidades espec\u00edficas de todos los tipos de piel. Ofrece resultados notables al instante, sin tiempo de inactividad ni irritaci\u00f3n. El tratamiento HydraFacial elimina las c\u00e9lulas muertas de la piel y extrae las impurezas al tiempo que ba\u00f1a la piel nueva con sueros limpiadores, hidratantes y humectantes. El tratamiento es calmante, refrescante, no irritante y de eficacia inmediata.<\/p>\n\n\t\t<\/div>\n\t<\/div>\n<div class=\"dt-fancy-separator h2-size\" style=\"width: 100%;\"><div class=\"dt-fancy-title\"><span class=\"separator-holder separator-left\"><\/span>\u00bfPor qu\u00e9 HydraFacial es bueno para mi piel?<span class=\"separator-holder separator-right\"><\/span><\/div><\/div>\n\t<div class=\"wpb_text_column wpb_content_element\" >\n\t\t<div class=\"wpb_wrapper\">\n\t\t\t<p>No tenemos un tipo. HydraFacial aborda todas las necesidades de cuidado de la piel La hidrataci\u00f3n es la base de una piel sana y radiante. Se ha demostrado que la irritaci\u00f3n de la piel aumenta los signos de envejecimiento. HydraFacial es un tratamiento hidratante y no irritante.<\/p>\n\n\t\t<\/div>\n\t<\/div>\n<div class=\"dt-fancy-separator h2-size\" style=\"width: 100%;\"><div class=\"dt-fancy-title\"><span class=\"separator-holder separator-left\"><\/span>y PERK...Cleanse With Benefits``<span class=\"separator-holder separator-right\"><\/span><\/div><\/div>\n\t<div class=\"wpb_text_column wpb_content_element\" >\n\t\t<div class=\"wpb_wrapper\">\n\t\t\t<p>Tanto si te apetece potenciar los labios, rellenar el contorno de los ojos o darle a tu rostro ese brillo instant\u00e1neo, Perk te da la libertad de mezclar y combinar opciones de servicio. Un tratamiento Perk es r\u00e1pido, refrescante, no irrita y es muy eficaz. \u00bfY lo mejor? Te llevas a casa el vial lleno de antioxidantes utilizado durante cada servicio para mejorar tu rutina de cuidado de la piel y prolongar los beneficios nutritivos hasta 30 d\u00edas.<\/p>\n\n\t\t<\/div>\n\t<\/div>\n<div class=\"dt-fancy-separator h2-size\" style=\"width: 100%;\"><div class=\"dt-fancy-title\"><span class=\"separator-holder separator-left\"><\/span>HydraFacial responde a todas las necesidades de cuidado de la piel<span class=\"separator-holder separator-right\"><\/span><\/div><\/div>\n\t<div class=\"wpb_text_column wpb_content_element\" >\n\t\t<div class=\"wpb_wrapper\">\n\t\t\t<p style=\"text-align: center;\"><strong>L\u00edneas finas + Arrugas<\/strong><br \/>\n<strong>Elasticidad + Firmeza<\/strong><br \/>\n<strong>Tono uniforme + vitalidad<\/strong><br \/>\n<strong>Textura de la piel<\/strong><br \/>\n<strong>Manchas marrones<\/strong><br \/>\n<strong>Piel Grasa + Congestionada<\/strong><br \/>\n<strong>Poros dilatados<\/strong><\/p>\n\n\t\t<\/div>\n\t<\/div>\n<div class=\"dt-fancy-separator h2-size\" style=\"width: 100%;\"><div class=\"dt-fancy-title\"><span class=\"separator-holder separator-left\"><\/span>HydraFacial responde a todas las necesidades de cuidado de la piel<span class=\"separator-holder separator-right\"><\/span><\/div><\/div>\n\t<div class=\"wpb_text_column wpb_content_element\" >\n\t\t<div class=\"wpb_wrapper\">\n\t\t\t<p style=\"text-align: center;\"><strong>Firma HydraFacial MD<\/strong><\/p>\n<p style=\"text-align: center;\"><strong>150+<\/strong><\/p>\n<p style=\"text-align: center;\"><strong>HidraFacial deluxe MD<\/strong><br \/>\n<strong>255+<\/strong><\/p>\n\n\t\t<\/div>\n\t<\/div>\n<\/div><\/div><\/div><\/div><div class=\"vc_row wpb_row vc_row-fluid dt-default\" style=\"margin-top: 0px;margin-bottom: 0px\"><div class=\"wpb_column vc_column_container vc_col-sm-12\"><div class=\"vc_column-inner\"><div class=\"wpb_wrapper\"><\/div><\/div><\/div><\/div>\n<\/div>","protected":false},"excerpt":{"rendered":"<p>\u00bfQu\u00e9 es HydraFacial? HydraFacial es un tratamiento tonificante que puede administrarse en tan s\u00f3lo 30 minutos. Proporciona una piel sana a largo plazo y puede adaptarse a las necesidades espec\u00edficas de todos los tipos de piel. Ofrece resultados inmediatos y visibles sin tiempo de inactividad ni irritaci\u00f3n. El tratamiento HydraFacial elimina las c\u00e9lulas muertas de la piel y extrae...<\/p>","protected":false},"author":1,"featured_media":0,"parent":0,"menu_order":6,"comment_status":"closed","ping_status":"closed","template":"","meta":{"footnotes":""},"class_list":["post-115907","page","type-page","status-publish","hentry","description-off"],"_links":{"self":[{"href":"https:\/\/www.amyshouston.com\/es\/wp-json\/wp\/v2\/pages\/115907","targetHints":{"allow":["GET"]}}],"collection":[{"href":"https:\/\/www.amyshouston.com\/es\/wp-json\/wp\/v2\/pages"}],"about":[{"href":"https:\/\/www.amyshouston.com\/es\/wp-json\/wp\/v2\/types\/page"}],"author":[{"embeddable":true,"href":"https:\/\/www.amyshouston.com\/es\/wp-json\/wp\/v2\/users\/1"}],"replies":[{"embeddable":true,"href":"https:\/\/www.amyshouston.com\/es\/wp-json\/wp\/v2\/comments?post=115907"}],"version-history":[{"count":0,"href":"https:\/\/www.amyshouston.com\/es\/wp-json\/wp\/v2\/pages\/115907\/revisions"}],"wp:attachment":[{"href":"https:\/\/www.amyshouston.com\/es\/wp-json\/wp\/v2\/media?parent=115907"}],"curies":[{"name":"wp","href":"https:\/\/api.w.org\/{rel}","templated":true}]}}