{"id":115897,"date":"2021-01-13T00:29:42","date_gmt":"2021-01-13T06:29:42","guid":{"rendered":"https:\/\/www.amyshouston.com\/?page_id=115897"},"modified":"2021-01-13T00:30:25","modified_gmt":"2021-01-13T06:30:25","slug":"trusculpt-id","status":"publish","type":"page","link":"https:\/\/www.amyshouston.com\/es\/trusculpt-id\/","title":{"rendered":"truSculpt iD"},"content":{"rendered":"<div class=\"wpb-content-wrapper\"><div class=\"vc_row wpb_row vc_row-fluid dt-default\" style=\"margin-top: 0px;margin-bottom: 0px\"><div class=\"wpb_column vc_column_container vc_col-sm-12\"><div class=\"vc_column-inner\"><div class=\"wpb_wrapper\"><div id=\"ultimate-heading-75026a0942128bdfb\" class=\"uvc-heading ult-adjust-bottom-margin ultimate-heading-75026a0942128bdfb uvc-4422  uvc-heading-default-font-sizes\" data-hspacer=\"no_spacer\"  data-halign=\"center\" style=\"text-align:center\"><div class=\"uvc-heading-spacer no_spacer\" style=\"top\"><\/div><div class=\"uvc-main-heading ult-responsive\"  data-ultimate-target='.uvc-heading.ultimate-heading-75026a0942128bdfb h2'  data-responsive-json-new='{\"font-size\":\"\",\"line-height\":\"\"}' ><h2 style=\"--font-weight:theme;\">TruSculpt iD<\/h2><\/div><div class=\"uvc-sub-heading ult-responsive\"  data-ultimate-target='.uvc-heading.ultimate-heading-75026a0942128bdfb .uvc-sub-heading '  data-responsive-json-new='{\"font-size\":\"\",\"line-height\":\"\"}'  style=\"font-weight:normal;\">Escultura corporal personalizada<\/p>\n<p>La pr\u00f3xima evoluci\u00f3n<\/div><\/div>\n\t<div class=\"wpb_text_column wpb_content_element\" >\n\t\t<div class=\"wpb_wrapper\">\n\t\t\t<p style=\"text-align: center;\"><strong>truSculpt iD<\/strong> le permite personalizar su cuerpo ideal con un revolucionario tratamiento no quir\u00fargico de remodelaci\u00f3n corporal.<\/p>\n<p style=\"text-align: center;\">Es c\u00f3modo, fiable y est\u00e1 cl\u00ednicamente probado para ELIMINAR PERMANENTEMENTE LAS CELULAS DE GRASA en las zonas rebeldes alrededor de su abdomen y disminuir la circunferencia en sus flancos.<\/p>\n<p style=\"text-align: center;\">Todo esto se puede conseguir en tan s\u00f3lo un tratamiento de 15 minutos. Con truSculpt iD, puede conseguir la definici\u00f3n corporal que desea, incluso en zonas que se han resistido a la dieta y el ejercicio.<\/p>\n<p style=\"text-align: center;\">R\u00e1pido en tan s\u00f3lo 15 minutos<br \/>\nSin cirug\u00eda ni agujas<br \/>\nSin tiempos de inactividad<br \/>\nResultados cl\u00ednicamente probados<br \/>\nC\u00f3modo, seguro y eficaz<br \/>\n\u00daltima tecnolog\u00eda disponible<\/p>\n<p style=\"text-align: center;\"><strong>$500 Por aplicador<\/strong><br \/>\n<strong>Compre 5 y ll\u00e9vese 1 gratis<\/strong><br \/>\n<strong>$2,500<\/strong><\/p>\n<div class=\"yj6qo\" style=\"text-align: center;\"><\/div>\n\n\t\t<\/div>\n\t<\/div>\n<\/div><\/div><\/div><\/div>\n<\/div>","protected":false},"excerpt":{"rendered":"<p>TruSculpt iDPersonalized Body Sculpting The Next Evolution truSculpt iD le permite personalizar su cuerpo ideal con un revolucionario tratamiento no quir\u00fargico de escultura corporal. Es c\u00f3modo, fiable y est\u00e1 cl\u00ednicamente probado para ELIMINAR PERMANENTEMENTE LAS CELULAS DE GRASA en las zonas rebeldes alrededor de su abdomen y disminuir la circunferencia en los flancos. Todo esto se puede lograr en tan s\u00f3lo...<\/p>","protected":false},"author":1,"featured_media":0,"parent":0,"menu_order":5,"comment_status":"closed","ping_status":"closed","template":"","meta":{"footnotes":""},"class_list":["post-115897","page","type-page","status-publish","hentry","description-off"],"_links":{"self":[{"href":"https:\/\/www.amyshouston.com\/es\/wp-json\/wp\/v2\/pages\/115897","targetHints":{"allow":["GET"]}}],"collection":[{"href":"https:\/\/www.amyshouston.com\/es\/wp-json\/wp\/v2\/pages"}],"about":[{"href":"https:\/\/www.amyshouston.com\/es\/wp-json\/wp\/v2\/types\/page"}],"author":[{"embeddable":true,"href":"https:\/\/www.amyshouston.com\/es\/wp-json\/wp\/v2\/users\/1"}],"replies":[{"embeddable":true,"href":"https:\/\/www.amyshouston.com\/es\/wp-json\/wp\/v2\/comments?post=115897"}],"version-history":[{"count":0,"href":"https:\/\/www.amyshouston.com\/es\/wp-json\/wp\/v2\/pages\/115897\/revisions"}],"wp:attachment":[{"href":"https:\/\/www.amyshouston.com\/es\/wp-json\/wp\/v2\/media?parent=115897"}],"curies":[{"name":"wp","href":"https:\/\/api.w.org\/{rel}","templated":true}]}}